{"id":9760,"date":"2024-02-02T18:31:29","date_gmt":"2024-02-02T21:31:29","guid":{"rendered":"https:\/\/portal.unisepe.com.br\/unifia\/?page_id=9760"},"modified":"2024-02-02T18:31:29","modified_gmt":"2024-02-02T21:31:29","slug":"pos-graduacao-em-direito-municipal","status":"publish","type":"page","link":"https:\/\/portal.unisepe.com.br\/unifia\/pos-graduacao-direito-ead\/pos-graduacao-em-direito-municipal\/","title":{"rendered":"P\u00d3S GRADUA\u00c7\u00c3O EM DIREITO MUNICIPAL"},"content":{"rendered":"<p><u><strong>Aulas (AO VIVO e GRAVADAS):<\/strong><\/u><\/p>\n<p>Aulas quinzenais: Sexta-feira (19h:00 \u00e0s 22h:00) e\u00a0S\u00e1bado (08h:00 \u00e0s 12h:00).<\/p>\n<p>As aulas ser\u00e3o ao vivo com a possibilidade do aluno assistir posteriormente, tendo em conta que ficar\u00e3o\u00a0gravadas.<\/p>\n<p>Dura\u00e7\u00e3o: 12 meses<\/p>\n<p><strong>In\u00edcio das aulas: imediato<\/strong><\/p>\n<p>&nbsp;<\/p>\n<p><strong><u>Certifica\u00e7\u00e3o:<\/u><\/strong><\/p>\n<p>Centro Universit\u00e1rio Amparense \u2013 UNIFIA, mantido pela Uni\u00e3o das Institui\u00e7\u00f5es de Servi\u00e7os, Ensino e Pesquisa LTDA &#8211; UNISEPE<\/p>\n<p><a href=\"https:\/\/portal.unisepe.com.br\/unifia\/\">https:\/\/portal.unisepe.com.br\/unifia\/<\/a><\/p>\n<p><span>O Centro Universit\u00e1rio Amparense, teve sua Renova\u00e7\u00e3o de Recredenciamento como Centro Universit\u00e1rio em 2018 com 84% das notas na casa de 4 e 5 com m\u00e9dia final de 4,12 (escala m\u00e1xima de 5 pontos); sendo a publica\u00e7\u00e3o em 2019, pela\u00a0<\/span><span>Portaria 485 de 27\/02\/2019;\u00a0<\/span><span>Credenciamento EaD: Portaria 2.101 de 05\/12\/2019.<\/span><\/p>\n<p>&nbsp;<\/p>\n<p>&nbsp;<\/p>\n<p><strong><u>TCC OPCIONAL:<\/u><\/strong><\/p>\n<p>A Resolu\u00e7\u00e3o n\u00ba 01\/2018, do Conselho Nacional de Educa\u00e7\u00e3o (CNE), publicada em 06\/04\/2018, estabeleceu novas diretrizes e normas para a oferta de cursos de P\u00f3s-gradua\u00e7\u00e3o Lato Sensu. Conforme o projeto desse curso, n\u00e3o \u00e9 obrigat\u00f3ria a elabora\u00e7\u00e3o de TCC (trabalho de conclus\u00e3o de curso), ficando sob a responsabilidade do estudante avaliar a necessidade ou n\u00e3o de contratar o TCC separadamente, caso assim deseje.<\/p>\n<p>Havendo interesse na apresenta\u00e7\u00e3o do trabalho, a defesa ocorrer\u00e1 atrav\u00e9s de videoconfer\u00eancia e os procedimentos desse momento ser\u00e3o informados pela tutoria do curso.<\/p>\n<p>&nbsp;<\/p>\n<h1><a href=\"https:\/\/emdonline.com.br\/cursos\/pos\/\">Inscreva-se j\u00e1!<\/a><\/h1>\n","protected":false},"excerpt":{"rendered":"<p>Aulas (AO VIVO e GRAVADAS): Aulas quinzenais: Sexta-feira (19h:00 \u00e0s 22h:00) e\u00a0S\u00e1bado (08h:00 \u00e0s 12h:00). As aulas ser\u00e3o ao vivo com a possibilidade do aluno assistir posteriormente, tendo em conta que ficar\u00e3o\u00a0gravadas. Dura\u00e7\u00e3o: 12 meses In\u00edcio das aulas: imediato &nbsp; Certifica\u00e7\u00e3o: Centro Universit\u00e1rio Amparense \u2013 UNIFIA, mantido pela Uni\u00e3o das<\/p>\n","protected":false},"author":2,"featured_media":9761,"parent":7735,"menu_order":0,"comment_status":"closed","ping_status":"closed","template":"templates\/template-pagina_menu_vertical.php","meta":{"footnotes":""},"categories":[],"tags":[],"class_list":["post-9760","page","type-page","status-publish","has-post-thumbnail","hentry"],"_links":{"self":[{"href":"https:\/\/portal.unisepe.com.br\/unifia\/wp-json\/wp\/v2\/pages\/9760","targetHints":{"allow":["GET"]}}],"collection":[{"href":"https:\/\/portal.unisepe.com.br\/unifia\/wp-json\/wp\/v2\/pages"}],"about":[{"href":"https:\/\/portal.unisepe.com.br\/unifia\/wp-json\/wp\/v2\/types\/page"}],"author":[{"embeddable":true,"href":"https:\/\/portal.unisepe.com.br\/unifia\/wp-json\/wp\/v2\/users\/2"}],"replies":[{"embeddable":true,"href":"https:\/\/portal.unisepe.com.br\/unifia\/wp-json\/wp\/v2\/comments?post=9760"}],"version-history":[{"count":1,"href":"https:\/\/portal.unisepe.com.br\/unifia\/wp-json\/wp\/v2\/pages\/9760\/revisions"}],"predecessor-version":[{"id":9762,"href":"https:\/\/portal.unisepe.com.br\/unifia\/wp-json\/wp\/v2\/pages\/9760\/revisions\/9762"}],"up":[{"embeddable":true,"href":"https:\/\/portal.unisepe.com.br\/unifia\/wp-json\/wp\/v2\/pages\/7735"}],"wp:featuredmedia":[{"embeddable":true,"href":"https:\/\/portal.unisepe.com.br\/unifia\/wp-json\/wp\/v2\/media\/9761"}],"wp:attachment":[{"href":"https:\/\/portal.unisepe.com.br\/unifia\/wp-json\/wp\/v2\/media?parent=9760"}],"wp:term":[{"taxonomy":"category","embeddable":true,"href":"https:\/\/portal.unisepe.com.br\/unifia\/wp-json\/wp\/v2\/categories?post=9760"},{"taxonomy":"post_tag","embeddable":true,"href":"https:\/\/portal.unisepe.com.br\/unifia\/wp-json\/wp\/v2\/tags?post=9760"}],"curies":[{"name":"wp","href":"https:\/\/api.w.org\/{rel}","templated":true}]}}