{"id":9828,"date":"2024-02-23T14:02:16","date_gmt":"2024-02-23T17:02:16","guid":{"rendered":"https:\/\/portal.unisepe.com.br\/unifia\/?page_id=9828"},"modified":"2024-02-28T18:18:38","modified_gmt":"2024-02-28T21:18:38","slug":"2023-2","status":"publish","type":"page","link":"https:\/\/portal.unisepe.com.br\/unifia\/biblioteca\/repositorios\/direito\/2023-2\/","title":{"rendered":"DIREITO &#8211; 2023"},"content":{"rendered":"<h2 style=\"text-align: center\"><strong>TCC<\/strong><\/h2>\n<p>&nbsp;<\/p>\n<ul>\n<li><em><strong><a href=\"https:\/\/portal.unisepe.com.br\/unifia\/wp-content\/uploads\/sites\/10001\/2024\/02\/1.-A-EVOLU\u00c7\u00c3O-DA-JUDICIALIZA\u00c7\u00c3O-DO-DIREITO-ANIMAL-NO-BRASIL-LIMITES-PARA-O-RECONHECIMENTO-DESTES-COMO-SERES-SUJEITOS-DE-DIREITOS.pdf\" rel=\"attachment wp-att-6112\">A EVOLU\u00c7\u00c3O DA JUDICIALIZA\u00c7\u00c3O DO DIREITO ANIMAL NO BRASIL LIMITES PARA O RECONHECIMENTO DESTES COMO SERES SUJEITOS DE DIREITOS<\/a><\/strong><\/em><\/li>\n<\/ul>\n<hr \/>\n<ul>\n<li><em><strong><a href=\"https:\/\/portal.unisepe.com.br\/unifia\/wp-content\/uploads\/sites\/10001\/2024\/02\/2.-A-TORCIDA-\u00daNICA-NOS-EST\u00c1DIOS-DE-FUTEBOL.pdf\" rel=\"attachment wp-att-6112\">A TORCIDA \u00daNICA NOS EST\u00c1DIOS DE FUTEBOL<\/a><\/strong><\/em><\/li>\n<\/ul>\n<hr \/>\n<ul>\n<li><em><strong><a href=\"https:\/\/portal.unisepe.com.br\/unifia\/wp-content\/uploads\/sites\/10001\/2024\/02\/3.-AS-ALTERA\u00c7\u00d5ES-NA-LEGISLA\u00c7\u00c3O-SOBRE-PESSOAS-COM-NECESSIDADES-ESPECIAIS.pdf\" rel=\"attachment wp-att-6112\">AS ALTERA\u00c7\u00d5ES NA LEGISLA\u00c7\u00c3O SOBRE PESSOAS COM NECESSIDADES ESPECIAIS<\/a><\/strong><\/em><\/li>\n<\/ul>\n<hr \/>\n<ul>\n<li><em><strong><a href=\"https:\/\/portal.unisepe.com.br\/unifia\/wp-content\/uploads\/sites\/10001\/2024\/02\/4.-AS-ELEI\u00c7\u00d5ES-NA-DITADURA-MILITAR-E-A-QUEDA-DO-REGIME.pdf\" rel=\"attachment wp-att-6112\">AS ELEI\u00c7\u00d5ES NA DITADURA MILITAR E A QUEDA DO REGIME<\/a><\/strong><\/em><\/li>\n<\/ul>\n<hr \/>\n<ul>\n<li><em><strong><a href=\"https:\/\/portal.unisepe.com.br\/unifia\/wp-content\/uploads\/sites\/10001\/2024\/02\/5.-DESAFIOS-DA-PRODU\u00c7\u00c3O-DE-PROVAS-NO-INQU\u00c9RITO-POLICIAL-BRASILEIRO.pdf\" rel=\"attachment wp-att-6112\">DESAFIOS DA PRODU\u00c7\u00c3O DE PROVAS NO INQU\u00c9RITO POLICIAL BRASILEIRO<\/a><\/strong><\/em><\/li>\n<\/ul>\n<hr \/>\n<ul>\n<li><em><strong><a href=\"https:\/\/portal.unisepe.com.br\/unifia\/wp-content\/uploads\/sites\/10001\/2024\/02\/6.-DIREITO-DIGITAL-PRIVACIDADE-E-A-INVIOLABILIDADE-DOS-DADOS-NO-CIBERESPACO.pdf\" rel=\"attachment wp-att-6112\">DIREITO DIGITAL PRIVACIDADE E A INVIOLABILIDADE DOS DADOS NO CIBERESPA\u00c7O<\/a><\/strong><\/em><\/li>\n<\/ul>\n<hr \/>\n<ul>\n<li><em><strong><a href=\"https:\/\/portal.unisepe.com.br\/unifia\/wp-content\/uploads\/sites\/10001\/2024\/02\/7.-FALSIDADE-IDEOL\u00d3GICA-NAS-REDES-SOCIAIS-E-CRIMES-NA-INTERNET.pdf\" rel=\"attachment wp-att-6112\">FALSIDADE IDEOL\u00d3GICA NAS REDES SOCIAIS E CRIMES NA INTERNET<\/a><\/strong><\/em><\/li>\n<\/ul>\n<hr \/>\n<ul>\n<li><em><strong><a href=\"https:\/\/portal.unisepe.com.br\/unifia\/wp-content\/uploads\/sites\/10001\/2024\/02\/8.-HIST\u00d3RICO-E-CONTROV\u00c9RSIAS-SOBRE-O-PISO-DA-ENFERMAGEM-NO-BRASIL.pdf\" rel=\"attachment wp-att-6112\">HIST\u00d3RICO E CONTROV\u00c9RSIAS SOBRE O PISO DA ENFERMAGEM NO BRASIL<\/a><\/strong><\/em><\/li>\n<\/ul>\n<hr \/>\n<ul>\n<li><em><strong><a href=\"https:\/\/portal.unisepe.com.br\/unifia\/wp-content\/uploads\/sites\/10001\/2024\/02\/9.-O-FUTEBOL-FEMININO-NO-BRASIL.pdf\" rel=\"attachment wp-att-6112\">O FUTEBOL FEMININO NO BRASIL<\/a><\/strong><\/em><\/li>\n<\/ul>\n<hr \/>\n<ul>\n<li><em><strong><a href=\"https:\/\/portal.unisepe.com.br\/unifia\/wp-content\/uploads\/sites\/10001\/2024\/02\/10.-O-NEOCONSTITUCIONALISMO-E-SUA-INTERPRETA\u00c7\u00c3O-CONSTITUCIONAL.pdf\" rel=\"attachment wp-att-6112\">O NEOCONSTITUCIONALISMO E SUA INTERPRETA\u00c7\u00c3O CONSTITUCIONAL<\/a><\/strong><\/em><\/li>\n<\/ul>\n<hr \/>\n<ul>\n<li><em><strong><a href=\"https:\/\/portal.unisepe.com.br\/unifia\/wp-content\/uploads\/sites\/10001\/2024\/02\/11.-O-PROCESSO-COLETIVO-COMO-INSTRUMENTO-DE-PROMO\u00c7\u00c3O-E-EFETIVA\u00c7\u00c3O-DO-DIREITO-\u00c0-SA\u00daDE-EM-TEMPOS-DE-COVID-19.pdf\" rel=\"attachment wp-att-6112\">O PROCESSO COLETIVO COMO INSTRUMENTO DE PROMO\u00c7\u00c3O E EFETIVA\u00c7\u00c3O DO DIREITO \u00c0 SA\u00daDE EM TEMPOS DE COVID-19<\/a><\/strong><\/em><\/li>\n<\/ul>\n<hr \/>\n<ul>\n<li><em><strong><a href=\"https:\/\/portal.unisepe.com.br\/unifia\/wp-content\/uploads\/sites\/10001\/2024\/02\/12.-PSICOLOGIA-APLICADA-AO-DIREITO-PENAL.pdf\" rel=\"attachment wp-att-6112\">PSICOLOGIA APLICADA AO DIREITO PENAL<\/a><\/strong><\/em><\/li>\n<\/ul>\n<hr \/>\n<ul>\n<li><em><strong><a href=\"https:\/\/portal.unisepe.com.br\/unifia\/wp-content\/uploads\/sites\/10001\/2024\/02\/13.-RESPONSABILIDADE-JUR\u00cdDICA-EM-DECORR\u00caNCIA-DE-MAUS-TRATOS-AOS-ANIMAIS.pdf\" rel=\"attachment wp-att-6112\">RESPONSABILIDADE JUR\u00cdDICA EM DECORR\u00caNCIA DE MAUS TRATOS AOS ANIMAIS<\/a><\/strong><\/em><\/li>\n<\/ul>\n<hr \/>\n<ul>\n<li><em><strong><a href=\"https:\/\/portal.unisepe.com.br\/unifia\/wp-content\/uploads\/sites\/10001\/2024\/02\/14.-V\u00cdNCULOS-FAMILIRES-AL\u00c9M-DA-LEI-UM-ESTUDO-SOBRE-AS-ADO\u00c7\u00d5ES-A-BRASILEIRA-E-INTUITO-PERSONAE.pdf\" rel=\"attachment wp-att-6112\">V\u00cdNCULOS FAMILIRES AL\u00c9M DA LEI UM ESTUDO SOBRE AS ADO\u00c7\u00d5ES A BRASILEIRA E INTUITO PERSONAE<\/a><\/strong><\/em><\/li>\n<\/ul>\n<hr \/>\n<ul>\n<li><em><strong><a href=\"https:\/\/portal.unisepe.com.br\/unifia\/wp-content\/uploads\/sites\/10001\/2024\/02\/15.-VIOL\u00caNCIA-OBST\u00c9TRICA-UMA-DAS-FACES-DO-ABUSO-CONTRA-A-MULHER.pdf\" rel=\"attachment wp-att-6112\">VIOL\u00caNCIA OBST\u00c9TRICA UMA DAS FACES DO ABUSO CONTRA A MULHER<\/a><\/strong><\/em><\/li>\n<\/ul>\n<hr \/>\n","protected":false},"excerpt":{"rendered":"<p>TCC &nbsp; A EVOLU\u00c7\u00c3O DA JUDICIALIZA\u00c7\u00c3O DO DIREITO ANIMAL NO BRASIL LIMITES PARA O RECONHECIMENTO DESTES COMO SERES SUJEITOS DE DIREITOS A TORCIDA \u00daNICA NOS EST\u00c1DIOS DE FUTEBOL AS ALTERA\u00c7\u00d5ES NA LEGISLA\u00c7\u00c3O SOBRE PESSOAS COM NECESSIDADES ESPECIAIS AS ELEI\u00c7\u00d5ES NA DITADURA MILITAR E A QUEDA DO REGIME DESAFIOS DA PRODU\u00c7\u00c3O<\/p>\n","protected":false},"author":2,"featured_media":0,"parent":9823,"menu_order":0,"comment_status":"closed","ping_status":"closed","template":"templates\/template-pagina_menu_vertical.php","meta":{"footnotes":""},"categories":[],"tags":[],"class_list":["post-9828","page","type-page","status-publish","hentry"],"_links":{"self":[{"href":"https:\/\/portal.unisepe.com.br\/unifia\/wp-json\/wp\/v2\/pages\/9828","targetHints":{"allow":["GET"]}}],"collection":[{"href":"https:\/\/portal.unisepe.com.br\/unifia\/wp-json\/wp\/v2\/pages"}],"about":[{"href":"https:\/\/portal.unisepe.com.br\/unifia\/wp-json\/wp\/v2\/types\/page"}],"author":[{"embeddable":true,"href":"https:\/\/portal.unisepe.com.br\/unifia\/wp-json\/wp\/v2\/users\/2"}],"replies":[{"embeddable":true,"href":"https:\/\/portal.unisepe.com.br\/unifia\/wp-json\/wp\/v2\/comments?post=9828"}],"version-history":[{"count":18,"href":"https:\/\/portal.unisepe.com.br\/unifia\/wp-json\/wp\/v2\/pages\/9828\/revisions"}],"predecessor-version":[{"id":9864,"href":"https:\/\/portal.unisepe.com.br\/unifia\/wp-json\/wp\/v2\/pages\/9828\/revisions\/9864"}],"up":[{"embeddable":true,"href":"https:\/\/portal.unisepe.com.br\/unifia\/wp-json\/wp\/v2\/pages\/9823"}],"wp:attachment":[{"href":"https:\/\/portal.unisepe.com.br\/unifia\/wp-json\/wp\/v2\/media?parent=9828"}],"wp:term":[{"taxonomy":"category","embeddable":true,"href":"https:\/\/portal.unisepe.com.br\/unifia\/wp-json\/wp\/v2\/categories?post=9828"},{"taxonomy":"post_tag","embeddable":true,"href":"https:\/\/portal.unisepe.com.br\/unifia\/wp-json\/wp\/v2\/tags?post=9828"}],"curies":[{"name":"wp","href":"https:\/\/api.w.org\/{rel}","templated":true}]}}