{"id":9877,"date":"2024-02-28T17:47:49","date_gmt":"2024-02-28T20:47:49","guid":{"rendered":"https:\/\/portal.unisepe.com.br\/unifia\/?page_id=9877"},"modified":"2024-02-28T18:47:59","modified_gmt":"2024-02-28T21:47:59","slug":"biomedicina-2023","status":"publish","type":"page","link":"https:\/\/portal.unisepe.com.br\/unifia\/biblioteca\/repositorios\/biomedicina\/biomedicina-2023\/","title":{"rendered":"BIOMEDICINA &#8211; 2023"},"content":{"rendered":"<h2 style=\"text-align: center\"><strong>TCC<\/strong><\/h2>\n<p>&nbsp;<\/p>\n<ul>\n<li style=\"list-style-type: none\">\n<ul>\n<li><em><strong><a href=\"https:\/\/portal.unisepe.com.br\/unifia\/wp-content\/uploads\/sites\/10001\/2024\/02\/A-M\u00c1-GESTAO-DOS-RECURSOS-HIDRICOS-E-SEU-IMPACTO-NA-TRANSMISSAO-DE-DOENCAS-DE-VEICULA\u00c7\u00c3O-H\u00cdDRICA.pdf\" rel=\"attachment wp-att-6112\">A M\u00c1 GESTAO DOS RECURSOS HIDRICOS E SEU IMPACTO NA TRANSMISSAO DE DOENCAS DE VEICULA\u00c7\u00c3O H\u00cdDRICA.<\/a><\/strong><\/em><\/li>\n<\/ul>\n<hr \/>\n<ul>\n<li><em><strong><a href=\"https:\/\/portal.unisepe.com.br\/unifia\/wp-content\/uploads\/sites\/10001\/2024\/02\/A-URIN\u00c1LISE-COMO-UM-DOS-EXAMES-LABORATORIAIS-MAIS-RELEVANTES-NA-PR\u00c1TICA-CL\u00cdNICA.pdf\" rel=\"attachment wp-att-6112\">A URIN\u00c1LISE COMO UM DOS EXAMES LABORATORIAIS MAIS RELEVANTES NA PR\u00c1TICA CL\u00cdNICA.<\/a><\/strong><\/em><\/li>\n<\/ul>\n<hr \/>\n<ul>\n<li><em><strong><a href=\"https:\/\/portal.unisepe.com.br\/unifia\/wp-content\/uploads\/sites\/10001\/2024\/02\/APLICA\u00c7\u00d5ES-DA-OZONIOTERAPIA.pdf\" rel=\"attachment wp-att-6112\">APLICA\u00c7\u00d5ES DA OZONIOTERAPIA.<\/a><\/strong><\/em><\/li>\n<\/ul>\n<hr \/>\n<ul>\n<li><em><strong><a href=\"https:\/\/portal.unisepe.com.br\/unifia\/wp-content\/uploads\/sites\/10001\/2024\/02\/LEUCEMIA-MIELOIDE-AGUDA-E-A-IMPORTANCIA-DA-CITOMETRIA-DE-FLUXO.pdf\" rel=\"attachment wp-att-6112\">LEUCEMIA MIELOIDE AGUDA E A IMPORTANCIA DA CITOMETRIA DE FLUXO.<\/a><\/strong><\/em><\/li>\n<\/ul>\n<hr \/>\n<ul>\n<li><em><strong><a href=\"https:\/\/portal.unisepe.com.br\/unifia\/wp-content\/uploads\/sites\/10001\/2024\/02\/PROCEDIMENTOS-UTILIZADOS-PARA-TRATAMENTOS-DE-MICROVASOS.pdf\" rel=\"attachment wp-att-6112\">PROCEDIMENTOS UTILIZADOS PARA TRATAMENTOS DE MICROVASOS.<\/a><\/strong><\/em><\/li>\n<\/ul>\n<hr \/>\n<ul>\n<li><em><strong><a href=\"https:\/\/portal.unisepe.com.br\/unifia\/wp-content\/uploads\/sites\/10001\/2024\/02\/SISTEMA-ABO-E-SUA-RELA\u00c7\u00c3O-TRANSFUSIONAL-E-FATOR-DE-COAGULA\u00c7\u00c3O.pdf\" rel=\"attachment wp-att-6112\">SISTEMA ABO E SUA RELA\u00c7\u00c3O TRANSFUSIONAL E FATOR DE COAGULA\u00c7\u00c3O.<\/a><\/strong><\/em><\/li>\n<\/ul>\n<hr \/>\n<ul>\n<li><em><strong><a href=\"https:\/\/portal.unisepe.com.br\/unifia\/wp-content\/uploads\/sites\/10001\/2024\/02\/USO-DA-GENETICA-NO-CONTROLE-DO-AEDES-AEGYPTI.pdf\" rel=\"attachment wp-att-6112\">USO DA GEN\u00c9TICA NO CONTROLE DO AEDES AEGYPTI.<\/a><\/strong><\/em><\/li>\n<\/ul>\n<hr \/>\n<\/li>\n<\/ul>\n","protected":false},"excerpt":{"rendered":"<p>TCC &nbsp; A M\u00c1 GESTAO DOS RECURSOS HIDRICOS E SEU IMPACTO NA TRANSMISSAO DE DOENCAS DE VEICULA\u00c7\u00c3O H\u00cdDRICA. A URIN\u00c1LISE COMO UM DOS EXAMES LABORATORIAIS MAIS RELEVANTES NA PR\u00c1TICA CL\u00cdNICA. APLICA\u00c7\u00d5ES DA OZONIOTERAPIA. LEUCEMIA MIELOIDE AGUDA E A IMPORTANCIA DA CITOMETRIA DE FLUXO. PROCEDIMENTOS UTILIZADOS PARA TRATAMENTOS DE MICROVASOS. SISTEMA<\/p>\n","protected":false},"author":2,"featured_media":0,"parent":9874,"menu_order":0,"comment_status":"closed","ping_status":"closed","template":"templates\/template-pagina_menu_vertical.php","meta":{"footnotes":""},"categories":[],"tags":[],"class_list":["post-9877","page","type-page","status-publish","hentry"],"_links":{"self":[{"href":"https:\/\/portal.unisepe.com.br\/unifia\/wp-json\/wp\/v2\/pages\/9877","targetHints":{"allow":["GET"]}}],"collection":[{"href":"https:\/\/portal.unisepe.com.br\/unifia\/wp-json\/wp\/v2\/pages"}],"about":[{"href":"https:\/\/portal.unisepe.com.br\/unifia\/wp-json\/wp\/v2\/types\/page"}],"author":[{"embeddable":true,"href":"https:\/\/portal.unisepe.com.br\/unifia\/wp-json\/wp\/v2\/users\/2"}],"replies":[{"embeddable":true,"href":"https:\/\/portal.unisepe.com.br\/unifia\/wp-json\/wp\/v2\/comments?post=9877"}],"version-history":[{"count":5,"href":"https:\/\/portal.unisepe.com.br\/unifia\/wp-json\/wp\/v2\/pages\/9877\/revisions"}],"predecessor-version":[{"id":9933,"href":"https:\/\/portal.unisepe.com.br\/unifia\/wp-json\/wp\/v2\/pages\/9877\/revisions\/9933"}],"up":[{"embeddable":true,"href":"https:\/\/portal.unisepe.com.br\/unifia\/wp-json\/wp\/v2\/pages\/9874"}],"wp:attachment":[{"href":"https:\/\/portal.unisepe.com.br\/unifia\/wp-json\/wp\/v2\/media?parent=9877"}],"wp:term":[{"taxonomy":"category","embeddable":true,"href":"https:\/\/portal.unisepe.com.br\/unifia\/wp-json\/wp\/v2\/categories?post=9877"},{"taxonomy":"post_tag","embeddable":true,"href":"https:\/\/portal.unisepe.com.br\/unifia\/wp-json\/wp\/v2\/tags?post=9877"}],"curies":[{"name":"wp","href":"https:\/\/api.w.org\/{rel}","templated":true}]}}