{"id":9891,"date":"2024-02-28T18:00:59","date_gmt":"2024-02-28T21:00:59","guid":{"rendered":"https:\/\/portal.unisepe.com.br\/unifia\/?page_id=9891"},"modified":"2024-02-28T18:17:38","modified_gmt":"2024-02-28T21:17:38","slug":"enfermagem-2023","status":"publish","type":"page","link":"https:\/\/portal.unisepe.com.br\/unifia\/biblioteca\/repositorios\/enfermagem\/enfermagem-2023\/","title":{"rendered":"ENFERMAGEM &#8211; 2023"},"content":{"rendered":"<h2 style=\"text-align: center\"><strong>TCC<\/strong><\/h2>\n<p>&nbsp;<\/p>\n<ul>\n<li><em><strong><a href=\"https:\/\/portal.unisepe.com.br\/unifia\/wp-content\/uploads\/sites\/10001\/2024\/02\/CUIDADOS-DE-ENFERMAGEM-EM-IDOSOS-COM-DEPRESS\u00c3O.pdf\" rel=\"attachment wp-att-6112\">CUIDADOS DE ENFERMAGEM EM IDOSOS COM DEPRESS\u00c3O.<\/a><\/strong><\/em><\/li>\n<\/ul>\n<hr \/>\n<ul>\n<li><em><strong><a href=\"https:\/\/portal.unisepe.com.br\/unifia\/wp-content\/uploads\/sites\/10001\/2024\/02\/HIPERTENS\u00c3O-ARTERIAL-SIST\u00caMICA-DIAGN\u00d3STICO-TRATAMENTO-E-PR\u00c1TICA-NA-E.pdf\" rel=\"attachment wp-att-6112\">HIPERTENS\u00c3O ARTERIAL SIST\u00caMICA DIAGN\u00d3STICO, TRATAMENTO E PR\u00c1TICA NA ENFERMAGEM.<\/a><\/strong><\/em><\/li>\n<\/ul>\n<hr \/>\n<ul>\n<li><em><strong><a href=\"https:\/\/portal.unisepe.com.br\/unifia\/wp-content\/uploads\/sites\/10001\/2024\/02\/O-PAPEL-DO-ENFERMEIRO-NA-ASSIST\u00caNCIA-AO-PACIENTE-PORTADOR-DA-DOEN\u00c7A-DE-ALZHEIMER.pdf\" rel=\"attachment wp-att-6112\">O PAPEL DO ENFERMEIRO NA ASSIST\u00caNCIA AO PACIENTE PORTADOR DA DOEN\u00c7A DE ALZHEIMER.<\/a><\/strong><\/em><\/li>\n<\/ul>\n<hr \/>\n<ul>\n<li><em><strong><a href=\"https:\/\/portal.unisepe.com.br\/unifia\/wp-content\/uploads\/sites\/10001\/2024\/02\/O-PAPEL-DO-ENFERMEIRO-NA-COLETA-DAS-C\u00c9LULAS-TRONCO.pdf\" rel=\"attachment wp-att-6112\">O PAPEL DO ENFERMEIRO NA COLETA DAS C\u00c9LULAS-TRONCO.<\/a><\/strong><\/em><\/li>\n<\/ul>\n<hr \/>\n<ul>\n<li><em><strong><a href=\"https:\/\/portal.unisepe.com.br\/unifia\/wp-content\/uploads\/sites\/10001\/2024\/02\/O-PAPEL-DO-ENFERMEIRO-NA-INFEC\u00c7\u00c3O-DO-TRATO-URIN\u00c1RIO-RELACIONADO-A-CATETERISMO-VESICAL-REVIS\u00c3O-DE-LITERATURA.pdf\" rel=\"attachment wp-att-6112\">O PAPEL DO ENFERMEIRO NA INFEC\u00c7\u00c3O DO TRATO URIN\u00c1RIO RELACIONADO A CATETERISMO VESICAL &#8211; REVIS\u00c3O DE LITERATURA.<\/a><\/strong><\/em><\/li>\n<\/ul>\n<hr \/>\n<ul>\n<li><em><strong><a href=\"https:\/\/portal.unisepe.com.br\/unifia\/wp-content\/uploads\/sites\/10001\/2024\/02\/QUALIDADE-DE-VIDA-DO-PACIENTE-EM-HEMODI\u00c1LISE.pdf\" rel=\"attachment wp-att-6112\">QUALIDADE DE VIDA DO PACIENTE EM HEMODI\u00c1LISE.<\/a><\/strong><\/em><\/li>\n<\/ul>\n<hr \/>\n<ul>\n<li><em><strong><a href=\"https:\/\/portal.unisepe.com.br\/unifia\/wp-content\/uploads\/sites\/10001\/2024\/02\/S\u00cdFILIS-E-A-IMPORT\u00c2NCIA-DO-PR\u00c9-NATAL.pdf\" rel=\"attachment wp-att-6112\">S\u00cdFILIS E A IMPORT\u00c2NCIA DO PR\u00c9-NATAL.<\/a><\/strong><\/em><\/li>\n<\/ul>\n<hr \/>\n<ul>\n<li><em><strong><a href=\"https:\/\/portal.unisepe.com.br\/unifia\/wp-content\/uploads\/sites\/10001\/2024\/02\/A-IMPORT\u00c2NCIA-DO-ENFERMEIRO-EMERGENCISTA-E-SUA-ATUA\u00c7\u00c3O-NO-ATENDIMENTO-A-OCORR\u00caNCIAS-DE-TRAUMA-EM-IDOSOS.pdf\" rel=\"attachment wp-att-6112\">A IMPORT\u00c2NCIA DO ENFERMEIRO EMERGENCISTA E SUA ATUA\u00c7\u00c3O NO ATENDIMENTO A OCORR\u00caNCIAS DE TRAUMA EM IDOSOS.<\/a><\/strong><\/em><\/li>\n<\/ul>\n<hr \/>\n","protected":false},"excerpt":{"rendered":"<p>TCC &nbsp; CUIDADOS DE ENFERMAGEM EM IDOSOS COM DEPRESS\u00c3O. HIPERTENS\u00c3O ARTERIAL SIST\u00caMICA DIAGN\u00d3STICO, TRATAMENTO E PR\u00c1TICA NA ENFERMAGEM. O PAPEL DO ENFERMEIRO NA ASSIST\u00caNCIA AO PACIENTE PORTADOR DA DOEN\u00c7A DE ALZHEIMER. O PAPEL DO ENFERMEIRO NA COLETA DAS C\u00c9LULAS-TRONCO. O PAPEL DO ENFERMEIRO NA INFEC\u00c7\u00c3O DO TRATO URIN\u00c1RIO RELACIONADO A<\/p>\n","protected":false},"author":2,"featured_media":0,"parent":8594,"menu_order":0,"comment_status":"closed","ping_status":"closed","template":"templates\/template-pagina_menu_vertical.php","meta":{"footnotes":""},"categories":[],"tags":[],"class_list":["post-9891","page","type-page","status-publish","hentry"],"_links":{"self":[{"href":"https:\/\/portal.unisepe.com.br\/unifia\/wp-json\/wp\/v2\/pages\/9891","targetHints":{"allow":["GET"]}}],"collection":[{"href":"https:\/\/portal.unisepe.com.br\/unifia\/wp-json\/wp\/v2\/pages"}],"about":[{"href":"https:\/\/portal.unisepe.com.br\/unifia\/wp-json\/wp\/v2\/types\/page"}],"author":[{"embeddable":true,"href":"https:\/\/portal.unisepe.com.br\/unifia\/wp-json\/wp\/v2\/users\/2"}],"replies":[{"embeddable":true,"href":"https:\/\/portal.unisepe.com.br\/unifia\/wp-json\/wp\/v2\/comments?post=9891"}],"version-history":[{"count":4,"href":"https:\/\/portal.unisepe.com.br\/unifia\/wp-json\/wp\/v2\/pages\/9891\/revisions"}],"predecessor-version":[{"id":9906,"href":"https:\/\/portal.unisepe.com.br\/unifia\/wp-json\/wp\/v2\/pages\/9891\/revisions\/9906"}],"up":[{"embeddable":true,"href":"https:\/\/portal.unisepe.com.br\/unifia\/wp-json\/wp\/v2\/pages\/8594"}],"wp:attachment":[{"href":"https:\/\/portal.unisepe.com.br\/unifia\/wp-json\/wp\/v2\/media?parent=9891"}],"wp:term":[{"taxonomy":"category","embeddable":true,"href":"https:\/\/portal.unisepe.com.br\/unifia\/wp-json\/wp\/v2\/categories?post=9891"},{"taxonomy":"post_tag","embeddable":true,"href":"https:\/\/portal.unisepe.com.br\/unifia\/wp-json\/wp\/v2\/tags?post=9891"}],"curies":[{"name":"wp","href":"https:\/\/api.w.org\/{rel}","templated":true}]}}