{"id":9925,"date":"2024-02-28T18:41:11","date_gmt":"2024-02-28T21:41:11","guid":{"rendered":"https:\/\/portal.unisepe.com.br\/unifia\/?page_id=9925"},"modified":"2024-02-28T18:49:03","modified_gmt":"2024-02-28T21:49:03","slug":"nutricao-2023","status":"publish","type":"page","link":"https:\/\/portal.unisepe.com.br\/unifia\/biblioteca\/repositorios\/nutricao\/nutricao-2023\/","title":{"rendered":"NUTRI\u00c7\u00c3O &#8211; 2023"},"content":{"rendered":"<h2 style=\"text-align: center\"><strong>TCC<\/strong><\/h2>\n<p>&nbsp;<\/p>\n<ul>\n<li><em><strong><a href=\"https:\/\/portal.unisepe.com.br\/unifia\/wp-content\/uploads\/sites\/10001\/2024\/02\/ESTEATOSE-HEP\u00c1TICA-DIETOTERAPIA-BASEADA-EM-UMA-DIETA-COM-QUANTIDA.pdf\" rel=\"attachment wp-att-6112\">ESTEATOSE HEP\u00c1TICA DIETOTERAPIA BASEADA EM UMA DIETA COM QUANTIDADES MODERADAS DE CARBOIDRATOS E BAIXA QUANTIDADE DE GORDURAS SATURADAS E TRANS.<\/a><\/strong><\/em><\/li>\n<\/ul>\n<hr \/>\n<ul>\n<li><em><strong><a href=\"https:\/\/portal.unisepe.com.br\/unifia\/wp-content\/uploads\/sites\/10001\/2024\/02\/ESTUDO-NA-ALIMENTA\u00c7\u00c3O-COMO-FORMA-TERAP\u00caUTICA-NO-TRATAMENTO-DA-S\u00cdNDROM.pdf\" rel=\"attachment wp-att-6112\">ESTUDO NA ALIMENTA\u00c7\u00c3O COMO FORMA TERAP\u00caUTICA NO TRATAMENTO DA S\u00cdNDROME DO OV\u00c1RIO POLIC\u00cdSTICO.<br \/>\n<\/a><\/strong><\/em><\/li>\n<\/ul>\n<hr \/>\n<ul>\n<li><em><strong><a href=\"https:\/\/portal.unisepe.com.br\/unifia\/wp-content\/uploads\/sites\/10001\/2024\/02\/REGANHO-DE-PESO-P\u00d3S-CIRURGIA-BARI\u00c1TRICA-GABRIEL-E-THIAGO-FINAL.pdf\" rel=\"attachment wp-att-6112\">REGANHO DE PESO P\u00d3S CIRURGIA BARI\u00c1TRICA.<\/a><\/strong><\/em><\/li>\n<\/ul>\n<hr \/>\n<ul>\n<li><em><strong><a href=\"https:\/\/portal.unisepe.com.br\/unifia\/wp-content\/uploads\/sites\/10001\/2024\/02\/DIABETES-MELLITUS-GESTACIONAL-DMG-COMO-DEVE-SER-A-DIETOTERAPIA-DESSA-G.pdf\" rel=\"attachment wp-att-6112\">DIABETES MELLITUS GESTACIONAL (DMG): COMO DEVE SER A DIETOTERAPIA DESSA GESTANTE?<\/a><\/strong><\/em><\/li>\n<\/ul>\n<hr \/>\n","protected":false},"excerpt":{"rendered":"<p>TCC &nbsp; ESTEATOSE HEP\u00c1TICA DIETOTERAPIA BASEADA EM UMA DIETA COM QUANTIDADES MODERADAS DE CARBOIDRATOS E BAIXA QUANTIDADE DE GORDURAS SATURADAS E TRANS. ESTUDO NA ALIMENTA\u00c7\u00c3O COMO FORMA TERAP\u00caUTICA NO TRATAMENTO DA S\u00cdNDROME DO OV\u00c1RIO POLIC\u00cdSTICO. REGANHO DE PESO P\u00d3S CIRURGIA BARI\u00c1TRICA. DIABETES MELLITUS GESTACIONAL (DMG): COMO DEVE SER A DIETOTERAPIA<\/p>\n","protected":false},"author":2,"featured_media":0,"parent":9922,"menu_order":0,"comment_status":"closed","ping_status":"closed","template":"templates\/template-pagina_menu_vertical.php","meta":{"footnotes":""},"categories":[],"tags":[],"class_list":["post-9925","page","type-page","status-publish","hentry"],"_links":{"self":[{"href":"https:\/\/portal.unisepe.com.br\/unifia\/wp-json\/wp\/v2\/pages\/9925","targetHints":{"allow":["GET"]}}],"collection":[{"href":"https:\/\/portal.unisepe.com.br\/unifia\/wp-json\/wp\/v2\/pages"}],"about":[{"href":"https:\/\/portal.unisepe.com.br\/unifia\/wp-json\/wp\/v2\/types\/page"}],"author":[{"embeddable":true,"href":"https:\/\/portal.unisepe.com.br\/unifia\/wp-json\/wp\/v2\/users\/2"}],"replies":[{"embeddable":true,"href":"https:\/\/portal.unisepe.com.br\/unifia\/wp-json\/wp\/v2\/comments?post=9925"}],"version-history":[{"count":2,"href":"https:\/\/portal.unisepe.com.br\/unifia\/wp-json\/wp\/v2\/pages\/9925\/revisions"}],"predecessor-version":[{"id":9934,"href":"https:\/\/portal.unisepe.com.br\/unifia\/wp-json\/wp\/v2\/pages\/9925\/revisions\/9934"}],"up":[{"embeddable":true,"href":"https:\/\/portal.unisepe.com.br\/unifia\/wp-json\/wp\/v2\/pages\/9922"}],"wp:attachment":[{"href":"https:\/\/portal.unisepe.com.br\/unifia\/wp-json\/wp\/v2\/media?parent=9925"}],"wp:term":[{"taxonomy":"category","embeddable":true,"href":"https:\/\/portal.unisepe.com.br\/unifia\/wp-json\/wp\/v2\/categories?post=9925"},{"taxonomy":"post_tag","embeddable":true,"href":"https:\/\/portal.unisepe.com.br\/unifia\/wp-json\/wp\/v2\/tags?post=9925"}],"curies":[{"name":"wp","href":"https:\/\/api.w.org\/{rel}","templated":true}]}}