{"id":1128,"date":"2016-12-02T16:28:47","date_gmt":"2016-12-02T16:28:47","guid":{"rendered":"http:\/\/portal.unisepe.com.br\/univr\/?page_id=1128"},"modified":"2022-08-11T09:03:31","modified_gmt":"2022-08-11T12:03:31","slug":"producao-academica-e-cientifica","status":"publish","type":"page","link":"https:\/\/portal.unisepe.com.br\/univr\/nutricao\/producao-academica-e-cientifica\/","title":{"rendered":"Produ\u00e7\u00e3o acad\u00eamica e Cient\u00edfica"},"content":{"rendered":"<ul>\n    <strong>Revista Sa\u00fade em Foco\/UNIFIA 2022<\/strong><\/p>\n<li><a href=\"https:\/\/portal.unisepe.com.br\/univr\/wp-content\/uploads\/sites\/10004\/2022\/08\/TIL\u00c1PIA-UM-OLHAR-ECON\u00d4MICO-NUTRICIONAL-E-GASTRON\u00d4MICO-RELATO-DE-EXPERI\u00caNCIA-INTERDISCIPLINAR-p\u00e1g-50-\u00e0-64.pdf\" target=\"_blank\" rel=\"noopener noreferrer\">TIL\u00c1PIA, UM OLHAR ECON\u00d4MICO, NUTRICIONAL E GASTRON\u00d4MICO \u2013 RELATO DE EXPERI\u00caNCIA INTERDISCIPLINAR. \u2013 p\u00e1g 50 \u00e0 64<\/a><\/li>\n<p>        <em>Arthur Alves Negr\u00e3o da Silva<\/em><br \/>\n        <em>Ol\u00edvia Janotti Stansiski<\/em><br \/>\n        <em>Aline Rocha Rodrigues<\/em><br \/>\n        <em>Vinicius Ferreira Assun\u00e7\u00e3o<\/em><br \/>\n        <em>Leticia Vitali Costa Pereira<\/em><\/p>\n<li><a href=\"https:\/\/portal.unisepe.com.br\/univr\/wp-content\/uploads\/sites\/10004\/2022\/08\/REDU\u00c7\u00c3O-DOS-SINTOMAS-DA-FIBROMIALGIA-EMBASADO-NA-A\u00c7\u00c3O-ANTI-INFLAMAT\u00d3RIA-DOS-NUTRIENTES-p\u00e1g-476-a-488.pdf\" target=\"_blank\" rel=\"noopener noreferrer\">REDU\u00c7\u00c3O DOS SINTOMAS DA FIBROMIALGIA EMBASADO NA A\u00c7\u00c3O ANTI-INFLAMAT\u00d3RIA DOS NUTRIENTES \u2013 p\u00e1g 476 \u00e0 488<\/a><\/li>\n<p>        <em>Maria Eduarda de Souza Paiva<\/em><br \/>\n        <em>Arthur Alves Negr\u00e3o da Silva<\/em><br \/>\n        <em>Francini Xavier Rossetti<\/em><br \/>\n        <em>Gislene dos Anjos Tamasia<\/em><\/p>\n<li><a href=\"https:\/\/portal.unisepe.com.br\/univr\/wp-content\/uploads\/sites\/10004\/2022\/08\/PROGRAMAS-ASSISTENCIAIS-IMPORTANTES-FERRAMENTAS-CONTRA-A-FOME-DURANTE-A-PANDEMIA-p\u00e1g-502-a-517.pdf\" target=\"_blank\" rel=\"noopener noreferrer\">PROGRAMAS ASSISTENCIAIS: IMPORTANTES FERRAMENTAS CONTRA A FOME DURANTE A PANDEMIA \u2013 p\u00e1g 502 \u00e0 517<\/a><\/li>\n<p>        <em>Willy de Souza Santos<\/em><br \/>\n        <em>Arthur Alves Negr\u00e3o da Silva<\/em><br \/>\n        <em>Francini Xavier Rossetti<\/em><br \/>\n        <em>Gislene dos Anjos Tamasia<\/em><\/p>\n<li><a href=\"https:\/\/portal.unisepe.com.br\/univr\/wp-content\/uploads\/sites\/10004\/2022\/08\/OBESIDADE-INFANTIL-E-SUA-RELA\u00c7\u00c3O-COM-A-PROPAGANDA-DE-ALIMENTOS-INDUSTRIALIZADOS-p\u00e1g-518-a-528.pdf\" target=\"_blank\" rel=\"noopener noreferrer\">OBESIDADE INFANTIL E SUA RELA\u00c7\u00c3O COM A PROPAGANDA DE ALIMENTOS INDUSTRIALIZADOS \u2013 p\u00e1g 518 \u00e0 528<\/a><\/li>\n<p>        <em>Sabrina de Almeida Siqueira<\/em><br \/>\n        <em>Arthur Alves Negr\u00e3o da Silva<\/em><br \/>\n        <em>Francine Xavier Rossetti<\/em><br \/>\n        <em>Gislene dos Anjos Tamasia<\/em><\/p>\n<li><a href=\"https:\/\/portal.unisepe.com.br\/univr\/wp-content\/uploads\/sites\/10004\/2022\/08\/HIDRATA\u00c7\u00c3O-E-ATIVIDADE-F\u00cdSICA-p\u00e1g-529-a-542.pdf\" target=\"_blank\" rel=\"noopener noreferrer\">HIDRATA\u00c7\u00c3O E ATIVIDADE F\u00cdSICA \u2013 p\u00e1g 529 \u00e0 542<\/a><\/li>\n<p>        <em>Nathany Helen S\u00e9rio da Silveira Giroldo<\/em><br \/>\n        <em>Arthur Alves Negr\u00e3o da Silva<\/em><br \/>\n        <em>Francini Xavier Rossetti<\/em><br \/>\n        <em>Gislene dos Anjos Tamasia<\/em><\/p>\n<li><a href=\"https:\/\/portal.unisepe.com.br\/univr\/wp-content\/uploads\/sites\/10004\/2022\/08\/RELA\u00c7\u00c3O-ENTRE-A-SUPLEMENTA\u00c7\u00c3O-DE-CREATINA-E-O-SURGIMENTO-DE-DOEN\u00c7AS-HEP\u00c1TICAS-p\u00e1g-557-a-570.pdf\" target=\"_blank\" rel=\"noopener noreferrer\">RELA\u00c7\u00c3O ENTRE A SUPLEMENTA\u00c7\u00c3O DE CREATINA E O SURGIMENTO DE DOEN\u00c7AS HEP\u00c1TICAS \u2013 p\u00e1g 557 \u00e0 570<\/a><\/li>\n<p>        <em>Vinicius Augusto Pereira de Jesus<\/em><br \/>\n        <em>Arthur Alves Negr\u00e3o da Silva<\/em><br \/>\n        <em>Francini Xavier Rossetti<\/em><br \/>\n        <em>Gislene dos Anjos Tamasia<\/em><\/p>\n<li><a href=\"https:\/\/portal.unisepe.com.br\/univr\/wp-content\/uploads\/sites\/10004\/2022\/08\/A-INFLU\u00caNCIA-DA-IMAGEM-CORPORAL-NAS-M\u00cdDIAS-SOCIAIS-p\u00e1g-571-a-580-.pdf\" target=\"_blank\" rel=\"noopener noreferrer\">INFLU\u00caNCIA DAS M\u00cdDIAS SOCIAIS NA IMAGEM CORPORAL DE MULHERES JOVENS \u2013 p\u00e1g 571 \u00e0 580<\/a><\/li>\n<p>        <em>Nicole dos Reis Moreira<\/em><br \/>\n        <em>Arthur Alves Negr\u00e3o da Silva<\/em><br \/>\n        <em>Francine Xavier Rossetti<\/em><br \/>\n        <em>Gislene dos Anjos Tamasia<\/em><\/p>\n<li><a href=\"https:\/\/portal.unisepe.com.br\/univr\/wp-content\/uploads\/sites\/10004\/2022\/08\/O-GLIFOSATO-PODE-CONTRIBUIR-COM-O-PROCESSO-DE-CARCINOG\u00caNESE-p\u00e1g-594-a-605.pdf\" target=\"_blank\" rel=\"noopener noreferrer\">O GLIFOSATO PODE CONTRIBUIR COM O PROCESSO DE CARCINOG\u00caNESE? \u2013 p\u00e1g 594 \u00e0 605<\/a><\/li>\n<p>        <em>Brhandon Hideaki Kotubo<\/em><br \/>\n        <em>Arthur Alves Negr\u00e3o da Silva<\/em><br \/>\n        <em>Francine Xavier Rossetti<\/em><br \/>\n        <em>Gislene dos Anjos Tamasia<\/em><\/p>\n<hr \/>\n<li><a href=\"http:\/\/portal.unisepe.com.br\/univr\/wp-content\/uploads\/sites\/10004\/2016\/12\/curso-de-bacharelado-em-nutricao-da-unisepe-participa-de-evento-promovido-pela-fundacao-bradesco.pdf\" target=\"_Blank\" rel=\"noopener noreferrer\">Curso de bacharelado em Nutri\u00e7\u00e3o da UNISEPE participa de evento promovido pela Funda\u00e7\u00e3o Bradesco<\/a><\/li>\n<li><a href=\"http:\/\/portal.unisepe.com.br\/univr\/wp-content\/uploads\/sites\/10004\/2016\/12\/educandos-da-apae-cajati-realizam-visita-ao-jardim-dos-sentidos-vera-joana-costa-adorno-e-sao-recebidos-por-professores.pdf\" target=\"_Blank\" rel=\"noopener noreferrer\">Educandos da APAE Cajati realizam visita ao Jardim dos Sentidos \u201cVera Joana Costa Adorno\u201d e s\u00e3o recebidos por professores e acad\u00eamicos dos cursos de Biologia, Enfermagem, Nutri\u00e7\u00e3o e Psicologia<\/a><\/li>\n<li><a href=\"http:\/\/portal.unisepe.com.br\/univr\/wp-content\/uploads\/sites\/10004\/2016\/12\/academicos-do-curso-de-nutricao-da-unisepe-participam-de-reuniao-do-comsea-na-cidade-de-registro.pdf\" target=\"_Blank\" rel=\"noopener noreferrer\">Acad\u00eamicos do curso de Nutri\u00e7\u00e3o da UNISEPE participam de reuni\u00e3o do COMSEA na cidade de Registro<\/a><\/li>\n<li><a href=\"http:\/\/portal.unisepe.com.br\/univr\/wp-content\/uploads\/sites\/10004\/2016\/12\/coordenador-do-curso-de-nutricao-da-unisepe-participa-do-14-congresso-paranaense-de-medicina-intensiva-na-condicao-de-moderador-de-mesa.pdf\" target=\"_Blank\" rel=\"noopener noreferrer\">Coordenador do curso de nutri\u00e7ao da UNISEPE participa do 14\u00ba CONGRESSO PARANAENSE DE MEDICINA INTENSIVA NA CONDI\u00c7\u00c3O DE MODERADOR DE MESA<\/a><\/li>\n<li><a href=\"http:\/\/portal.unisepe.com.br\/univr\/wp-content\/uploads\/sites\/10004\/2016\/12\/academicos-do-curso-de-nutricao-da-unisepe-desenvolvem-recursos-pedagogicos-na-area-de-nutricao.pdf\" target=\"_Blank\" rel=\"noopener noreferrer\">Acad\u00eamicos do curso de Nutri\u00e7\u00e3o da UNISEPE desenvolvem recursos pedag\u00f3gicos na \u00e1rea de Nutri\u00e7\u00e3o<\/a><\/li>\n<li><a href=\"http:\/\/portal.unisepe.com.br\/univr\/wp-content\/uploads\/sites\/10004\/2016\/12\/curso-de-bacharelado-em-nutricao-participa-de-evento-promovido-pela-igreja-batista-na-cidade-de-registro.pdf\" target=\"_Blank\" rel=\"noopener noreferrer\">Curso de bacharelado em Nutri\u00e7\u00e3o participa de evento promovido pela Igreja Batista na cidade de Registro<\/a><\/li>\n<li><a href=\"http:\/\/portal.unisepe.com.br\/univr\/wp-content\/uploads\/sites\/10004\/2016\/12\/curso-de-bacharelado-em-nutricao-conta-com-a-presenca-da-professora-mariana-scudeller-vicentini.pdf\" target=\"_Blank\" rel=\"noopener noreferrer\">Curso de bacharelado em Nutri\u00e7\u00e3o conta com a presen\u00e7a da professora Mariana Scudeller Vicentini<\/a><\/li>\n<li><a href=\"http:\/\/portal.unisepe.com.br\/univr\/wp-content\/uploads\/sites\/10004\/2016\/12\/professora-e-ex-aluno-do-curso-de-bacharelado-em-nutricao-da-unisepe-participam-de-evento-promovido-pelo-cecane-pr-2016.pdf\" target=\"_Blank\" rel=\"noopener noreferrer\">Professora e ex-aluno do curso de bacharelado em Nutri\u00e7\u00e3o da UNISEPE (unidade Registro) participam de evento promovido pelo Centro Colaborador em Alimenta\u00e7\u00e3o e Nutri\u00e7\u00e3o Escolar do Paran\u00e1 (Cecane-PR)<\/a><\/li>\n<li><a href=\"http:\/\/portal.unisepe.com.br\/univr\/wp-content\/uploads\/sites\/10004\/2016\/12\/plano_de_metas_do_curso_de_bacharelado_em_nutricao_da_unisepe.pdf\" target=\"_Blank\" rel=\"noopener noreferrer\">Plano de metas do curso de bacharelado em Nutri\u00e7\u00e3o da UNISEPE<\/a><\/li>\n<li><a href=\"http:\/\/portal.unisepe.com.br\/univr\/wp-content\/uploads\/sites\/10004\/2016\/12\/visita-do-curso-de-nutricao-ao-mercadao-municipal-de-sao-paulo-2015.pdf\" target=\"_Blank\" rel=\"noopener noreferrer\">Visita do curso de Nutri\u00e7\u00e3o ao Mercad\u00e3o Municipal de S\u00e3o Paulo &#8211; 2015<\/a><\/li>\n<li><a href=\"http:\/\/portal.unisepe.com.br\/univr\/wp-content\/uploads\/sites\/10004\/2016\/12\/curso-de-nutricao-realiza-avaliacao-nutricional-em-evento-promovido-pela-policia-rodoviaria-federal-2015.pdf\" target=\"_Blank\" rel=\"noopener noreferrer\">Curso de Nutri\u00e7\u00e3o realiza avalia\u00e7\u00e3o nutricional em evento promovido pela Policia Rodovi\u00e1ria Federal &#8211; 2015<\/a><\/li>\n<li><a href=\"http:\/\/portal.unisepe.com.br\/univr\/wp-content\/uploads\/sites\/10004\/2016\/12\/palestra-atualizacoes-cientificas-compostos-bioativos-alimentos-funcionais-e-sinergismo-alimentar-2015.pdf\" target=\"_Blank\" rel=\"noopener noreferrer\">Palestra: Atualiza\u00e7\u00f5es cient\u00edficas, compostos bioativos, alimentos funcionais e sinergismo alimentar &#8211; 2015<\/a><\/li>\n<li><a href=\"http:\/\/portal.unisepe.com.br\/univr\/wp-content\/uploads\/sites\/10004\/2016\/12\/curso-de-nutricao-desenvolve-iniciacao-cientifica.pdf\" target=\"_Blank\" rel=\"noopener noreferrer\">Curso de Nutri\u00e7\u00e3o desenvolve Inicia\u00e7\u00e3o Cient\u00edfica<\/a><\/li>\n<li><a href=\"http:\/\/portal.unisepe.com.br\/univr\/wp-content\/uploads\/sites\/10004\/2016\/12\/participacao-do-curso-de-nutricao-na-jornada-cientifica-2008.pdf\" target=\"_Blank\" rel=\"noopener noreferrer\">Participa\u00e7\u00e3o do curso de Nutri\u00e7\u00e3o na Jornada Cient\u00edfica 2008<\/a><\/li>\n<li><a href=\"http:\/\/portal.unisepe.com.br\/univr\/wp-content\/uploads\/sites\/10004\/2016\/12\/quinto-periodo-de-nutricao-promove-noite-do-yakisoba.pdf\" target=\"_Blank\" rel=\"noopener noreferrer\">Quinto per\u00edodo de Nutri\u00e7\u00e3o promove noite do Yakisoba<\/a><\/li>\n<li><a href=\"http:\/\/portal.unisepe.com.br\/univr\/wp-content\/uploads\/sites\/10004\/2016\/12\/curso-de-nutricao-participa-do-dia-do-voluntariado-promovido-pela-fundacao-bradesco-2008.pdf\" target=\"_Blank\" rel=\"noopener noreferrer\">Curso de Nutri\u00e7\u00e3o participa do dia do voluntariado promovido pela Funda\u00e7\u00e3o Bradesco &#8211; 2008<\/a><\/li>\n<li><a href=\"http:\/\/portal.unisepe.com.br\/univr\/wp-content\/uploads\/sites\/10004\/2016\/12\/jogos-intercursos-2007--curso-de-nutricao-desenvolve-avaliacao-nutricional--analise-sensorial-de-alimentos-e-estimulo-ao-aleitamento-materno.pdf\" target=\"_Blank\" rel=\"noopener noreferrer\">Jogos Intercursos 2007: Curso de Nutri\u00e7\u00e3o desenvolve avalia\u00e7\u00e3o nutricional, an\u00e1lise sensorial de alimentos e est\u00edmulo ao aleitamento materno<\/a><\/li>\n<li><a href=\"http:\/\/portal.unisepe.com.br\/univr\/wp-content\/uploads\/sites\/10004\/2016\/12\/semana-de-prevencao-ao-diabetes-na-cidade-de-registro-nutricao-e-enfermagem-da-fasul-trabalhando-ativamente.pdf\" target=\"_Blank\" rel=\"noopener noreferrer\">Semana de preven\u00e7\u00e3o ao diabetes na cidade de Registro. Nutri\u00e7\u00e3o e Enfermagem da FASUL trabalhando ativamente<\/a><\/li>\n<li><a href=\"http:\/\/portal.unisepe.com.br\/univr\/wp-content\/uploads\/sites\/10004\/2016\/12\/campanha-para-cadastramento-de-doadores-de-medula-ossea-na-unisepe-mobiliza-comunidade-academica.pdf\" target=\"_Blank\" rel=\"noopener noreferrer\">Campanha para cadastramento de doadores de medula \u00f3ssea na UNISEPE mobiliza comunidade acad\u00eamica<\/a><\/li>\n<li><a href=\"http:\/\/portal.unisepe.com.br\/univr\/wp-content\/uploads\/sites\/10004\/2016\/12\/academicos-do-curso-de-nutricao-da-unisep-participam-do-conbran-2008--xx-congresso-brasileiro-de-nutricao.pdf\" target=\"_Blank\" rel=\"noopener noreferrer\">Acad\u00eamicos do curso de Nutri\u00e7\u00e3o da UNISEP participam do CONBRAN 2008 (XX CONGRESSO BRASILEIRO DE NUTRI\u00c7\u00c3O)<\/a><\/li>\n<li><a href=\"http:\/\/portal.unisepe.com.br\/univr\/wp-content\/uploads\/sites\/10004\/2016\/12\/semana-academica-de-nutricao-2007.pdf\" target=\"_Blank\" rel=\"noopener noreferrer\">Semana Acad\u00eamica de Nutri\u00e7\u00e3o 2007<\/a><\/li>\n<li><a href=\"http:\/\/portal.unisepe.com.br\/univr\/wp-content\/uploads\/sites\/10004\/2016\/12\/academicas-do-curso-de-nutricao-desenvolvem-projeto-de-educacao-nutricional-2007.pdf\" target=\"_Blank\" rel=\"noopener noreferrer\">Acad\u00eamicas do curso de Nutri\u00e7\u00e3o desenvolvem projeto de Educa\u00e7\u00e3o Nutricional &#8211; 2007 <\/a><\/li>\n<li><a href=\"http:\/\/portal.unisepe.com.br\/univr\/wp-content\/uploads\/sites\/10004\/2016\/12\/aulas-no-laboratorio-de-nutricao-um-recurso-a-mais-no-desenvolvimento-das-habilidades-e-competencias-dos-alunos.pdf\" target=\"_Blank\" rel=\"noopener noreferrer\">Aulas no laborat\u00f3rio de Nutri\u00e7\u00e3o, um recurso a mais no desenvolvimento das habilidades e compet\u00eancias dos alunos <\/a><\/li>\n<li><a href=\"http:\/\/portal.unisepe.com.br\/univr\/wp-content\/uploads\/sites\/10004\/2016\/12\/curso-de-nutricao-das-faculdades-integradas-do-vale-do-ribeira-realiza-atividade-ludica-na-disciplina-de-dietoterapia.pdf\" target=\"_Blank\" rel=\"noopener noreferrer\">Curso de Nutri\u00e7\u00e3o das Faculdades Integradas do Vale do Ribeira realiza atividade l\u00fadica na disciplina de dietoterapia<\/a><\/li>\n<li><a href=\"http:\/\/portal.unisepe.com.br\/univr\/wp-content\/uploads\/sites\/10004\/2016\/12\/curso-de-nutricao-das-faculdades-integradas-do-vale-do-ribeira-realiza-seminarios-sobre-dietas-da-moda.pdf\" target=\"_Blank\" rel=\"noopener noreferrer\">Curso de Nutri\u00e7\u00e3o das Faculdades Integradas do Vale do Ribeira realiza semin\u00e1rios sobre dietas da moda<\/a><\/li>\n<li><a href=\"http:\/\/portal.unisepe.com.br\/univr\/wp-content\/uploads\/sites\/10004\/2016\/12\/curso-de-nutricao-das-faculdades-integradas-do-vale-do-ribeira-realiza-semana-academica-2014.pdf\" target=\"_Blank\" rel=\"noopener noreferrer\">Curso de Nutri\u00e7\u00e3o das Faculdades Integradas do Vale do Ribeira realiza semana acad\u00eamica &#8211; 2014<\/a><\/li>\n<li><a href=\"http:\/\/portal.unisepe.com.br\/univr\/wp-content\/uploads\/sites\/10004\/2016\/12\/curso-de-nutricao-e-farmacia-das-faculdades-integradas-do-vale-do-ribeira-realizam-feira-de-alimentos-funcionais.pdf\" target=\"_Blank\" rel=\"noopener noreferrer\">Curso de Nutri\u00e7\u00e3o e Farm\u00e1cia das Faculdades Integradas do Vale do Ribeira realizam feira de alimentos funcionais<\/a><\/li>\n<\/ul>\n","protected":false},"excerpt":{"rendered":"<p>Revista Sa\u00fade em Foco\/UNIFIA 2022 TIL\u00c1PIA, UM OLHAR ECON\u00d4MICO, NUTRICIONAL E GASTRON\u00d4MICO \u2013 RELATO DE EXPERI\u00caNCIA INTERDISCIPLINAR. \u2013 p\u00e1g 50 \u00e0 64 Arthur Alves Negr\u00e3o da Silva Ol\u00edvia Janotti Stansiski Aline Rocha Rodrigues Vinicius Ferreira Assun\u00e7\u00e3o Leticia Vitali Costa Pereira REDU\u00c7\u00c3O DOS SINTOMAS DA FIBROMIALGIA EMBASADO NA A\u00c7\u00c3O ANTI-INFLAMAT\u00d3RIA DOS<\/p>\n","protected":false},"author":1,"featured_media":0,"parent":495,"menu_order":6,"comment_status":"closed","ping_status":"closed","template":"templates\/template-curso_menu_vertical.php","meta":{"footnotes":""},"categories":[],"tags":[],"class_list":["post-1128","page","type-page","status-publish","hentry"],"_links":{"self":[{"href":"https:\/\/portal.unisepe.com.br\/univr\/wp-json\/wp\/v2\/pages\/1128","targetHints":{"allow":["GET"]}}],"collection":[{"href":"https:\/\/portal.unisepe.com.br\/univr\/wp-json\/wp\/v2\/pages"}],"about":[{"href":"https:\/\/portal.unisepe.com.br\/univr\/wp-json\/wp\/v2\/types\/page"}],"author":[{"embeddable":true,"href":"https:\/\/portal.unisepe.com.br\/univr\/wp-json\/wp\/v2\/users\/1"}],"replies":[{"embeddable":true,"href":"https:\/\/portal.unisepe.com.br\/univr\/wp-json\/wp\/v2\/comments?post=1128"}],"version-history":[{"count":8,"href":"https:\/\/portal.unisepe.com.br\/univr\/wp-json\/wp\/v2\/pages\/1128\/revisions"}],"predecessor-version":[{"id":5561,"href":"https:\/\/portal.unisepe.com.br\/univr\/wp-json\/wp\/v2\/pages\/1128\/revisions\/5561"}],"up":[{"embeddable":true,"href":"https:\/\/portal.unisepe.com.br\/univr\/wp-json\/wp\/v2\/pages\/495"}],"wp:attachment":[{"href":"https:\/\/portal.unisepe.com.br\/univr\/wp-json\/wp\/v2\/media?parent=1128"}],"wp:term":[{"taxonomy":"category","embeddable":true,"href":"https:\/\/portal.unisepe.com.br\/univr\/wp-json\/wp\/v2\/categories?post=1128"},{"taxonomy":"post_tag","embeddable":true,"href":"https:\/\/portal.unisepe.com.br\/univr\/wp-json\/wp\/v2\/tags?post=1128"}],"curies":[{"name":"wp","href":"https:\/\/api.w.org\/{rel}","templated":true}]}}