{"id":1131,"date":"2016-12-02T16:35:26","date_gmt":"2016-12-02T16:35:26","guid":{"rendered":"http:\/\/portal.unisepe.com.br\/univr\/?page_id=1131"},"modified":"2022-09-09T15:46:52","modified_gmt":"2022-09-09T18:46:52","slug":"projetos-manuais-e-formularios","status":"publish","type":"page","link":"https:\/\/portal.unisepe.com.br\/univr\/nutricao\/projetos-manuais-e-formularios\/","title":{"rendered":"Projetos, Manuais e formul\u00e1rios"},"content":{"rendered":"<ul>\n<li><a href=\"https:\/\/portal.unisepe.com.br\/univr\/wp-content\/uploads\/sites\/10004\/2022\/09\/MANUAL-DE-BOAS-PR\u00c1TICAS-DA-COZINHA-EXPERIMENTAL-E-DO-LABORATORIO-DE-ANALISE-SENSORIAL-atualizado-08-03-22.docx-1.pdf\" target=\"_blank\" rel=\"noopener noreferrer\">Manual de boas pr\u00e1ticas da cozinha experimental e do laborat\u00f3rio de an\u00e1lise sensorial<\/a><a href=\"http:\/\/portal.unisepe.com.br\/univr\/wp-content\/uploads\/sites\/10004\/2016\/12\/manual-de-trabalho-de-conclusao-de-curso-tcc-curso-de-bacharelado-em-nutricao.pdf\" target=\"_Blank\" rel=\"noopener noreferrer\"><\/a><\/li>\n<\/ul>\n","protected":false},"excerpt":{"rendered":"<p>Manual de boas pr\u00e1ticas da cozinha experimental e do laborat\u00f3rio de an\u00e1lise sensorial<\/p>\n","protected":false},"author":1,"featured_media":0,"parent":495,"menu_order":7,"comment_status":"closed","ping_status":"closed","template":"templates\/template-curso_menu_vertical.php","meta":{"footnotes":""},"categories":[],"tags":[],"class_list":["post-1131","page","type-page","status-publish","hentry"],"_links":{"self":[{"href":"https:\/\/portal.unisepe.com.br\/univr\/wp-json\/wp\/v2\/pages\/1131","targetHints":{"allow":["GET"]}}],"collection":[{"href":"https:\/\/portal.unisepe.com.br\/univr\/wp-json\/wp\/v2\/pages"}],"about":[{"href":"https:\/\/portal.unisepe.com.br\/univr\/wp-json\/wp\/v2\/types\/page"}],"author":[{"embeddable":true,"href":"https:\/\/portal.unisepe.com.br\/univr\/wp-json\/wp\/v2\/users\/1"}],"replies":[{"embeddable":true,"href":"https:\/\/portal.unisepe.com.br\/univr\/wp-json\/wp\/v2\/comments?post=1131"}],"version-history":[{"count":6,"href":"https:\/\/portal.unisepe.com.br\/univr\/wp-json\/wp\/v2\/pages\/1131\/revisions"}],"predecessor-version":[{"id":5627,"href":"https:\/\/portal.unisepe.com.br\/univr\/wp-json\/wp\/v2\/pages\/1131\/revisions\/5627"}],"up":[{"embeddable":true,"href":"https:\/\/portal.unisepe.com.br\/univr\/wp-json\/wp\/v2\/pages\/495"}],"wp:attachment":[{"href":"https:\/\/portal.unisepe.com.br\/univr\/wp-json\/wp\/v2\/media?parent=1131"}],"wp:term":[{"taxonomy":"category","embeddable":true,"href":"https:\/\/portal.unisepe.com.br\/univr\/wp-json\/wp\/v2\/categories?post=1131"},{"taxonomy":"post_tag","embeddable":true,"href":"https:\/\/portal.unisepe.com.br\/univr\/wp-json\/wp\/v2\/tags?post=1131"}],"curies":[{"name":"wp","href":"https:\/\/api.w.org\/{rel}","templated":true}]}}