{"id":1134,"date":"2016-12-02T16:40:11","date_gmt":"2016-12-02T16:40:11","guid":{"rendered":"http:\/\/portal.unisepe.com.br\/univr\/?page_id=1134"},"modified":"2016-12-02T16:40:11","modified_gmt":"2016-12-02T16:40:11","slug":"estagio","status":"publish","type":"page","link":"https:\/\/portal.unisepe.com.br\/univr\/fisioterapia\/estagio\/","title":{"rendered":"Est\u00e1gio"},"content":{"rendered":"<p><strong>Est\u00e1gio curricular supervisionado:<\/strong><\/p>\n<p>O est\u00e1gio supervisionado,tem que ser pensado como meio de aperfei\u00e7oamento acad\u00eamico, pessoal e profissional. Essa pr\u00e1tica constitui um trabalho obrigat\u00f3rio de campo, em que as atividades pr\u00e1ticas s\u00e3o exercidas mediante fundamenta\u00e7\u00e3o te\u00f3rica pr\u00e9via ou simultaneamente constru\u00edda, sendo uma forma complementar e essencial de ensino e aprendizagem acad\u00eamicos. O est\u00e1gio supervisionado visa atender \u00e0 comunidade da regi\u00e3o, carente de recursos financeiros e de aten\u00e7\u00e3o \u00e0 sa\u00fade, por meio de conv\u00eanios com os estabelecimentos de sa\u00fade da regi\u00e3o como hospitais, unidades b\u00e1sicas de sa\u00fade, asilos, entre outros.<\/p>\n<p>Objetivo geral do est\u00e1gio: Integrar o aluno no processo de ensino-aprendizagem pela observa\u00e7\u00e3o t\u00e9cnica de fisioterapeutas supervisores e tamb\u00e9m pela pr\u00e1tica cl\u00ednica, para o aprimoramento das habilidades que s\u00e3o almejadas pelo curso e exigidas pelo mercado de trabalho, al\u00e9m de, complementar o processo de forma\u00e7\u00e3o te\u00f3rico\/pr\u00e1tico pela atua\u00e7\u00e3o direta com o paciente na realidade da sa\u00fade da comunidade regional, assim como possibilitar maior aproxima\u00e7\u00e3o com o funcionamento real dos diversos componentes que atuam no processo de ensino-aprendizagem no interior da institui\u00e7\u00e3o de sa\u00fade.<\/p>\n<p><strong>Carga hor\u00e1ria:<\/strong> O est\u00e1gio curricular obrigat\u00f3rio compreender\u00e1 um total de 800 horas e est\u00e1 contido nas disciplinas de Est\u00e1gio Supervisionado em Fisioterapia I, II e III. Estas disciplinas est\u00e3o divididas em 200 no sexto per\u00edodo, 300 horas no s\u00e9timo per\u00edodo e 300 no oitavo per\u00edodo do curso.<\/p>\n","protected":false},"excerpt":{"rendered":"<p>Est\u00e1gio curricular supervisionado: O est\u00e1gio supervisionado,tem que ser pensado como meio de aperfei\u00e7oamento acad\u00eamico, pessoal e profissional. Essa pr\u00e1tica constitui um trabalho obrigat\u00f3rio de campo, em que as atividades pr\u00e1ticas s\u00e3o exercidas mediante fundamenta\u00e7\u00e3o te\u00f3rica pr\u00e9via ou simultaneamente constru\u00edda, sendo uma forma complementar e essencial de ensino e aprendizagem acad\u00eamicos.<\/p>\n","protected":false},"author":1,"featured_media":0,"parent":417,"menu_order":5,"comment_status":"closed","ping_status":"closed","template":"templates\/template-curso_menu_vertical.php","meta":{"footnotes":""},"categories":[],"tags":[],"class_list":["post-1134","page","type-page","status-publish","hentry"],"_links":{"self":[{"href":"https:\/\/portal.unisepe.com.br\/univr\/wp-json\/wp\/v2\/pages\/1134","targetHints":{"allow":["GET"]}}],"collection":[{"href":"https:\/\/portal.unisepe.com.br\/univr\/wp-json\/wp\/v2\/pages"}],"about":[{"href":"https:\/\/portal.unisepe.com.br\/univr\/wp-json\/wp\/v2\/types\/page"}],"author":[{"embeddable":true,"href":"https:\/\/portal.unisepe.com.br\/univr\/wp-json\/wp\/v2\/users\/1"}],"replies":[{"embeddable":true,"href":"https:\/\/portal.unisepe.com.br\/univr\/wp-json\/wp\/v2\/comments?post=1134"}],"version-history":[{"count":0,"href":"https:\/\/portal.unisepe.com.br\/univr\/wp-json\/wp\/v2\/pages\/1134\/revisions"}],"up":[{"embeddable":true,"href":"https:\/\/portal.unisepe.com.br\/univr\/wp-json\/wp\/v2\/pages\/417"}],"wp:attachment":[{"href":"https:\/\/portal.unisepe.com.br\/univr\/wp-json\/wp\/v2\/media?parent=1134"}],"wp:term":[{"taxonomy":"category","embeddable":true,"href":"https:\/\/portal.unisepe.com.br\/univr\/wp-json\/wp\/v2\/categories?post=1134"},{"taxonomy":"post_tag","embeddable":true,"href":"https:\/\/portal.unisepe.com.br\/univr\/wp-json\/wp\/v2\/tags?post=1134"}],"curies":[{"name":"wp","href":"https:\/\/api.w.org\/{rel}","templated":true}]}}