{"id":1136,"date":"2016-12-02T16:43:05","date_gmt":"2016-12-02T16:43:05","guid":{"rendered":"http:\/\/portal.unisepe.com.br\/univr\/?page_id=1136"},"modified":"2017-02-02T09:26:42","modified_gmt":"2017-02-02T11:26:42","slug":"fisio-news","status":"publish","type":"page","link":"https:\/\/portal.unisepe.com.br\/univr\/fisioterapia\/fisio-news\/","title":{"rendered":"FISIO NEWS"},"content":{"rendered":"<ul>\n<li><a href=\"\/wp-content\/uploads\/sites\/10003\/2016\/12\/2016-FISIO_NEWS-Informativo03.pdf\" target=\"_Blank\">2016 &#8211; Boletim informativo em comemora\u00e7\u00e3o aos 10 anos de cria\u00e7\u00e3o do curso de Fisioterapia das FV<\/a><\/li>\n<li><a href=\"\/wp-content\/uploads\/sites\/10003\/2016\/12\/2013-FISIO_NEWS-Informativo02.pdf\" target=\"_Blank\">2013 &#8211; Confira neste boletim os \u00faltimos acontecimentos do curso e as atividades que ser\u00e3o desenvolvidas neste semestre<\/a><\/li>\n<li><a href=\"\/wp-content\/uploads\/sites\/10003\/2016\/12\/2012-FISIO_NEWS-Informativo01.pdf\" target=\"_Blank\">2012 &#8211; Confira neste boletim os \u00faltimos acontecimentos do curso e as atividades que ser\u00e3o desenvolvidas neste semestre.<\/a><\/li>\n<\/ul>\n","protected":false},"excerpt":{"rendered":"<p>2016 &#8211; Boletim informativo em comemora\u00e7\u00e3o aos 10 anos de cria\u00e7\u00e3o do curso de Fisioterapia das FV 2013 &#8211; Confira neste boletim os \u00faltimos acontecimentos do curso e as atividades que ser\u00e3o desenvolvidas neste semestre 2012 &#8211; Confira neste boletim os \u00faltimos acontecimentos do curso e as atividades que ser\u00e3o<\/p>\n","protected":false},"author":1,"featured_media":0,"parent":417,"menu_order":7,"comment_status":"closed","ping_status":"closed","template":"templates\/template-curso_menu_vertical.php","meta":{"footnotes":""},"categories":[],"tags":[],"class_list":["post-1136","page","type-page","status-publish","hentry"],"_links":{"self":[{"href":"https:\/\/portal.unisepe.com.br\/univr\/wp-json\/wp\/v2\/pages\/1136","targetHints":{"allow":["GET"]}}],"collection":[{"href":"https:\/\/portal.unisepe.com.br\/univr\/wp-json\/wp\/v2\/pages"}],"about":[{"href":"https:\/\/portal.unisepe.com.br\/univr\/wp-json\/wp\/v2\/types\/page"}],"author":[{"embeddable":true,"href":"https:\/\/portal.unisepe.com.br\/univr\/wp-json\/wp\/v2\/users\/1"}],"replies":[{"embeddable":true,"href":"https:\/\/portal.unisepe.com.br\/univr\/wp-json\/wp\/v2\/comments?post=1136"}],"version-history":[{"count":1,"href":"https:\/\/portal.unisepe.com.br\/univr\/wp-json\/wp\/v2\/pages\/1136\/revisions"}],"predecessor-version":[{"id":1262,"href":"https:\/\/portal.unisepe.com.br\/univr\/wp-json\/wp\/v2\/pages\/1136\/revisions\/1262"}],"up":[{"embeddable":true,"href":"https:\/\/portal.unisepe.com.br\/univr\/wp-json\/wp\/v2\/pages\/417"}],"wp:attachment":[{"href":"https:\/\/portal.unisepe.com.br\/univr\/wp-json\/wp\/v2\/media?parent=1136"}],"wp:term":[{"taxonomy":"category","embeddable":true,"href":"https:\/\/portal.unisepe.com.br\/univr\/wp-json\/wp\/v2\/categories?post=1136"},{"taxonomy":"post_tag","embeddable":true,"href":"https:\/\/portal.unisepe.com.br\/univr\/wp-json\/wp\/v2\/tags?post=1136"}],"curies":[{"name":"wp","href":"https:\/\/api.w.org\/{rel}","templated":true}]}}