{"id":1138,"date":"2016-12-02T16:45:05","date_gmt":"2016-12-02T16:45:05","guid":{"rendered":"http:\/\/portal.unisepe.com.br\/univr\/?page_id=1138"},"modified":"2017-02-02T09:13:29","modified_gmt":"2017-02-02T11:13:29","slug":"autoavaliacao-avin","status":"publish","type":"page","link":"https:\/\/portal.unisepe.com.br\/univr\/fisioterapia\/autoavaliacao-avin\/","title":{"rendered":"Autoavalia\u00e7\u00e3o \u2013 avin"},"content":{"rendered":"<ul>\n<li><a href=\"\/wp-content\/uploads\/sites\/10003\/2016\/12\/autoavaliacao_devolutiva_avin_2015_para_alunos_e_professores.pdf\" target=\"_Blank\">Devolutiva AVIN 2015 para alunos e professores<\/a><\/li>\n<li><a href=\"\/wp-content\/uploads\/sites\/10003\/2016\/12\/autoavaliacao_graficos_avin_2015.pdf\" target=\"_Blank\">Gr\u00e1ficos AVIN 2015<\/a><\/li>\n<li><a href=\"\/wp-content\/uploads\/sites\/10003\/2016\/12\/autoavaliacao_relatorio_de_autoavaliacao_avin__2012.pdf\" target=\"_Blank\">Relat\u00f3rio de autoavalia\u00e7\u00e3o Avin &#8211; 2012<\/a><\/li>\n<\/ul>\n","protected":false},"excerpt":{"rendered":"<p>Devolutiva AVIN 2015 para alunos e professores Gr\u00e1ficos AVIN 2015 Relat\u00f3rio de autoavalia\u00e7\u00e3o Avin &#8211; 2012<\/p>\n","protected":false},"author":1,"featured_media":0,"parent":417,"menu_order":6,"comment_status":"closed","ping_status":"closed","template":"templates\/template-curso_menu_vertical.php","meta":{"footnotes":""},"categories":[],"tags":[],"class_list":["post-1138","page","type-page","status-publish","hentry"],"_links":{"self":[{"href":"https:\/\/portal.unisepe.com.br\/univr\/wp-json\/wp\/v2\/pages\/1138","targetHints":{"allow":["GET"]}}],"collection":[{"href":"https:\/\/portal.unisepe.com.br\/univr\/wp-json\/wp\/v2\/pages"}],"about":[{"href":"https:\/\/portal.unisepe.com.br\/univr\/wp-json\/wp\/v2\/types\/page"}],"author":[{"embeddable":true,"href":"https:\/\/portal.unisepe.com.br\/univr\/wp-json\/wp\/v2\/users\/1"}],"replies":[{"embeddable":true,"href":"https:\/\/portal.unisepe.com.br\/univr\/wp-json\/wp\/v2\/comments?post=1138"}],"version-history":[{"count":1,"href":"https:\/\/portal.unisepe.com.br\/univr\/wp-json\/wp\/v2\/pages\/1138\/revisions"}],"predecessor-version":[{"id":1261,"href":"https:\/\/portal.unisepe.com.br\/univr\/wp-json\/wp\/v2\/pages\/1138\/revisions\/1261"}],"up":[{"embeddable":true,"href":"https:\/\/portal.unisepe.com.br\/univr\/wp-json\/wp\/v2\/pages\/417"}],"wp:attachment":[{"href":"https:\/\/portal.unisepe.com.br\/univr\/wp-json\/wp\/v2\/media?parent=1138"}],"wp:term":[{"taxonomy":"category","embeddable":true,"href":"https:\/\/portal.unisepe.com.br\/univr\/wp-json\/wp\/v2\/categories?post=1138"},{"taxonomy":"post_tag","embeddable":true,"href":"https:\/\/portal.unisepe.com.br\/univr\/wp-json\/wp\/v2\/tags?post=1138"}],"curies":[{"name":"wp","href":"https:\/\/api.w.org\/{rel}","templated":true}]}}