{"id":1140,"date":"2016-12-02T16:47:54","date_gmt":"2016-12-02T16:47:54","guid":{"rendered":"http:\/\/portal.unisepe.com.br\/univr\/?page_id=1140"},"modified":"2018-07-06T09:19:35","modified_gmt":"2018-07-06T12:19:35","slug":"producao-academica-e-cientifica","status":"publish","type":"page","link":"https:\/\/portal.unisepe.com.br\/univr\/fisioterapia\/producao-academica-e-cientifica\/","title":{"rendered":"Produ\u00e7\u00e3o acad\u00eamica e Cient\u00edfica"},"content":{"rendered":"<p><strong>Eventos e atividades externas<\/strong><\/p>\n<ul>\n<li><a href=\"http:\/\/portal.unisepe.com.br\/univr\/wp-content\/uploads\/sites\/10004\/2016\/12\/producao_academica_2016__visita_tecnica_na_rede_de_reabilitacao_lucy_montoro.pdf\" target=\"_Blank\">Curso de fisioterapia (fvr\/unisepe) realizada atividades previstas para o m\u00eas de agosto<\/a><\/li>\n<li><a href=\"http:\/\/portal.unisepe.com.br\/univr\/wp-content\/uploads\/sites\/10004\/2016\/12\/producao_academica_2016__retorno_as_atividades_de_estagio_na_policlinica_iesep.pdf\" target=\"_Blank\">Retorno \u00e0s atividades de est\u00e1gio na policl\u00ednica iesep.<\/a><\/li>\n<li><a href=\"http:\/\/portal.unisepe.com.br\/univr\/wp-content\/uploads\/sites\/10004\/2016\/12\/producao_academica_2016__manaha_da_saude_em_miracatu__sp.pdf\" target=\"_Blank\">Curso de fisioterapia (fvr\/unisepe) participa da \u201cmanh\u00e3 da sa\u00fade\u201d na cidade de miracatu\/sp<\/a><\/li>\n<li><a href=\"http:\/\/portal.unisepe.com.br\/univr\/wp-content\/uploads\/sites\/10004\/2016\/12\/producao_academica_2016__docente_do_curso_ganha_premio_por_publicacao_cientifica.pdf\" target=\"_Blank\">Professor do curso de fisioterapia das fvr\/unisepe \u00e9 premiado por produ\u00e7\u00e3o cient\u00edfica.<\/a><\/li>\n<li><a href=\"http:\/\/portal.unisepe.com.br\/univr\/wp-content\/uploads\/sites\/10004\/2016\/12\/producao_academica_2016__coordenador_de_fisioterapia_tem_artigo_publicado.pdf\" target=\"_Blank\">Coordenador de fisioterapia das fvr tem trabalho publicado no brazilian journal of physical therapy<\/a><\/li>\n<li><a href=\"http:\/\/portal.unisepe.com.br\/univr\/wp-content\/uploads\/sites\/10004\/2016\/12\/producao_academica_2014__8_semana_de_fisioterapia.pdf\" target=\"_Blank\">Relat\u00f3rio final \u2013 VIII semana de fisioterapia &#8211; fvr<\/a><\/li>\n<li><a href=\"http:\/\/portal.unisepe.com.br\/univr\/wp-content\/uploads\/sites\/10004\/2016\/12\/producao_academica_2013__visitas_tecnicas_em_areas_de_estagio.pdf\" target=\"_Blank\">Visitas t\u00e9cnicas em \u00e1reas de est\u00e1gio curricular em Fisioterapia<\/a><\/li>\n<li><a href=\"http:\/\/portal.unisepe.com.br\/univr\/wp-content\/uploads\/sites\/10004\/2016\/12\/producao_academica_2013__docente_do_curso_publica_artigo_internacional.pdf\" target=\"_Blank\">Docente do curso de fisioteraapia das fvr publica artigo Em revista cient\u00edfica internacional<\/a><\/li>\n<li><a href=\"http:\/\/portal.unisepe.com.br\/univr\/wp-content\/uploads\/sites\/10004\/2016\/12\/producao_academica_2013__atividades_praticas_em_sala_de_aula.pdf\" target=\"_Blank\">Viv\u00eancias pr\u00e1ticas em sala de aula<\/a><\/li>\n<li><a href=\"http:\/\/portal.unisepe.com.br\/univr\/wp-content\/uploads\/sites\/10004\/2016\/12\/producao_academica_2012__saude_na_estrada__rede_graal.pdf\" target=\"_Blank\">Sa\u00fade na estrada \u2013 rede graal<\/a><\/li>\n<li><a href=\"http:\/\/portal.unisepe.com.br\/univr\/wp-content\/uploads\/sites\/10004\/2016\/12\/producao_academica_2012__apresentacao_dos_trabalhos_de_fisiologia_humana.pdf\" target=\"_Blank\">Apresenta\u00e7\u00e3o das atividades pr\u00e1ticas da disciplina de fisiologia humana<\/a><\/li>\n<li><a href=\"http:\/\/portal.unisepe.com.br\/univr\/wp-content\/uploads\/sites\/10004\/2016\/12\/producao_academica_2012__3_etapa_da_liga_nipobrasileira_de_tenis_de_mesa.pdf\" target=\"_Blank\">Fivr recebe a 3\u00b0 etapa da liga nipo-brasileira de t\u00eanis de mesa.<\/a><\/li>\n<li><a href=\"http:\/\/portal.unisepe.com.br\/univr\/wp-content\/uploads\/sites\/10004\/2016\/12\/producao_academica_2012_6_semana_de_fisioterapia__fvr.pdf\" target=\"_Blank\">Relat\u00f3rio final \u2013 VI semana de fisioterapia<\/a><\/li>\n<\/ul>\n<p><strong>Inicia\u00e7\u00e3o cient\u00edfica<\/strong><\/p>\n<ul>\n<li><a href=\"http:\/\/portal.unisepe.com.br\/univr\/wp-content\/uploads\/sites\/10004\/2016\/12\/producao_academica_aluna_apresenta_trabalho_no_conic.pdf\" target=\"_Blank\">Aluna do curso de fisioterapia \u2013 fvr apresenta trabalho no conic 2011.<\/a><\/li>\n<li><a href=\"http:\/\/portal.unisepe.com.br\/univr\/wp-content\/uploads\/sites\/10004\/2016\/12\/producao_academica_publicacoes.pdf\" target=\"_Blank\">Rela\u00e7\u00e3o dos artigos publicados<\/a><\/li>\n<li><a href=\"http:\/\/portal.unisepe.com.br\/univr\/wp-content\/uploads\/sites\/10004\/2016\/12\/producao_academica_trabalhos_cientificos_desenvolvidos_em_20112012.pdf\" target=\"_Blank\">Projetos de inicia\u00e7\u00e3o cient\u00edfica \u2013 curso de fisioterapia \u2013 fvr<\/a><\/li>\n<\/ul>\n<p><strong>Caderno de resumos<\/strong><\/p>\n<ul>\n<li><a href=\"http:\/\/portal.unisepe.com.br\/univr\/wp-content\/uploads\/sites\/10004\/2016\/12\/producao_academica_i_caderno_de_resumos_do_curso_de_fisioterapia_2015.pdf\" target=\"_Blank\">1\u00ba caderno de resumos do Curso de fisioterapia Fvr 2015-2<\/a><\/li>\n<\/ul>\n","protected":false},"excerpt":{"rendered":"<p>Eventos e atividades externas Curso de fisioterapia (fvr\/unisepe) realizada atividades previstas para o m\u00eas de agosto Retorno \u00e0s atividades de est\u00e1gio na policl\u00ednica iesep. Curso de fisioterapia (fvr\/unisepe) participa da \u201cmanh\u00e3 da sa\u00fade\u201d na cidade de miracatu\/sp Professor do curso de fisioterapia das fvr\/unisepe \u00e9 premiado por produ\u00e7\u00e3o cient\u00edfica. Coordenador<\/p>\n","protected":false},"author":1,"featured_media":0,"parent":417,"menu_order":8,"comment_status":"closed","ping_status":"closed","template":"templates\/template-curso_menu_vertical.php","meta":{"footnotes":""},"categories":[],"tags":[],"class_list":["post-1140","page","type-page","status-publish","hentry"],"_links":{"self":[{"href":"https:\/\/portal.unisepe.com.br\/univr\/wp-json\/wp\/v2\/pages\/1140","targetHints":{"allow":["GET"]}}],"collection":[{"href":"https:\/\/portal.unisepe.com.br\/univr\/wp-json\/wp\/v2\/pages"}],"about":[{"href":"https:\/\/portal.unisepe.com.br\/univr\/wp-json\/wp\/v2\/types\/page"}],"author":[{"embeddable":true,"href":"https:\/\/portal.unisepe.com.br\/univr\/wp-json\/wp\/v2\/users\/1"}],"replies":[{"embeddable":true,"href":"https:\/\/portal.unisepe.com.br\/univr\/wp-json\/wp\/v2\/comments?post=1140"}],"version-history":[{"count":3,"href":"https:\/\/portal.unisepe.com.br\/univr\/wp-json\/wp\/v2\/pages\/1140\/revisions"}],"predecessor-version":[{"id":2518,"href":"https:\/\/portal.unisepe.com.br\/univr\/wp-json\/wp\/v2\/pages\/1140\/revisions\/2518"}],"up":[{"embeddable":true,"href":"https:\/\/portal.unisepe.com.br\/univr\/wp-json\/wp\/v2\/pages\/417"}],"wp:attachment":[{"href":"https:\/\/portal.unisepe.com.br\/univr\/wp-json\/wp\/v2\/media?parent=1140"}],"wp:term":[{"taxonomy":"category","embeddable":true,"href":"https:\/\/portal.unisepe.com.br\/univr\/wp-json\/wp\/v2\/categories?post=1140"},{"taxonomy":"post_tag","embeddable":true,"href":"https:\/\/portal.unisepe.com.br\/univr\/wp-json\/wp\/v2\/tags?post=1140"}],"curies":[{"name":"wp","href":"https:\/\/api.w.org\/{rel}","templated":true}]}}