{"id":1292,"date":"2017-02-03T16:19:12","date_gmt":"2017-02-03T18:19:12","guid":{"rendered":"\/?page_id=1292"},"modified":"2020-03-19T16:35:31","modified_gmt":"2020-03-19T19:35:31","slug":"instituicao","status":"publish","type":"page","link":"https:\/\/portal.unisepe.com.br\/univr\/a-instituicao\/instituicao\/","title":{"rendered":"Institui\u00e7\u00e3o"},"content":{"rendered":"<p><span>CENTRO UNIVERSIT\u00c1RIO DO VALE DO RIBEIRA &#8211;\u00a0<\/span><span>UNIVR<\/span><\/p>\n<p>C\u00f3digo (MEC) 1554<\/p>\n<ul>\n<li><strong><a href=\"http:\/\/portal.unisepe.com.br\/univr\/wp-content\/uploads\/sites\/10004\/2020\/03\/2019-2-DOU-CREDENCIAMENTO-DA-UNIVR-PORTARIA-N\u00ba-1.321-DE-12-DE-JULHO-DE-2019.pdf\" target=\"_blank\" rel=\"noopener\">Portaria de Recredenciamento 2019 &#8211; Centro Universit\u00e1rio do Vale do Ribeira<\/a><\/strong><\/li>\n<li><strong><a href=\"http:\/\/portal.unisepe.com.br\/univr\/wp-content\/uploads\/sites\/10004\/2020\/03\/2018-1-FVR-PORTARIA-DE-CREDENCIAMENTO-DAS-FVR-EAD-08-01-2018.pdf\" target=\"_blank\" rel=\"noopener\">Portaria de Recredenciamento 2018<\/a><\/strong><\/li>\n<\/ul>\n","protected":false},"excerpt":{"rendered":"<p>CENTRO UNIVERSIT\u00c1RIO DO VALE DO RIBEIRA &#8211;\u00a0UNIVR C\u00f3digo (MEC) 1554 Portaria de Recredenciamento 2019 &#8211; Centro Universit\u00e1rio do Vale do Ribeira Portaria de Recredenciamento 2018<\/p>\n","protected":false},"author":1,"featured_media":0,"parent":81,"menu_order":-1,"comment_status":"closed","ping_status":"closed","template":"templates\/template-pagina_menu_vertical.php","meta":{"footnotes":""},"categories":[],"tags":[],"class_list":["post-1292","page","type-page","status-publish","hentry"],"_links":{"self":[{"href":"https:\/\/portal.unisepe.com.br\/univr\/wp-json\/wp\/v2\/pages\/1292","targetHints":{"allow":["GET"]}}],"collection":[{"href":"https:\/\/portal.unisepe.com.br\/univr\/wp-json\/wp\/v2\/pages"}],"about":[{"href":"https:\/\/portal.unisepe.com.br\/univr\/wp-json\/wp\/v2\/types\/page"}],"author":[{"embeddable":true,"href":"https:\/\/portal.unisepe.com.br\/univr\/wp-json\/wp\/v2\/users\/1"}],"replies":[{"embeddable":true,"href":"https:\/\/portal.unisepe.com.br\/univr\/wp-json\/wp\/v2\/comments?post=1292"}],"version-history":[{"count":5,"href":"https:\/\/portal.unisepe.com.br\/univr\/wp-json\/wp\/v2\/pages\/1292\/revisions"}],"predecessor-version":[{"id":4043,"href":"https:\/\/portal.unisepe.com.br\/univr\/wp-json\/wp\/v2\/pages\/1292\/revisions\/4043"}],"up":[{"embeddable":true,"href":"https:\/\/portal.unisepe.com.br\/univr\/wp-json\/wp\/v2\/pages\/81"}],"wp:attachment":[{"href":"https:\/\/portal.unisepe.com.br\/univr\/wp-json\/wp\/v2\/media?parent=1292"}],"wp:term":[{"taxonomy":"category","embeddable":true,"href":"https:\/\/portal.unisepe.com.br\/univr\/wp-json\/wp\/v2\/categories?post=1292"},{"taxonomy":"post_tag","embeddable":true,"href":"https:\/\/portal.unisepe.com.br\/univr\/wp-json\/wp\/v2\/tags?post=1292"}],"curies":[{"name":"wp","href":"https:\/\/api.w.org\/{rel}","templated":true}]}}