{"id":1345,"date":"2017-04-01T10:31:49","date_gmt":"2017-04-01T13:31:49","guid":{"rendered":"\/?page_id=1345"},"modified":"2018-04-10T11:31:08","modified_gmt":"2018-04-10T14:31:08","slug":"policlinica","status":"publish","type":"page","link":"https:\/\/portal.unisepe.com.br\/univr\/enfermagem\/policlinica\/","title":{"rendered":"Policl\u00ednica"},"content":{"rendered":"<p style=\"text-align: justify;\">A Policl\u00ednica IESEP \u00e9 uma cl\u00ednica escola mantida pelo Instituto Educacional de Servi\u00e7o, Ensino e Pesquisa que oferece atendimento multiprofissional a comunidade do Vale do Ribeira<strong>. <\/strong>Seus servi\u00e7os vinculam-se a aten\u00e7\u00e3o b\u00e1sica e ocorrem por meio da promo\u00e7\u00e3o, preven\u00e7\u00e3o, prote\u00e7\u00e3o e reabilita\u00e7\u00e3o em sa\u00fade. Para enfermagem representa um dos locais de est\u00e1gio supervisionado onde \u00e9 desenvolvido a consulta de enfermagem, a educa\u00e7\u00e3o em sa\u00fade e o relacionamento terap\u00eautico com o p\u00fablico atendido. Para maiores informa\u00e7\u00f5es visite o site da POLICL\u00cdNICA IESEP (acesso: <a href=\"http:\/\/iesep.com.br\/policlinica\/\"><strong>http:\/\/iesep.com.br\/policlinica\/<\/strong><\/a>).<\/p>\n","protected":false},"excerpt":{"rendered":"<p>A Policl\u00ednica IESEP \u00e9 uma cl\u00ednica escola mantida pelo Instituto Educacional de Servi\u00e7o, Ensino e Pesquisa que oferece atendimento multiprofissional a comunidade do Vale do Ribeira. Seus servi\u00e7os vinculam-se a aten\u00e7\u00e3o b\u00e1sica e ocorrem por meio da promo\u00e7\u00e3o, preven\u00e7\u00e3o, prote\u00e7\u00e3o e reabilita\u00e7\u00e3o em sa\u00fade. Para enfermagem representa um dos locais<\/p>\n","protected":false},"author":1,"featured_media":0,"parent":377,"menu_order":0,"comment_status":"closed","ping_status":"closed","template":"templates\/template-curso_menu_vertical.php","meta":{"footnotes":""},"categories":[],"tags":[],"class_list":["post-1345","page","type-page","status-publish","hentry"],"_links":{"self":[{"href":"https:\/\/portal.unisepe.com.br\/univr\/wp-json\/wp\/v2\/pages\/1345","targetHints":{"allow":["GET"]}}],"collection":[{"href":"https:\/\/portal.unisepe.com.br\/univr\/wp-json\/wp\/v2\/pages"}],"about":[{"href":"https:\/\/portal.unisepe.com.br\/univr\/wp-json\/wp\/v2\/types\/page"}],"author":[{"embeddable":true,"href":"https:\/\/portal.unisepe.com.br\/univr\/wp-json\/wp\/v2\/users\/1"}],"replies":[{"embeddable":true,"href":"https:\/\/portal.unisepe.com.br\/univr\/wp-json\/wp\/v2\/comments?post=1345"}],"version-history":[{"count":2,"href":"https:\/\/portal.unisepe.com.br\/univr\/wp-json\/wp\/v2\/pages\/1345\/revisions"}],"predecessor-version":[{"id":2173,"href":"https:\/\/portal.unisepe.com.br\/univr\/wp-json\/wp\/v2\/pages\/1345\/revisions\/2173"}],"up":[{"embeddable":true,"href":"https:\/\/portal.unisepe.com.br\/univr\/wp-json\/wp\/v2\/pages\/377"}],"wp:attachment":[{"href":"https:\/\/portal.unisepe.com.br\/univr\/wp-json\/wp\/v2\/media?parent=1345"}],"wp:term":[{"taxonomy":"category","embeddable":true,"href":"https:\/\/portal.unisepe.com.br\/univr\/wp-json\/wp\/v2\/categories?post=1345"},{"taxonomy":"post_tag","embeddable":true,"href":"https:\/\/portal.unisepe.com.br\/univr\/wp-json\/wp\/v2\/tags?post=1345"}],"curies":[{"name":"wp","href":"https:\/\/api.w.org\/{rel}","templated":true}]}}