{"id":1347,"date":"2017-04-01T10:32:25","date_gmt":"2017-04-01T13:32:25","guid":{"rendered":"\/?page_id=1347"},"modified":"2020-03-19T16:08:01","modified_gmt":"2020-03-19T19:08:01","slug":"monitoria","status":"publish","type":"page","link":"https:\/\/portal.unisepe.com.br\/univr\/enfermagem\/monitoria\/","title":{"rendered":"Monitoria"},"content":{"rendered":"<p>O Programa de Monitoria representa mais uma possibilidade de aprendizagem para os alunos do curso de Enfermagem e contribui para sua forma\u00e7\u00e3o integrada. Tem como principal finalidade o aperfei\u00e7oamento acad\u00eamico e profissional. Al\u00e9m disso, s\u00e3o objetivos deste programa: promover a coopera\u00e7\u00e3o entre alunos e professores, gerar possibilidades para o desenvolvimento da educa\u00e7\u00e3o permanente, despertar o interesse do aluno pelas atividades no eixo Ensino, Pesquisa e Extens\u00e3o Universit\u00e1ria \/ Assist\u00eancia.<\/p>\n<p>O exerc\u00edcio da monitoria \u00e9 volunt\u00e1rio e as atividades s\u00e3o desenvolvidas em hor\u00e1rios que n\u00e3o coincidam com as atividades acad\u00eamicas do aluno monitor. Para participar no Programa de Monitoria do curso de Enfermagem do <span>Centro Universit\u00e1rio do Vale do Ribeira\u00a0<\/span>o aluno deve consultar a coordena\u00e7\u00e3o do curso e acompanhar a divulga\u00e7\u00e3o semestral do edital de sele\u00e7\u00e3o.<\/p>\n<p>&nbsp;<\/p>\n<div id=\"responsive-table\">\n<table class=\"table table-striped\" border=\"1\">\n<thead>\n<tr>\n<th>Edital<\/th>\n<th>Resultado<\/th>\n<\/tr>\n<\/thead>\n<tbody>\n<tr>\n<td>\n<ul>\n<li><strong><strong><a href=\"http:\/\/portal.unisepe.com.br\/univr\/wp-content\/uploads\/sites\/10004\/2019\/02\/Sele\u00e7\u00e3o-Monitoria-2019.1-.pdf\" target=\"_blank\" rel=\"noopener\">EDITAL SELE\u00c7\u00c3O DE MONITORIA 2019.1<\/a><\/strong><\/strong><\/li>\n<li><strong><a href=\"http:\/\/portal.unisepe.com.br\/univr\/wp-content\/uploads\/sites\/10004\/2019\/02\/Ficha-de-inscri%C3%A7%C3%A3o-Monitoria.pdf\" target=\"_blank\" rel=\"noopener\">FICHA DE INSCRI\u00c7\u00c3O PARA MONITORIA 2019.1<\/a><br \/>\n<\/strong><\/li>\n<\/ul>\n<\/td>\n<td>\n<ul>\n<li><strong><a href=\"http:\/\/portal.unisepe.com.br\/univr\/wp-content\/uploads\/sites\/10004\/2019\/03\/Resultado-Monitoria-2019.1.pdf\" target=\"_blank\" rel=\"noopener\">RESULTADO MONITORIA 2019.1<\/a><br \/>\n<\/strong><\/li>\n<\/ul>\n<\/td>\n<\/tr>\n<tr>\n<td>\n<ul>\n<li><strong><a href=\"http:\/\/portal.unisepe.com.br\/univr\/wp-content\/uploads\/sites\/10004\/2019\/08\/Sele\u00e7\u00e3o-Monitoria-2019.2.pdf\" target=\"_blank\" rel=\"noopener\">EDITAL SELE\u00c7\u00c3O DE MONITORIA 2019.2<\/a><br \/>\n<\/strong><\/li>\n<\/ul>\n<\/td>\n<td style=\"text-align: center;\">\n<ul>\n<li style=\"text-align: left;\"><a href=\"http:\/\/portal.unisepe.com.br\/univr\/wp-content\/uploads\/sites\/10004\/2019\/08\/Resultado-Monitoria-2019.2.pdf\"><strong>RESULTADO MONITORIA 2019.2<\/strong><\/a><\/li>\n<\/ul>\n<\/td>\n<\/tr>\n<\/tbody>\n<\/table>\n<\/div>\n","protected":false},"excerpt":{"rendered":"<p>O Programa de Monitoria representa mais uma possibilidade de aprendizagem para os alunos do curso de Enfermagem e contribui para sua forma\u00e7\u00e3o integrada. Tem como principal finalidade o aperfei\u00e7oamento acad\u00eamico e profissional. Al\u00e9m disso, s\u00e3o objetivos deste programa: promover a coopera\u00e7\u00e3o entre alunos e professores, gerar possibilidades para o desenvolvimento<\/p>\n","protected":false},"author":1,"featured_media":0,"parent":377,"menu_order":0,"comment_status":"closed","ping_status":"closed","template":"templates\/template-curso_menu_vertical.php","meta":{"footnotes":""},"categories":[],"tags":[],"class_list":["post-1347","page","type-page","status-publish","hentry"],"_links":{"self":[{"href":"https:\/\/portal.unisepe.com.br\/univr\/wp-json\/wp\/v2\/pages\/1347","targetHints":{"allow":["GET"]}}],"collection":[{"href":"https:\/\/portal.unisepe.com.br\/univr\/wp-json\/wp\/v2\/pages"}],"about":[{"href":"https:\/\/portal.unisepe.com.br\/univr\/wp-json\/wp\/v2\/types\/page"}],"author":[{"embeddable":true,"href":"https:\/\/portal.unisepe.com.br\/univr\/wp-json\/wp\/v2\/users\/1"}],"replies":[{"embeddable":true,"href":"https:\/\/portal.unisepe.com.br\/univr\/wp-json\/wp\/v2\/comments?post=1347"}],"version-history":[{"count":14,"href":"https:\/\/portal.unisepe.com.br\/univr\/wp-json\/wp\/v2\/pages\/1347\/revisions"}],"predecessor-version":[{"id":4030,"href":"https:\/\/portal.unisepe.com.br\/univr\/wp-json\/wp\/v2\/pages\/1347\/revisions\/4030"}],"up":[{"embeddable":true,"href":"https:\/\/portal.unisepe.com.br\/univr\/wp-json\/wp\/v2\/pages\/377"}],"wp:attachment":[{"href":"https:\/\/portal.unisepe.com.br\/univr\/wp-json\/wp\/v2\/media?parent=1347"}],"wp:term":[{"taxonomy":"category","embeddable":true,"href":"https:\/\/portal.unisepe.com.br\/univr\/wp-json\/wp\/v2\/categories?post=1347"},{"taxonomy":"post_tag","embeddable":true,"href":"https:\/\/portal.unisepe.com.br\/univr\/wp-json\/wp\/v2\/tags?post=1347"}],"curies":[{"name":"wp","href":"https:\/\/api.w.org\/{rel}","templated":true}]}}