{"id":1351,"date":"2017-04-01T10:33:36","date_gmt":"2017-04-01T13:33:36","guid":{"rendered":"\/?page_id=1351"},"modified":"2020-03-19T16:07:00","modified_gmt":"2020-03-19T19:07:00","slug":"extensao-universitaria","status":"publish","type":"page","link":"https:\/\/portal.unisepe.com.br\/univr\/enfermagem\/extensao-universitaria\/","title":{"rendered":"Extens\u00e3o Universit\u00e1ria"},"content":{"rendered":"<p style=\"text-align: justify;\">A Extens\u00e3o Universit\u00e1ria representa o elo entre a institui\u00e7\u00e3o de ensino e a sociedade. As atividades desenvolvidas possibilitam o interc\u00e2mbio de informa\u00e7\u00f5es e experi\u00eancias. Deste modo, ela \u00e9 indispens\u00e1vel para a forma\u00e7\u00e3o do estudante e para o seu reconhecimento enquanto profissional e cidad\u00e3o. Na enfermagem os projetos de extens\u00e3o universit\u00e1ria permitem aos alunos a viv\u00eancia sobre o papel do enfermeiro na comunidade, no ensino, na assist\u00eancia em sa\u00fade e na pesquisa. Os projetos de extens\u00e3o do curso de enfermagem do\u00a0<span>Centro Universit\u00e1rio do Vale do Ribeira<\/span> s\u00e3o tutoriados por docentes do curso e envolvem:<\/p>\n<ul>\n<li>Liga acad\u00eamica de aten\u00e7\u00e3o \u00e0 sa\u00fade<\/li>\n<li>Policl\u00ednica IESEP<\/li>\n<li>Campanhas de sa\u00fade<\/li>\n<li>Eventos na comunidade e institucional<\/li>\n<li><a href=\"http:\/\/portal.unisepe.com.br\/univr\/wp-content\/uploads\/sites\/10004\/2019\/06\/Sele\u00e7\u00e3o-Liga-Acad\u00eamica-2019.1.pdf\" target=\"_blank\" rel=\"noopener\">Edital\u00a0Liga Acad\u00eamica de Aten\u00e7\u00e3o \u00e0 Sa\u00fade 2019-1\u00a0<\/a><\/li>\n<li><a href=\"http:\/\/portal.unisepe.com.br\/univr\/wp-content\/uploads\/sites\/10004\/2019\/06\/Resultado-Sele\u00e7\u00e3o-Liga-Acad\u00eamica-de-Aten\u00e7\u00e3o-\u00e0-Sa\u00fade-2019.1.pdf\" target=\"_blank\" rel=\"noopener\">Resultado Sele\u00e7\u00e3o Liga Acad\u00eamica de Aten\u00e7\u00e3o \u00e1 Sa\u00fade 2019-1<\/a><\/li>\n<\/ul>\n","protected":false},"excerpt":{"rendered":"<p>A Extens\u00e3o Universit\u00e1ria representa o elo entre a institui\u00e7\u00e3o de ensino e a sociedade. As atividades desenvolvidas possibilitam o interc\u00e2mbio de informa\u00e7\u00f5es e experi\u00eancias. Deste modo, ela \u00e9 indispens\u00e1vel para a forma\u00e7\u00e3o do estudante e para o seu reconhecimento enquanto profissional e cidad\u00e3o. Na enfermagem os projetos de extens\u00e3o universit\u00e1ria<\/p>\n","protected":false},"author":1,"featured_media":0,"parent":377,"menu_order":0,"comment_status":"closed","ping_status":"closed","template":"templates\/template-curso_menu_vertical.php","meta":{"footnotes":""},"categories":[],"tags":[],"class_list":["post-1351","page","type-page","status-publish","hentry"],"_links":{"self":[{"href":"https:\/\/portal.unisepe.com.br\/univr\/wp-json\/wp\/v2\/pages\/1351","targetHints":{"allow":["GET"]}}],"collection":[{"href":"https:\/\/portal.unisepe.com.br\/univr\/wp-json\/wp\/v2\/pages"}],"about":[{"href":"https:\/\/portal.unisepe.com.br\/univr\/wp-json\/wp\/v2\/types\/page"}],"author":[{"embeddable":true,"href":"https:\/\/portal.unisepe.com.br\/univr\/wp-json\/wp\/v2\/users\/1"}],"replies":[{"embeddable":true,"href":"https:\/\/portal.unisepe.com.br\/univr\/wp-json\/wp\/v2\/comments?post=1351"}],"version-history":[{"count":5,"href":"https:\/\/portal.unisepe.com.br\/univr\/wp-json\/wp\/v2\/pages\/1351\/revisions"}],"predecessor-version":[{"id":4028,"href":"https:\/\/portal.unisepe.com.br\/univr\/wp-json\/wp\/v2\/pages\/1351\/revisions\/4028"}],"up":[{"embeddable":true,"href":"https:\/\/portal.unisepe.com.br\/univr\/wp-json\/wp\/v2\/pages\/377"}],"wp:attachment":[{"href":"https:\/\/portal.unisepe.com.br\/univr\/wp-json\/wp\/v2\/media?parent=1351"}],"wp:term":[{"taxonomy":"category","embeddable":true,"href":"https:\/\/portal.unisepe.com.br\/univr\/wp-json\/wp\/v2\/categories?post=1351"},{"taxonomy":"post_tag","embeddable":true,"href":"https:\/\/portal.unisepe.com.br\/univr\/wp-json\/wp\/v2\/tags?post=1351"}],"curies":[{"name":"wp","href":"https:\/\/api.w.org\/{rel}","templated":true}]}}