{"id":1355,"date":"2017-04-01T10:34:15","date_gmt":"2017-04-01T13:34:15","guid":{"rendered":"\/?page_id=1355"},"modified":"2020-03-19T16:05:52","modified_gmt":"2020-03-19T19:05:52","slug":"pos-graduacao","status":"publish","type":"page","link":"https:\/\/portal.unisepe.com.br\/univr\/enfermagem\/pos-graduacao\/","title":{"rendered":"P\u00f3s-gradua\u00e7\u00e3o"},"content":{"rendered":"<p style=\"text-align: justify;\"><span>O Centro Universit\u00e1rio do Vale do Ribeira<\/span> conta a p\u00f3s-gradua\u00e7\u00e3o <em>Lato Sensu <\/em>na grande \u00e1rea de ci\u00eancias da sa\u00fade. Todos os programas possuem aprova\u00e7\u00e3o do Minist\u00e9rio da Educa\u00e7\u00e3o (MEC) e as aulas s\u00e3o ministradas por mestres e doutores. Para maiores informa\u00e7\u00f5es visite o site institucional (acesso: <a href=\"http:\/\/central.unisep.com.br\/treinamentos\/index.php\/cursos\/0003\/2\/0\"><strong>http:\/\/central.unisep.com.br\/<\/strong><\/a>). <strong>\u00a0<\/strong><\/p>\n<p>P\u00f3s-gradua\u00e7\u00e3o <em>Lato Sensu <\/em>oferecidas pelo\u00a0<span>Centro Universit\u00e1rio do Vale do Ribeira<\/span> para graduados em enfermagem:<\/p>\n<ul>\n<li>Enfermagem em Cardiologia e Hemodin\u00e2mica<\/li>\n<li>Interven\u00e7\u00e3o Hospitalar \u2013 \u00canfase em Ventila\u00e7\u00e3o Mec\u00e2nica<\/li>\n<\/ul>\n","protected":false},"excerpt":{"rendered":"<p>O Centro Universit\u00e1rio do Vale do Ribeira conta a p\u00f3s-gradua\u00e7\u00e3o Lato Sensu na grande \u00e1rea de ci\u00eancias da sa\u00fade. Todos os programas possuem aprova\u00e7\u00e3o do Minist\u00e9rio da Educa\u00e7\u00e3o (MEC) e as aulas s\u00e3o ministradas por mestres e doutores. Para maiores informa\u00e7\u00f5es visite o site institucional (acesso: http:\/\/central.unisep.com.br\/). \u00a0 P\u00f3s-gradua\u00e7\u00e3o Lato<\/p>\n","protected":false},"author":1,"featured_media":0,"parent":377,"menu_order":0,"comment_status":"closed","ping_status":"closed","template":"templates\/template-curso_menu_vertical.php","meta":{"footnotes":""},"categories":[],"tags":[],"class_list":["post-1355","page","type-page","status-publish","hentry"],"_links":{"self":[{"href":"https:\/\/portal.unisepe.com.br\/univr\/wp-json\/wp\/v2\/pages\/1355","targetHints":{"allow":["GET"]}}],"collection":[{"href":"https:\/\/portal.unisepe.com.br\/univr\/wp-json\/wp\/v2\/pages"}],"about":[{"href":"https:\/\/portal.unisepe.com.br\/univr\/wp-json\/wp\/v2\/types\/page"}],"author":[{"embeddable":true,"href":"https:\/\/portal.unisepe.com.br\/univr\/wp-json\/wp\/v2\/users\/1"}],"replies":[{"embeddable":true,"href":"https:\/\/portal.unisepe.com.br\/univr\/wp-json\/wp\/v2\/comments?post=1355"}],"version-history":[{"count":5,"href":"https:\/\/portal.unisepe.com.br\/univr\/wp-json\/wp\/v2\/pages\/1355\/revisions"}],"predecessor-version":[{"id":4026,"href":"https:\/\/portal.unisepe.com.br\/univr\/wp-json\/wp\/v2\/pages\/1355\/revisions\/4026"}],"up":[{"embeddable":true,"href":"https:\/\/portal.unisepe.com.br\/univr\/wp-json\/wp\/v2\/pages\/377"}],"wp:attachment":[{"href":"https:\/\/portal.unisepe.com.br\/univr\/wp-json\/wp\/v2\/media?parent=1355"}],"wp:term":[{"taxonomy":"category","embeddable":true,"href":"https:\/\/portal.unisepe.com.br\/univr\/wp-json\/wp\/v2\/categories?post=1355"},{"taxonomy":"post_tag","embeddable":true,"href":"https:\/\/portal.unisepe.com.br\/univr\/wp-json\/wp\/v2\/tags?post=1355"}],"curies":[{"name":"wp","href":"https:\/\/api.w.org\/{rel}","templated":true}]}}