{"id":1357,"date":"2017-04-01T10:34:37","date_gmt":"2017-04-01T13:34:37","guid":{"rendered":"\/?page_id=1357"},"modified":"2019-08-07T09:38:36","modified_gmt":"2019-08-07T12:38:36","slug":"manuais-e-formularios","status":"publish","type":"page","link":"https:\/\/portal.unisepe.com.br\/univr\/enfermagem\/manuais-e-formularios\/","title":{"rendered":"Manuais e Formul\u00e1rios"},"content":{"rendered":"<p><b>Relat\u00f3rio\u00a0de Visita T\u00e9cnica<\/b><\/p>\n<p><a href=\"http:\/\/portal.unisepe.com.br\/univr\/wp-content\/uploads\/sites\/10004\/2019\/08\/RELAT\u00d3RIO-DE-VISITA-T\u00c9CNICA-ALUNO.pdf\" target=\"_blank\" rel=\"noopener\">Experi\u00eancia in loco<\/a><\/p>\n<p><strong>Aula Pr\u00e1tica<\/strong><\/p>\n<p><a href=\"http:\/\/portal.unisepe.com.br\/univr\/wp-content\/uploads\/sites\/10004\/2019\/03\/Relat\u00f3rio-de-Aula-Pr\u00e1tica.pdf\" target=\"_blank\" rel=\"noopener\">Relat\u00f3rio de Aula Pr\u00e1tica<\/a><\/p>\n<p>&nbsp;<\/p>\n<p><strong>Est\u00e1gio Supervisionado<\/strong><\/p>\n<p><a href=\"http:\/\/portal.unisepe.com.br\/univr\/wp-content\/uploads\/sites\/10004\/2018\/02\/Ficha-de-Identifica\u00e7\u00e3o-do-Aluno-Est\u00e1gio-Supervisionado.pdf\" target=\"_blank\" rel=\"noopener\">Ficha de Identifica\u00e7\u00e3o do Aluno &#8211; Est\u00e1gio Supervisionado<\/a><\/p>\n<p><a href=\"http:\/\/portal.unisepe.com.br\/univr\/wp-content\/uploads\/sites\/10004\/2019\/03\/Instrumento-de-Avalia\u00e7\u00e3o-de-Est\u00e1gio-Supervisionado-Aluno.pdf\" target=\"_blank\" rel=\"noopener\">Instrumento de Avalia\u00e7\u00e3o de Est\u00e1gio Supervisionado &#8211; Autoavalia\u00e7\u00e3o Aluno<\/a><\/p>\n<p><a href=\"http:\/\/portal.unisepe.com.br\/univr\/wp-content\/uploads\/sites\/10004\/2019\/03\/Instrumento-de-Avalia\u00e7\u00e3o-de-Est\u00e1gio-Supervisionado-Docente.pdf\" target=\"_blank\" rel=\"noopener\">Instrumento de Avalia\u00e7\u00e3o de Est\u00e1gio Supervisionado &#8211; Docente<\/a><\/p>\n<p><a href=\"http:\/\/portal.unisepe.com.br\/univr\/wp-content\/uploads\/sites\/10004\/2018\/04\/Modelo-de-Estudo-de-Caso.docx\" target=\"_blank\" rel=\"noopener\">Modelo de Estudo de Caso<\/a><\/p>\n<p><a href=\"http:\/\/portal.unisepe.com.br\/univr\/wp-content\/uploads\/sites\/10004\/2018\/02\/Modelo-de-Relat\u00f3rio-Final.docx\" target=\"_blank\" rel=\"noopener\">Modelo de Relat\u00f3rio Final<\/a><\/p>\n<p><a href=\"http:\/\/portal.unisepe.com.br\/univr\/wp-content\/uploads\/sites\/10004\/2018\/02\/Relat\u00f3rio-de-Atividade-Di\u00e1ria.pdf\" target=\"_blank\" rel=\"noopener\">Relat\u00f3rio de Atividade Di\u00e1ria<\/a><\/p>\n<p>&nbsp;<\/p>\n<p><strong>Pr\u00e1ticas Integradas em Sa\u00fade<\/strong><\/p>\n<p><a href=\"http:\/\/portal.unisepe.com.br\/univr\/wp-content\/uploads\/sites\/10004\/2019\/03\/RELAT\u00d3RIO-DE-PR\u00c1TICAS-INTEGRADAS-EM-SA\u00daDE.pdf\" target=\"_blank\" rel=\"noopener\">Relat\u00f3rio de Pr\u00e1ticas Integradas em Sa\u00fade<\/a><\/p>\n<p>&nbsp;<\/p>\n<p><strong>Manuais\u00a0\u00a0<\/strong><\/p>\n<p><a href=\"http:\/\/portal.unisepe.com.br\/univr\/wp-content\/uploads\/sites\/10004\/2018\/02\/Manual-de-Procedimentos-B\u00e1sicos-de-Enfermagem.pdf\" target=\"_blank\" rel=\"noopener\">Manual de Procedimentos B\u00e1sicos de Enfermagem<\/a><\/p>\n<p>&nbsp;<\/p>\n","protected":false},"excerpt":{"rendered":"<p>Relat\u00f3rio\u00a0de Visita T\u00e9cnica Experi\u00eancia in loco Aula Pr\u00e1tica Relat\u00f3rio de Aula Pr\u00e1tica &nbsp; Est\u00e1gio Supervisionado Ficha de Identifica\u00e7\u00e3o do Aluno &#8211; Est\u00e1gio Supervisionado Instrumento de Avalia\u00e7\u00e3o de Est\u00e1gio Supervisionado &#8211; Autoavalia\u00e7\u00e3o Aluno Instrumento de Avalia\u00e7\u00e3o de Est\u00e1gio Supervisionado &#8211; Docente Modelo de Estudo de Caso Modelo de Relat\u00f3rio Final Relat\u00f3rio<\/p>\n","protected":false},"author":1,"featured_media":0,"parent":377,"menu_order":0,"comment_status":"closed","ping_status":"closed","template":"templates\/template-curso_menu_vertical.php","meta":{"footnotes":""},"categories":[],"tags":[],"class_list":["post-1357","page","type-page","status-publish","hentry"],"_links":{"self":[{"href":"https:\/\/portal.unisepe.com.br\/univr\/wp-json\/wp\/v2\/pages\/1357","targetHints":{"allow":["GET"]}}],"collection":[{"href":"https:\/\/portal.unisepe.com.br\/univr\/wp-json\/wp\/v2\/pages"}],"about":[{"href":"https:\/\/portal.unisepe.com.br\/univr\/wp-json\/wp\/v2\/types\/page"}],"author":[{"embeddable":true,"href":"https:\/\/portal.unisepe.com.br\/univr\/wp-json\/wp\/v2\/users\/1"}],"replies":[{"embeddable":true,"href":"https:\/\/portal.unisepe.com.br\/univr\/wp-json\/wp\/v2\/comments?post=1357"}],"version-history":[{"count":14,"href":"https:\/\/portal.unisepe.com.br\/univr\/wp-json\/wp\/v2\/pages\/1357\/revisions"}],"predecessor-version":[{"id":3215,"href":"https:\/\/portal.unisepe.com.br\/univr\/wp-json\/wp\/v2\/pages\/1357\/revisions\/3215"}],"up":[{"embeddable":true,"href":"https:\/\/portal.unisepe.com.br\/univr\/wp-json\/wp\/v2\/pages\/377"}],"wp:attachment":[{"href":"https:\/\/portal.unisepe.com.br\/univr\/wp-json\/wp\/v2\/media?parent=1357"}],"wp:term":[{"taxonomy":"category","embeddable":true,"href":"https:\/\/portal.unisepe.com.br\/univr\/wp-json\/wp\/v2\/categories?post=1357"},{"taxonomy":"post_tag","embeddable":true,"href":"https:\/\/portal.unisepe.com.br\/univr\/wp-json\/wp\/v2\/tags?post=1357"}],"curies":[{"name":"wp","href":"https:\/\/api.w.org\/{rel}","templated":true}]}}