{"id":1359,"date":"2017-04-01T10:35:01","date_gmt":"2017-04-01T13:35:01","guid":{"rendered":"\/?page_id=1359"},"modified":"2018-12-13T14:49:35","modified_gmt":"2018-12-13T16:49:35","slug":"galeria-de-fotos","status":"publish","type":"page","link":"https:\/\/portal.unisepe.com.br\/univr\/enfermagem\/galeria-de-fotos\/","title":{"rendered":"Galeria de Fotos"},"content":{"rendered":"\n\t\t<style type=\"text\/css\">\n\t\t\t#gallery-1 {\n\t\t\t\tmargin: auto;\n\t\t\t}\n\t\t\t#gallery-1 .gallery-item {\n\t\t\t\tfloat: left;\n\t\t\t\tmargin-top: 10px;\n\t\t\t\ttext-align: center;\n\t\t\t\twidth: 50%;\n\t\t\t}\n\t\t\t#gallery-1 img {\n\t\t\t\tborder: 2px solid #cfcfcf;\n\t\t\t}\n\t\t\t#gallery-1 .gallery-caption {\n\t\t\t\tmargin-left: 0;\n\t\t\t}\n\t\t\t\/* see gallery_shortcode() in wp-includes\/media.php *\/\n\t\t<\/style>\n\t\t<div id='gallery-1' class='gallery galleryid-1359 gallery-columns-2 gallery-size-large'><dl class='gallery-item'>\n\t\t\t<dt class='gallery-icon landscape'>\n\t\t\t\t<img loading=\"lazy\" decoding=\"async\" width=\"1024\" height=\"576\" src=\"https:\/\/portal.unisepe.com.br\/univr\/wp-content\/uploads\/sites\/10004\/2018\/12\/Resgate-em-Locais-de-Dif\u00edcil-Acesso-VIII-Semana-de-Enfermagem-min-1024x576.jpg\" class=\"attachment-large size-large\" alt=\"\" aria-describedby=\"gallery-1-2932\" srcset=\"https:\/\/portal.unisepe.com.br\/univr\/wp-content\/uploads\/sites\/10004\/2018\/12\/Resgate-em-Locais-de-Dif\u00edcil-Acesso-VIII-Semana-de-Enfermagem-min-1024x576.jpg 1024w, https:\/\/portal.unisepe.com.br\/univr\/wp-content\/uploads\/sites\/10004\/2018\/12\/Resgate-em-Locais-de-Dif\u00edcil-Acesso-VIII-Semana-de-Enfermagem-min-300x169.jpg 300w, https:\/\/portal.unisepe.com.br\/univr\/wp-content\/uploads\/sites\/10004\/2018\/12\/Resgate-em-Locais-de-Dif\u00edcil-Acesso-VIII-Semana-de-Enfermagem-min-768x432.jpg 768w, https:\/\/portal.unisepe.com.br\/univr\/wp-content\/uploads\/sites\/10004\/2018\/12\/Resgate-em-Locais-de-Dif\u00edcil-Acesso-VIII-Semana-de-Enfermagem-min.jpg 1032w\" sizes=\"auto, (max-width: 1024px) 100vw, 1024px\" \/>\n\t\t\t<\/dt>\n\t\t\t\t<dd class='wp-caption-text gallery-caption' id='gallery-1-2932'>\n\t\t\t\tResgate em Locais de Dif\u00edcil Acesso VIII Semana de Enfermagem\n\t\t\t\t<\/dd><\/dl><dl class='gallery-item'>\n\t\t\t<dt class='gallery-icon landscape'>\n\t\t\t\t<img loading=\"lazy\" decoding=\"async\" width=\"1024\" height=\"768\" src=\"https:\/\/portal.unisepe.com.br\/univr\/wp-content\/uploads\/sites\/10004\/2018\/12\/Sa\u00fade-na-Escola-Setembro-Amarelo-min-1024x768.jpg\" class=\"attachment-large size-large\" alt=\"\" aria-describedby=\"gallery-1-2933\" srcset=\"https:\/\/portal.unisepe.com.br\/univr\/wp-content\/uploads\/sites\/10004\/2018\/12\/Sa\u00fade-na-Escola-Setembro-Amarelo-min-1024x768.jpg 1024w, https:\/\/portal.unisepe.com.br\/univr\/wp-content\/uploads\/sites\/10004\/2018\/12\/Sa\u00fade-na-Escola-Setembro-Amarelo-min-300x225.jpg 300w, https:\/\/portal.unisepe.com.br\/univr\/wp-content\/uploads\/sites\/10004\/2018\/12\/Sa\u00fade-na-Escola-Setembro-Amarelo-min-768x576.jpg 768w\" sizes=\"auto, (max-width: 1024px) 100vw, 1024px\" \/>\n\t\t\t<\/dt>\n\t\t\t\t<dd class='wp-caption-text gallery-caption' id='gallery-1-2933'>\n\t\t\t\tSa\u00fade na Escola Setembro Amarelo\n\t\t\t\t<\/dd><\/dl><br style=\"clear: both\" \/><dl class='gallery-item'>\n\t\t\t<dt class='gallery-icon landscape'>\n\t\t\t\t<img loading=\"lazy\" decoding=\"async\" width=\"1024\" height=\"768\" src=\"https:\/\/portal.unisepe.com.br\/univr\/wp-content\/uploads\/sites\/10004\/2018\/12\/Sa\u00fade-na-Estrada-BR-116-min-1024x768.jpg\" class=\"attachment-large size-large\" alt=\"\" aria-describedby=\"gallery-1-2934\" srcset=\"https:\/\/portal.unisepe.com.br\/univr\/wp-content\/uploads\/sites\/10004\/2018\/12\/Sa\u00fade-na-Estrada-BR-116-min-1024x768.jpg 1024w, https:\/\/portal.unisepe.com.br\/univr\/wp-content\/uploads\/sites\/10004\/2018\/12\/Sa\u00fade-na-Estrada-BR-116-min-300x225.jpg 300w, https:\/\/portal.unisepe.com.br\/univr\/wp-content\/uploads\/sites\/10004\/2018\/12\/Sa\u00fade-na-Estrada-BR-116-min-768x576.jpg 768w, https:\/\/portal.unisepe.com.br\/univr\/wp-content\/uploads\/sites\/10004\/2018\/12\/Sa\u00fade-na-Estrada-BR-116-min.jpg 1280w\" sizes=\"auto, (max-width: 1024px) 100vw, 1024px\" \/>\n\t\t\t<\/dt>\n\t\t\t\t<dd class='wp-caption-text gallery-caption' id='gallery-1-2934'>\n\t\t\t\tSa\u00fade na Estrada BR 116\n\t\t\t\t<\/dd><\/dl><dl class='gallery-item'>\n\t\t\t<dt class='gallery-icon landscape'>\n\t\t\t\t<img loading=\"lazy\" decoding=\"async\" width=\"1024\" height=\"768\" src=\"https:\/\/portal.unisepe.com.br\/univr\/wp-content\/uploads\/sites\/10004\/2018\/12\/Treinamento-de-RCP-min-1024x768.jpg\" class=\"attachment-large size-large\" alt=\"\" aria-describedby=\"gallery-1-2935\" srcset=\"https:\/\/portal.unisepe.com.br\/univr\/wp-content\/uploads\/sites\/10004\/2018\/12\/Treinamento-de-RCP-min-1024x768.jpg 1024w, https:\/\/portal.unisepe.com.br\/univr\/wp-content\/uploads\/sites\/10004\/2018\/12\/Treinamento-de-RCP-min-300x225.jpg 300w, https:\/\/portal.unisepe.com.br\/univr\/wp-content\/uploads\/sites\/10004\/2018\/12\/Treinamento-de-RCP-min-768x576.jpg 768w\" sizes=\"auto, (max-width: 1024px) 100vw, 1024px\" \/>\n\t\t\t<\/dt>\n\t\t\t\t<dd class='wp-caption-text gallery-caption' id='gallery-1-2935'>\n\t\t\t\tTreinamento de RCP\n\t\t\t\t<\/dd><\/dl><br style=\"clear: both\" \/><dl class='gallery-item'>\n\t\t\t<dt class='gallery-icon landscape'>\n\t\t\t\t<img loading=\"lazy\" decoding=\"async\" width=\"1024\" height=\"768\" src=\"https:\/\/portal.unisepe.com.br\/univr\/wp-content\/uploads\/sites\/10004\/2018\/12\/Visita-T\u00e9cnica-no-Centro-Anat\u00f4mico-da-UFPR-min-1024x768.jpg\" class=\"attachment-large size-large\" alt=\"\" aria-describedby=\"gallery-1-2936\" srcset=\"https:\/\/portal.unisepe.com.br\/univr\/wp-content\/uploads\/sites\/10004\/2018\/12\/Visita-T\u00e9cnica-no-Centro-Anat\u00f4mico-da-UFPR-min-1024x768.jpg 1024w, https:\/\/portal.unisepe.com.br\/univr\/wp-content\/uploads\/sites\/10004\/2018\/12\/Visita-T\u00e9cnica-no-Centro-Anat\u00f4mico-da-UFPR-min-300x225.jpg 300w, https:\/\/portal.unisepe.com.br\/univr\/wp-content\/uploads\/sites\/10004\/2018\/12\/Visita-T\u00e9cnica-no-Centro-Anat\u00f4mico-da-UFPR-min-768x576.jpg 768w\" sizes=\"auto, (max-width: 1024px) 100vw, 1024px\" \/>\n\t\t\t<\/dt>\n\t\t\t\t<dd class='wp-caption-text gallery-caption' id='gallery-1-2936'>\n\t\t\t\tVisita T\u00e9cnica no Centro Anat\u00f4mico da UFPR\n\t\t\t\t<\/dd><\/dl><dl class='gallery-item'>\n\t\t\t<dt class='gallery-icon landscape'>\n\t\t\t\t<img loading=\"lazy\" decoding=\"async\" width=\"1024\" height=\"768\" src=\"https:\/\/portal.unisepe.com.br\/univr\/wp-content\/uploads\/sites\/10004\/2018\/12\/A\u00e7\u00e3o-Social-no-CAPS-I-Registro-SP-min-1024x768.jpg\" class=\"attachment-large size-large\" alt=\"\" aria-describedby=\"gallery-1-2937\" srcset=\"https:\/\/portal.unisepe.com.br\/univr\/wp-content\/uploads\/sites\/10004\/2018\/12\/A\u00e7\u00e3o-Social-no-CAPS-I-Registro-SP-min-1024x768.jpg 1024w, https:\/\/portal.unisepe.com.br\/univr\/wp-content\/uploads\/sites\/10004\/2018\/12\/A\u00e7\u00e3o-Social-no-CAPS-I-Registro-SP-min-300x225.jpg 300w, https:\/\/portal.unisepe.com.br\/univr\/wp-content\/uploads\/sites\/10004\/2018\/12\/A\u00e7\u00e3o-Social-no-CAPS-I-Registro-SP-min-768x576.jpg 768w\" sizes=\"auto, (max-width: 1024px) 100vw, 1024px\" \/>\n\t\t\t<\/dt>\n\t\t\t\t<dd class='wp-caption-text gallery-caption' id='gallery-1-2937'>\n\t\t\t\tA\u00e7\u00e3o Social no CAPS I Registro-SP\n\t\t\t\t<\/dd><\/dl><br style=\"clear: both\" \/><dl class='gallery-item'>\n\t\t\t<dt class='gallery-icon landscape'>\n\t\t\t\t<img loading=\"lazy\" decoding=\"async\" width=\"1024\" height=\"768\" src=\"https:\/\/portal.unisepe.com.br\/univr\/wp-content\/uploads\/sites\/10004\/2018\/12\/Atendimento-Policlinica-IESEP-min-1024x768.jpg\" class=\"attachment-large size-large\" alt=\"\" aria-describedby=\"gallery-1-2938\" srcset=\"https:\/\/portal.unisepe.com.br\/univr\/wp-content\/uploads\/sites\/10004\/2018\/12\/Atendimento-Policlinica-IESEP-min-1024x768.jpg 1024w, https:\/\/portal.unisepe.com.br\/univr\/wp-content\/uploads\/sites\/10004\/2018\/12\/Atendimento-Policlinica-IESEP-min-300x225.jpg 300w, https:\/\/portal.unisepe.com.br\/univr\/wp-content\/uploads\/sites\/10004\/2018\/12\/Atendimento-Policlinica-IESEP-min-768x576.jpg 768w, https:\/\/portal.unisepe.com.br\/univr\/wp-content\/uploads\/sites\/10004\/2018\/12\/Atendimento-Policlinica-IESEP-min.jpg 1032w\" sizes=\"auto, (max-width: 1024px) 100vw, 1024px\" \/>\n\t\t\t<\/dt>\n\t\t\t\t<dd class='wp-caption-text gallery-caption' id='gallery-1-2938'>\n\t\t\t\tAtendimento Policlinica IESEP\n\t\t\t\t<\/dd><\/dl><dl class='gallery-item'>\n\t\t\t<dt class='gallery-icon landscape'>\n\t\t\t\t<img loading=\"lazy\" decoding=\"async\" width=\"1024\" height=\"768\" src=\"https:\/\/portal.unisepe.com.br\/univr\/wp-content\/uploads\/sites\/10004\/2018\/12\/CEREST-Registro-SP-min-1024x768.jpg\" class=\"attachment-large size-large\" alt=\"\" aria-describedby=\"gallery-1-2939\" srcset=\"https:\/\/portal.unisepe.com.br\/univr\/wp-content\/uploads\/sites\/10004\/2018\/12\/CEREST-Registro-SP-min-1024x768.jpg 1024w, https:\/\/portal.unisepe.com.br\/univr\/wp-content\/uploads\/sites\/10004\/2018\/12\/CEREST-Registro-SP-min-300x225.jpg 300w, https:\/\/portal.unisepe.com.br\/univr\/wp-content\/uploads\/sites\/10004\/2018\/12\/CEREST-Registro-SP-min-768x576.jpg 768w, https:\/\/portal.unisepe.com.br\/univr\/wp-content\/uploads\/sites\/10004\/2018\/12\/CEREST-Registro-SP-min.jpg 1280w\" sizes=\"auto, (max-width: 1024px) 100vw, 1024px\" \/>\n\t\t\t<\/dt>\n\t\t\t\t<dd class='wp-caption-text gallery-caption' id='gallery-1-2939'>\n\t\t\t\tCEREST Registro-SP\n\t\t\t\t<\/dd><\/dl><br style=\"clear: both\" \/><dl class='gallery-item'>\n\t\t\t<dt class='gallery-icon landscape'>\n\t\t\t\t<img loading=\"lazy\" decoding=\"async\" width=\"1024\" height=\"768\" src=\"https:\/\/portal.unisepe.com.br\/univr\/wp-content\/uploads\/sites\/10004\/2018\/12\/Comiss\u00e3o-Organizadora-do-I-Congresso-de-Ci\u00eancias-da-Sa\u00fade-do-Vale-do-Ribeira-min-1024x768.jpg\" class=\"attachment-large size-large\" alt=\"\" aria-describedby=\"gallery-1-2940\" srcset=\"https:\/\/portal.unisepe.com.br\/univr\/wp-content\/uploads\/sites\/10004\/2018\/12\/Comiss\u00e3o-Organizadora-do-I-Congresso-de-Ci\u00eancias-da-Sa\u00fade-do-Vale-do-Ribeira-min-1024x768.jpg 1024w, https:\/\/portal.unisepe.com.br\/univr\/wp-content\/uploads\/sites\/10004\/2018\/12\/Comiss\u00e3o-Organizadora-do-I-Congresso-de-Ci\u00eancias-da-Sa\u00fade-do-Vale-do-Ribeira-min-300x225.jpg 300w, https:\/\/portal.unisepe.com.br\/univr\/wp-content\/uploads\/sites\/10004\/2018\/12\/Comiss\u00e3o-Organizadora-do-I-Congresso-de-Ci\u00eancias-da-Sa\u00fade-do-Vale-do-Ribeira-min-768x576.jpg 768w, https:\/\/portal.unisepe.com.br\/univr\/wp-content\/uploads\/sites\/10004\/2018\/12\/Comiss\u00e3o-Organizadora-do-I-Congresso-de-Ci\u00eancias-da-Sa\u00fade-do-Vale-do-Ribeira-min.jpg 1280w\" sizes=\"auto, (max-width: 1024px) 100vw, 1024px\" \/>\n\t\t\t<\/dt>\n\t\t\t\t<dd class='wp-caption-text gallery-caption' id='gallery-1-2940'>\n\t\t\t\tComiss\u00e3o Organizadora do I Congresso de Ci\u00eancias da Sa\u00fade do Vale do Ribeira\n\t\t\t\t<\/dd><\/dl><dl class='gallery-item'>\n\t\t\t<dt class='gallery-icon landscape'>\n\t\t\t\t<img loading=\"lazy\" decoding=\"async\" width=\"1024\" height=\"576\" src=\"https:\/\/portal.unisepe.com.br\/univr\/wp-content\/uploads\/sites\/10004\/2018\/12\/Est\u00e1gio-min-1024x576.jpg\" class=\"attachment-large size-large\" alt=\"\" aria-describedby=\"gallery-1-2941\" srcset=\"https:\/\/portal.unisepe.com.br\/univr\/wp-content\/uploads\/sites\/10004\/2018\/12\/Est\u00e1gio-min-1024x576.jpg 1024w, https:\/\/portal.unisepe.com.br\/univr\/wp-content\/uploads\/sites\/10004\/2018\/12\/Est\u00e1gio-min-300x169.jpg 300w, https:\/\/portal.unisepe.com.br\/univr\/wp-content\/uploads\/sites\/10004\/2018\/12\/Est\u00e1gio-min-768x432.jpg 768w, https:\/\/portal.unisepe.com.br\/univr\/wp-content\/uploads\/sites\/10004\/2018\/12\/Est\u00e1gio-min.jpg 1164w\" sizes=\"auto, (max-width: 1024px) 100vw, 1024px\" \/>\n\t\t\t<\/dt>\n\t\t\t\t<dd class='wp-caption-text gallery-caption' id='gallery-1-2941'>\n\t\t\t\tEst\u00e1gio\n\t\t\t\t<\/dd><\/dl><br style=\"clear: both\" \/><dl class='gallery-item'>\n\t\t\t<dt class='gallery-icon landscape'>\n\t\t\t\t<img loading=\"lazy\" decoding=\"async\" width=\"1024\" height=\"768\" src=\"https:\/\/portal.unisepe.com.br\/univr\/wp-content\/uploads\/sites\/10004\/2018\/12\/Evento-Sa\u00fade-do-Trabalhador-min-1024x768.jpg\" class=\"attachment-large size-large\" alt=\"\" aria-describedby=\"gallery-1-2942\" srcset=\"https:\/\/portal.unisepe.com.br\/univr\/wp-content\/uploads\/sites\/10004\/2018\/12\/Evento-Sa\u00fade-do-Trabalhador-min-1024x768.jpg 1024w, https:\/\/portal.unisepe.com.br\/univr\/wp-content\/uploads\/sites\/10004\/2018\/12\/Evento-Sa\u00fade-do-Trabalhador-min-300x225.jpg 300w, https:\/\/portal.unisepe.com.br\/univr\/wp-content\/uploads\/sites\/10004\/2018\/12\/Evento-Sa\u00fade-do-Trabalhador-min-768x576.jpg 768w, https:\/\/portal.unisepe.com.br\/univr\/wp-content\/uploads\/sites\/10004\/2018\/12\/Evento-Sa\u00fade-do-Trabalhador-min.jpg 1040w\" sizes=\"auto, (max-width: 1024px) 100vw, 1024px\" \/>\n\t\t\t<\/dt>\n\t\t\t\t<dd class='wp-caption-text gallery-caption' id='gallery-1-2942'>\n\t\t\t\tEvento Sa\u00fade do Trabalhador\n\t\t\t\t<\/dd><\/dl><dl class='gallery-item'>\n\t\t\t<dt class='gallery-icon landscape'>\n\t\t\t\t<img loading=\"lazy\" decoding=\"async\" width=\"720\" height=\"494\" src=\"https:\/\/portal.unisepe.com.br\/univr\/wp-content\/uploads\/sites\/10004\/2018\/12\/Liga-Acad\u00eamica-de-Aten\u00e7\u00e3o-\u00e0-Sa\u00fade-min.jpg\" class=\"attachment-large size-large\" alt=\"\" aria-describedby=\"gallery-1-2943\" srcset=\"https:\/\/portal.unisepe.com.br\/univr\/wp-content\/uploads\/sites\/10004\/2018\/12\/Liga-Acad\u00eamica-de-Aten\u00e7\u00e3o-\u00e0-Sa\u00fade-min.jpg 720w, https:\/\/portal.unisepe.com.br\/univr\/wp-content\/uploads\/sites\/10004\/2018\/12\/Liga-Acad\u00eamica-de-Aten\u00e7\u00e3o-\u00e0-Sa\u00fade-min-300x206.jpg 300w\" sizes=\"auto, (max-width: 720px) 100vw, 720px\" \/>\n\t\t\t<\/dt>\n\t\t\t\t<dd class='wp-caption-text gallery-caption' id='gallery-1-2943'>\n\t\t\t\tLiga Acad\u00eamica de Aten\u00e7\u00e3o \u00e0 Sa\u00fade\n\t\t\t\t<\/dd><\/dl><br style=\"clear: both\" \/><dl class='gallery-item'>\n\t\t\t<dt class='gallery-icon landscape'>\n\t\t\t\t<img loading=\"lazy\" decoding=\"async\" width=\"1024\" height=\"576\" src=\"https:\/\/portal.unisepe.com.br\/univr\/wp-content\/uploads\/sites\/10004\/2018\/12\/Outubro-Rosa-Policl\u00ednica-IESP-min-1024x576.jpg\" class=\"attachment-large size-large\" alt=\"\" aria-describedby=\"gallery-1-2944\" srcset=\"https:\/\/portal.unisepe.com.br\/univr\/wp-content\/uploads\/sites\/10004\/2018\/12\/Outubro-Rosa-Policl\u00ednica-IESP-min-1024x576.jpg 1024w, https:\/\/portal.unisepe.com.br\/univr\/wp-content\/uploads\/sites\/10004\/2018\/12\/Outubro-Rosa-Policl\u00ednica-IESP-min-300x169.jpg 300w, https:\/\/portal.unisepe.com.br\/univr\/wp-content\/uploads\/sites\/10004\/2018\/12\/Outubro-Rosa-Policl\u00ednica-IESP-min-768x432.jpg 768w, https:\/\/portal.unisepe.com.br\/univr\/wp-content\/uploads\/sites\/10004\/2018\/12\/Outubro-Rosa-Policl\u00ednica-IESP-min.jpg 1280w\" sizes=\"auto, (max-width: 1024px) 100vw, 1024px\" \/>\n\t\t\t<\/dt>\n\t\t\t\t<dd class='wp-caption-text gallery-caption' id='gallery-1-2944'>\n\t\t\t\tOutubro Rosa Policl\u00ednica IESEP\n\t\t\t\t<\/dd><\/dl><dl class='gallery-item'>\n\t\t\t<dt class='gallery-icon landscape'>\n\t\t\t\t<img loading=\"lazy\" decoding=\"async\" width=\"1024\" height=\"768\" src=\"https:\/\/portal.unisepe.com.br\/univr\/wp-content\/uploads\/sites\/10004\/2018\/12\/Participa\u00e7\u00e3o-de-Alunos-em-Evento-Cient\u00edfico-Internacional-min-1024x768.jpg\" class=\"attachment-large size-large\" alt=\"\" aria-describedby=\"gallery-1-2945\" srcset=\"https:\/\/portal.unisepe.com.br\/univr\/wp-content\/uploads\/sites\/10004\/2018\/12\/Participa\u00e7\u00e3o-de-Alunos-em-Evento-Cient\u00edfico-Internacional-min-1024x768.jpg 1024w, https:\/\/portal.unisepe.com.br\/univr\/wp-content\/uploads\/sites\/10004\/2018\/12\/Participa\u00e7\u00e3o-de-Alunos-em-Evento-Cient\u00edfico-Internacional-min-300x225.jpg 300w, https:\/\/portal.unisepe.com.br\/univr\/wp-content\/uploads\/sites\/10004\/2018\/12\/Participa\u00e7\u00e3o-de-Alunos-em-Evento-Cient\u00edfico-Internacional-min-768x576.jpg 768w, https:\/\/portal.unisepe.com.br\/univr\/wp-content\/uploads\/sites\/10004\/2018\/12\/Participa\u00e7\u00e3o-de-Alunos-em-Evento-Cient\u00edfico-Internacional-min.jpg 1040w\" sizes=\"auto, (max-width: 1024px) 100vw, 1024px\" \/>\n\t\t\t<\/dt>\n\t\t\t\t<dd class='wp-caption-text gallery-caption' id='gallery-1-2945'>\n\t\t\t\tParticipa\u00e7\u00e3o de Alunos em Evento Cient\u00edfico Internacional\n\t\t\t\t<\/dd><\/dl><br style=\"clear: both\" \/><dl class='gallery-item'>\n\t\t\t<dt class='gallery-icon landscape'>\n\t\t\t\t<img loading=\"lazy\" decoding=\"async\" width=\"1024\" height=\"577\" src=\"https:\/\/portal.unisepe.com.br\/univr\/wp-content\/uploads\/sites\/10004\/2018\/12\/Projeto-de-Extens\u00e3o-Universit\u00e1ria-min-1024x577.jpg\" class=\"attachment-large size-large\" alt=\"\" aria-describedby=\"gallery-1-2946\" srcset=\"https:\/\/portal.unisepe.com.br\/univr\/wp-content\/uploads\/sites\/10004\/2018\/12\/Projeto-de-Extens\u00e3o-Universit\u00e1ria-min-1024x577.jpg 1024w, https:\/\/portal.unisepe.com.br\/univr\/wp-content\/uploads\/sites\/10004\/2018\/12\/Projeto-de-Extens\u00e3o-Universit\u00e1ria-min-300x169.jpg 300w, https:\/\/portal.unisepe.com.br\/univr\/wp-content\/uploads\/sites\/10004\/2018\/12\/Projeto-de-Extens\u00e3o-Universit\u00e1ria-min-768x433.jpg 768w, https:\/\/portal.unisepe.com.br\/univr\/wp-content\/uploads\/sites\/10004\/2018\/12\/Projeto-de-Extens\u00e3o-Universit\u00e1ria-min.jpg 1280w\" sizes=\"auto, (max-width: 1024px) 100vw, 1024px\" \/>\n\t\t\t<\/dt>\n\t\t\t\t<dd class='wp-caption-text gallery-caption' id='gallery-1-2946'>\n\t\t\t\tProjeto de Extens\u00e3o Universit\u00e1ria\n\t\t\t\t<\/dd><\/dl>\n\t\t\t<br style='clear: both' \/>\n\t\t<\/div>\n\n","protected":false},"excerpt":{"rendered":"","protected":false},"author":1,"featured_media":0,"parent":377,"menu_order":0,"comment_status":"closed","ping_status":"closed","template":"templates\/template-curso_menu_vertical.php","meta":{"footnotes":""},"categories":[],"tags":[],"class_list":["post-1359","page","type-page","status-publish","hentry"],"_links":{"self":[{"href":"https:\/\/portal.unisepe.com.br\/univr\/wp-json\/wp\/v2\/pages\/1359","targetHints":{"allow":["GET"]}}],"collection":[{"href":"https:\/\/portal.unisepe.com.br\/univr\/wp-json\/wp\/v2\/pages"}],"about":[{"href":"https:\/\/portal.unisepe.com.br\/univr\/wp-json\/wp\/v2\/types\/page"}],"author":[{"embeddable":true,"href":"https:\/\/portal.unisepe.com.br\/univr\/wp-json\/wp\/v2\/users\/1"}],"replies":[{"embeddable":true,"href":"https:\/\/portal.unisepe.com.br\/univr\/wp-json\/wp\/v2\/comments?post=1359"}],"version-history":[{"count":18,"href":"https:\/\/portal.unisepe.com.br\/univr\/wp-json\/wp\/v2\/pages\/1359\/revisions"}],"predecessor-version":[{"id":5548,"href":"https:\/\/portal.unisepe.com.br\/univr\/wp-json\/wp\/v2\/pages\/1359\/revisions\/5548"}],"up":[{"embeddable":true,"href":"https:\/\/portal.unisepe.com.br\/univr\/wp-json\/wp\/v2\/pages\/377"}],"wp:attachment":[{"href":"https:\/\/portal.unisepe.com.br\/univr\/wp-json\/wp\/v2\/media?parent=1359"}],"wp:term":[{"taxonomy":"category","embeddable":true,"href":"https:\/\/portal.unisepe.com.br\/univr\/wp-json\/wp\/v2\/categories?post=1359"},{"taxonomy":"post_tag","embeddable":true,"href":"https:\/\/portal.unisepe.com.br\/univr\/wp-json\/wp\/v2\/tags?post=1359"}],"curies":[{"name":"wp","href":"https:\/\/api.w.org\/{rel}","templated":true}]}}