{"id":1503,"date":"2017-06-02T15:13:39","date_gmt":"2017-06-02T18:13:39","guid":{"rendered":"http:\/\/portal.unisepe.com.br\/univr\/?page_id=1503"},"modified":"2025-02-24T15:58:45","modified_gmt":"2025-02-24T18:58:45","slug":"regulamentos-institucionais","status":"publish","type":"page","link":"https:\/\/portal.unisepe.com.br\/univr\/manuais-editais-regulamentos-e-portarias\/regulamentos-institucionais\/","title":{"rendered":"Regulamentos institucionais"},"content":{"rendered":"<ul>\n<li><a href=\"\/wp-content\/uploads\/sites\/10004\/2023\/04\/REGULAMENTO-INSTITUCIONAL-DE-APROVEITAMENTO-DE-ESTUDOS-2023.pdf\" target=\"_Blank\" rel=\"noopener noreferrer\">Regulamento Institucional Aproveitamento de Estudos<\/a><\/li>\n<li><a href=\"https:\/\/portal.unisepe.com.br\/univr\/wp-content\/uploads\/sites\/10004\/2021\/06\/2019-1-Regulamento_Institucional_Atividades_Complementares.pdf\" target=\"_Blank\" rel=\"noopener noreferrer\">Regulamento Institucional Atividades Complementares<\/a><\/li>\n<li><a href=\"\/wp-content\/uploads\/sites\/10003\/2017\/06\/Regulamento-Institucional-Colegiado-de-Curso.pdf\" target=\"_Blank\" rel=\"noopener noreferrer\">Regulamento Institucional Colegiado de Curso<\/a><\/li>\n<li><a href=\"\/wp-content\/uploads\/sites\/10003\/2017\/06\/Regulamento-Institucional-Comit\u00ea-de-\u00c9tica-em-Pesquisa.pdf\" target=\"_Blank\" rel=\"noopener noreferrer\">Regulamento Institucional Comit\u00ea de \u00c9tica em Pesquisa<\/a><\/li>\n<li><a href=\"https:\/\/portal.unisepe.com.br\/univr\/wp-content\/uploads\/sites\/10004\/2025\/02\/Regulamento-Institucional-Biblioteca-Central.pdf\">Regulamento Institucional da Biblioteca<\/a><\/li>\n<li><a href=\"\/wp-content\/uploads\/sites\/10003\/2017\/06\/Regulamento-Institucional-de-Trabalho-de-Conclus\u00e3o-de-Curso.pdf\" target=\"_Blank\" rel=\"noopener noreferrer\">Regulamento Institucional de Trabalho de Conclus\u00e3o de Curso<\/a><\/li>\n<li><a href=\"\/wp-content\/uploads\/sites\/10003\/2017\/06\/Regulamento-Institucional-Est\u00e1gio-Curricular-Supervisionado.pdf\" target=\"_Blank\" rel=\"noopener noreferrer\">Regulamento Institucional Est\u00e1gio Curricular Supervisionado<\/a><\/li>\n<li><a href=\"https:\/\/portal.unisepe.com.br\/univr\/wp-content\/uploads\/sites\/10004\/2021\/06\/Extens\u00e3o-Regulamento_Institucional.pdf\" rel=\"noopener noreferrer\">Regulamento Institucional Extens\u00e3o<\/a><\/li>\n<li><a href=\"\/wp-content\/uploads\/sites\/10003\/2017\/06\/Regulamento-Institucional-Hora-Aula-e-Hora-Rel\u00f3gio.pdf\" target=\"_Blank\" rel=\"noopener noreferrer\">Regulamento Institucional Hora Aula e Hora Rel\u00f3gio<\/a><\/li>\n<li><a href=\"\/wp-content\/uploads\/sites\/10003\/2017\/06\/Regulamento-Institucional-Monitoria.pdf\" target=\"_Blank\" rel=\"noopener noreferrer\">Regulamento Institucional Monitoria<\/a><\/li>\n<li><a href=\"\/wp-content\/uploads\/sites\/10003\/2017\/06\/Regulamento-Institucional-NDE.pdf\" target=\"_Blank\" rel=\"noopener noreferrer\">Regulamento Institucional NDE<\/a><\/li>\n<li><a href=\"\/wp-content\/uploads\/sites\/10003\/2017\/06\/Regulamento-Institucional-Ouvidoria.pdf\" target=\"_Blank\" rel=\"noopener noreferrer\">Regulamento Institucional Ouvidoria<\/a><\/li>\n<li><a href=\"\/wp-content\/uploads\/sites\/10003\/2017\/06\/Regulamento-Institucional-Pasta-PROERS.pdf\" target=\"_Blank\" rel=\"noopener noreferrer\">Regulamento Institucional Pasta PROERS<\/a><\/li>\n<li><a href=\"\/wp-content\/uploads\/sites\/10003\/2017\/06\/Regulamento-Institucional-P\u00f3s-gradua\u00e7\u00e3o.pdf\" target=\"_Blank\" rel=\"noopener noreferrer\">Regulamento Institucional P\u00f3s-gradua\u00e7\u00e3o<\/a><\/li>\n<li><a href=\"\/wp-content\/uploads\/sites\/10003\/2017\/06\/Regulamento-Institucional-Projeto-Integrador.pdf\" target=\"_Blank\" rel=\"noopener noreferrer\">Regulamento Institucional Projeto Integrador<\/a><\/li>\n<li><a href=\"\/wp-content\/uploads\/sites\/10003\/2017\/06\/Regulamento-Institucional-Sistema-de-Avalia\u00e7\u00e3o-Discente.pdf\" target=\"_Blank\" rel=\"noopener noreferrer\">Regulamento Institucional Sistema de Avalia\u00e7\u00e3o Discente<\/a><\/li>\n<\/ul>\n","protected":false},"excerpt":{"rendered":"<p>Regulamento Institucional Aproveitamento de Estudos Regulamento Institucional Atividades Complementares Regulamento Institucional Colegiado de Curso Regulamento Institucional Comit\u00ea de \u00c9tica em Pesquisa Regulamento Institucional da Biblioteca Regulamento Institucional de Trabalho de Conclus\u00e3o de Curso Regulamento Institucional Est\u00e1gio Curricular Supervisionado Regulamento Institucional Extens\u00e3o Regulamento Institucional Hora Aula e Hora Rel\u00f3gio Regulamento Institucional<\/p>\n","protected":false},"author":1,"featured_media":0,"parent":788,"menu_order":0,"comment_status":"closed","ping_status":"closed","template":"templates\/template-pagina_menu_vertical.php","meta":{"footnotes":""},"categories":[],"tags":[],"class_list":["post-1503","page","type-page","status-publish","hentry"],"_links":{"self":[{"href":"https:\/\/portal.unisepe.com.br\/univr\/wp-json\/wp\/v2\/pages\/1503","targetHints":{"allow":["GET"]}}],"collection":[{"href":"https:\/\/portal.unisepe.com.br\/univr\/wp-json\/wp\/v2\/pages"}],"about":[{"href":"https:\/\/portal.unisepe.com.br\/univr\/wp-json\/wp\/v2\/types\/page"}],"author":[{"embeddable":true,"href":"https:\/\/portal.unisepe.com.br\/univr\/wp-json\/wp\/v2\/users\/1"}],"replies":[{"embeddable":true,"href":"https:\/\/portal.unisepe.com.br\/univr\/wp-json\/wp\/v2\/comments?post=1503"}],"version-history":[{"count":10,"href":"https:\/\/portal.unisepe.com.br\/univr\/wp-json\/wp\/v2\/pages\/1503\/revisions"}],"predecessor-version":[{"id":6348,"href":"https:\/\/portal.unisepe.com.br\/univr\/wp-json\/wp\/v2\/pages\/1503\/revisions\/6348"}],"up":[{"embeddable":true,"href":"https:\/\/portal.unisepe.com.br\/univr\/wp-json\/wp\/v2\/pages\/788"}],"wp:attachment":[{"href":"https:\/\/portal.unisepe.com.br\/univr\/wp-json\/wp\/v2\/media?parent=1503"}],"wp:term":[{"taxonomy":"category","embeddable":true,"href":"https:\/\/portal.unisepe.com.br\/univr\/wp-json\/wp\/v2\/categories?post=1503"},{"taxonomy":"post_tag","embeddable":true,"href":"https:\/\/portal.unisepe.com.br\/univr\/wp-json\/wp\/v2\/tags?post=1503"}],"curies":[{"name":"wp","href":"https:\/\/api.w.org\/{rel}","templated":true}]}}