{"id":1818,"date":"2017-11-14T09:52:30","date_gmt":"2017-11-14T11:52:30","guid":{"rendered":"http:\/\/portal.unisepe.com.br\/univr\/?page_id=1818"},"modified":"2023-01-27T16:02:23","modified_gmt":"2023-01-27T19:02:23","slug":"biomedicina","status":"publish","type":"page","link":"https:\/\/portal.unisepe.com.br\/univr\/biomedicina\/","title":{"rendered":"Biomedicina"},"content":{"rendered":"<p><img loading=\"lazy\" decoding=\"async\" class=\"size-full wp-image-1817 alignleft\" src=\"http:\/\/portal.unisepe.com.br\/univr\/wp-content\/uploads\/sites\/10004\/2017\/11\/biomedicina.jpg\" alt=\"\" width=\"85\" height=\"92\" \/>O Curso DE BIOMEDICINA do UNIVR &#8211; Registro SP apresenta 3240 horas divididas em 08 semestres (4 anos). A estrutura curricular permite a forma\u00e7\u00e3o de Biom\u00e9dicos generalistas, qualificados para o exerc\u00edcio da Biomedicina com atua\u00e7\u00e3o em an\u00e1lises cl\u00ednicas e tamb\u00e9m na realiza\u00e7\u00e3o de exames que possibilitem o diagn\u00f3stico por imagem, elucidar crimes por meio de an\u00e1lises de tecidos, biologia molecular, pesquisar e desenvolver produtos obtidos por biotecnologias, manipular micro-organismos e executar exames cl\u00ednicos em laborat\u00f3rios e hospitais para ajudar na identifica\u00e7\u00e3o de agentes causadores de patologias humanas, entre outras fun\u00e7\u00f5es.<\/p>\n<p>O Biom\u00e9dico \u00e9 respons\u00e1vel pela identifica\u00e7\u00e3o, classifica\u00e7\u00e3o e estudo dos microrganismos causadores de enfermidades. Ele desenvolve medicamentos e produz vacinas para combat\u00ea-las.<\/p>\n<p>Ao Biom\u00e9dico compete, portanto, atuar em equipes de sa\u00fade, nas atividades complementares de diagn\u00f3stico e tamb\u00e9m poder\u00e1 atuar em an\u00e1lises ambientais, ind\u00fastrias, an\u00e1lises bromatol\u00f3gicas, reprodu\u00e7\u00e3o humana, citologia onc\u00f3tica, banco de sangue, fisiologia do esporte, perfus\u00e3o extra corp\u00f3rea, biomedicina est\u00e9tica, etc.<\/p>\n<p>No geral, a forma\u00e7\u00e3o em Biomedicina do UNIVR capacita o estudante a entrar no mercado de trabalho e realizar suas atribui\u00e7\u00f5es com qualidade, \u00e9tica e compet\u00eancia estando apto a especializar-se em qualquer uma das mais de 30 \u00e1reas de atua\u00e7\u00e3o do profissional biom\u00e9dico.<\/p>\n<p><strong>Perfil de egresso<\/strong><\/p>\n<p>Profissional Biom\u00e9dico generalista, cl\u00ednico, humanista, cr\u00edtico, reflexivo e \u00e9tico. Profissional qualificado para o exerc\u00edcio da Biomedicina, com base no rigor cient\u00edfico e intelectual e pautado em princ\u00edpios \u00e9ticos. Capaz de intervir sobre os problemas\/situa\u00e7\u00f5es de sa\u00fade-doen\u00e7a mais prevalentes no perfil epidemiol\u00f3gico nacional, com \u00eanfase na sua regi\u00e3o de atua\u00e7\u00e3o, identificando as dimens\u00f5es bio-psico-sociais dos seus determinantes. Capacitado a atuar, com senso de responsabilidade social e compromisso com a cidadania, como promotor da sa\u00fade integral do ser humano e responsabilidade com o Meio Ambiente.<\/p>\n<p>Consciente dos direitos e deveres preconizados pelo C\u00f3digo de \u00c9tica da Profiss\u00e3o de Biom\u00e9dicos e pela Lei do Exerc\u00edcio Profissional da Biomedicina, agente de transforma\u00e7\u00e3o no processo de desenvolvimento humano, pol\u00edtico e social; preparado para desenvolver a pr\u00e1xis fundamentada nos princ\u00edpios e diretrizes das pol\u00edticas p\u00fablicas de sa\u00fade no trabalho multiprofissional e interdisciplinar. Instrumentalizado para desenvolver pesquisa na \u00e1rea da Sa\u00fade e Diagn\u00f3sticos. Caracterizando assim o profissional Biom\u00e9dico rapidamente absorvido no mercado de trabalho, devido \u00e0 crescente necessidade de profissionais da sa\u00fade com este perfil.<\/p>\n","protected":false},"excerpt":{"rendered":"<p>O Curso DE BIOMEDICINA do UNIVR &#8211; Registro SP apresenta 3240 horas divididas em 08 semestres (4 anos). A estrutura curricular permite a forma\u00e7\u00e3o de Biom\u00e9dicos generalistas, qualificados para o exerc\u00edcio da Biomedicina com atua\u00e7\u00e3o em an\u00e1lises cl\u00ednicas e tamb\u00e9m na realiza\u00e7\u00e3o de exames que possibilitem o diagn\u00f3stico por imagem,<\/p>\n","protected":false},"author":1,"featured_media":0,"parent":0,"menu_order":0,"comment_status":"closed","ping_status":"closed","template":"templates\/template-curso_menu_vertical.php","meta":{"footnotes":""},"categories":[143],"tags":[148],"class_list":["post-1818","page","type-page","status-publish","hentry","category-cursos-graduacao-presencial","tag-cursos-bacharelado"],"_links":{"self":[{"href":"https:\/\/portal.unisepe.com.br\/univr\/wp-json\/wp\/v2\/pages\/1818","targetHints":{"allow":["GET"]}}],"collection":[{"href":"https:\/\/portal.unisepe.com.br\/univr\/wp-json\/wp\/v2\/pages"}],"about":[{"href":"https:\/\/portal.unisepe.com.br\/univr\/wp-json\/wp\/v2\/types\/page"}],"author":[{"embeddable":true,"href":"https:\/\/portal.unisepe.com.br\/univr\/wp-json\/wp\/v2\/users\/1"}],"replies":[{"embeddable":true,"href":"https:\/\/portal.unisepe.com.br\/univr\/wp-json\/wp\/v2\/comments?post=1818"}],"version-history":[{"count":4,"href":"https:\/\/portal.unisepe.com.br\/univr\/wp-json\/wp\/v2\/pages\/1818\/revisions"}],"predecessor-version":[{"id":3926,"href":"https:\/\/portal.unisepe.com.br\/univr\/wp-json\/wp\/v2\/pages\/1818\/revisions\/3926"}],"wp:attachment":[{"href":"https:\/\/portal.unisepe.com.br\/univr\/wp-json\/wp\/v2\/media?parent=1818"}],"wp:term":[{"taxonomy":"category","embeddable":true,"href":"https:\/\/portal.unisepe.com.br\/univr\/wp-json\/wp\/v2\/categories?post=1818"},{"taxonomy":"post_tag","embeddable":true,"href":"https:\/\/portal.unisepe.com.br\/univr\/wp-json\/wp\/v2\/tags?post=1818"}],"curies":[{"name":"wp","href":"https:\/\/api.w.org\/{rel}","templated":true}]}}