{"id":1831,"date":"2017-11-14T10:04:18","date_gmt":"2017-11-14T12:04:18","guid":{"rendered":"http:\/\/portal.unisepe.com.br\/univr\/?page_id=1831"},"modified":"2023-03-22T13:59:34","modified_gmt":"2023-03-22T16:59:34","slug":"fonoaudiologia","status":"publish","type":"page","link":"https:\/\/portal.unisepe.com.br\/univr\/fonoaudiologia\/","title":{"rendered":"Fonoaudiologia"},"content":{"rendered":"<p><img loading=\"lazy\" decoding=\"async\" class=\" wp-image-1832 alignleft\" src=\"http:\/\/portal.unisepe.com.br\/univr\/wp-content\/uploads\/sites\/10004\/2017\/11\/Fonoaudiologia.jpg\" alt=\"\" width=\"110\" height=\"111\" \/><\/p>\n<p style=\"text-align: justify\">O Curso de FONOAUDIOLOGIA da UNIVR possui uma estrutura curricular que possibilita a forma\u00e7\u00e3o de um profissional generalista, humanista, cr\u00edtica e reflexiva. Capacitado a atuar, pautado em princ\u00edpios \u00e9ticos, no campo cl\u00ednico-terap\u00eautico e preventivo das pr\u00e1ticas fonoaudiol\u00f3gicas.<\/p>\n<h4 class=\"m-3\">Perfil de egresso<\/h4>\n<p style=\"text-align: justify\">Profissional qualificado para o exerc\u00edcio da Fonoaudiologia com base no rigor cient\u00edfico e intelectual, ser\u00e1 ainda capaz de contribuir para o aprimoramento da Fonoaudiologia, atrav\u00e9s de sua pr\u00e1tica cl\u00ednica. O profissional fonoaudi\u00f3logo dever\u00e1 ter uma atua\u00e7\u00e3o cl\u00ednico- terap\u00eautica em preven\u00e7\u00e3o, diagn\u00f3stico, conduta e em reabilita\u00e7\u00e3o nas \u00e1reas de linguagem oral e escrita, audi\u00e7\u00e3o, fala (articula\u00e7\u00e3o e flu\u00eancia), voz, motricidade orofacial e cervical. Esta forma\u00e7\u00e3o ter\u00e1 seu alicerce em princ\u00edpios \u00e9ticos, com senso de responsabilidade social e compromisso com a cidadania e com aten\u00e7\u00e3o especial \u00e0 sa\u00fade coletiva.<\/p>\n<p style=\"text-align: justify\">O perfil dos egressos desta Institui\u00e7\u00e3o \u00e9 de um profissional com dom\u00ednio das diferentes \u00e1reas de atua\u00e7\u00e3o que consiga realizar a\u00e7\u00f5es voltadas \u00e0 comunidade integrando os princ\u00edpios de integralidade, equidade e universalidade do Sistema \u00danico de Sa\u00fade (SUS), com capacidade de trabalhar em equipe das diferentes \u00e1reas da sa\u00fade e educa\u00e7\u00e3o. Poder\u00e1 vir a atuar tanto em centros auditivos, ind\u00fastrias, institui\u00e7\u00f5es de ensino, cl\u00ednicas e hospitais e ainda na \u00e1rea da sa\u00fade p\u00fablica, como postos de sa\u00fade e ambulat\u00f3rios de especialidades.<\/p>\n","protected":false},"excerpt":{"rendered":"<p>O Curso de FONOAUDIOLOGIA da UNIVR possui uma estrutura curricular que possibilita a forma\u00e7\u00e3o de um profissional generalista, humanista, cr\u00edtica e reflexiva. Capacitado a atuar, pautado em princ\u00edpios \u00e9ticos, no campo cl\u00ednico-terap\u00eautico e preventivo das pr\u00e1ticas fonoaudiol\u00f3gicas. Perfil de egresso Profissional qualificado para o exerc\u00edcio da Fonoaudiologia com base no<\/p>\n","protected":false},"author":1,"featured_media":0,"parent":0,"menu_order":0,"comment_status":"closed","ping_status":"closed","template":"templates\/template-curso_menu_vertical.php","meta":{"footnotes":""},"categories":[143],"tags":[148],"class_list":["post-1831","page","type-page","status-publish","hentry","category-cursos-graduacao-presencial","tag-cursos-bacharelado"],"_links":{"self":[{"href":"https:\/\/portal.unisepe.com.br\/univr\/wp-json\/wp\/v2\/pages\/1831","targetHints":{"allow":["GET"]}}],"collection":[{"href":"https:\/\/portal.unisepe.com.br\/univr\/wp-json\/wp\/v2\/pages"}],"about":[{"href":"https:\/\/portal.unisepe.com.br\/univr\/wp-json\/wp\/v2\/types\/page"}],"author":[{"embeddable":true,"href":"https:\/\/portal.unisepe.com.br\/univr\/wp-json\/wp\/v2\/users\/1"}],"replies":[{"embeddable":true,"href":"https:\/\/portal.unisepe.com.br\/univr\/wp-json\/wp\/v2\/comments?post=1831"}],"version-history":[{"count":9,"href":"https:\/\/portal.unisepe.com.br\/univr\/wp-json\/wp\/v2\/pages\/1831\/revisions"}],"predecessor-version":[{"id":5408,"href":"https:\/\/portal.unisepe.com.br\/univr\/wp-json\/wp\/v2\/pages\/1831\/revisions\/5408"}],"wp:attachment":[{"href":"https:\/\/portal.unisepe.com.br\/univr\/wp-json\/wp\/v2\/media?parent=1831"}],"wp:term":[{"taxonomy":"category","embeddable":true,"href":"https:\/\/portal.unisepe.com.br\/univr\/wp-json\/wp\/v2\/categories?post=1831"},{"taxonomy":"post_tag","embeddable":true,"href":"https:\/\/portal.unisepe.com.br\/univr\/wp-json\/wp\/v2\/tags?post=1831"}],"curies":[{"name":"wp","href":"https:\/\/api.w.org\/{rel}","templated":true}]}}