{"id":1839,"date":"2017-11-14T10:11:07","date_gmt":"2017-11-14T12:11:07","guid":{"rendered":"http:\/\/portal.unisepe.com.br\/univr\/?page_id=1839"},"modified":"2023-02-22T14:18:02","modified_gmt":"2023-02-22T17:18:02","slug":"matriz-curricular","status":"publish","type":"page","link":"https:\/\/portal.unisepe.com.br\/univr\/fonoaudiologia\/matriz-curricular\/","title":{"rendered":"Matriz Curricular"},"content":{"rendered":"<ul class=\"nav nav-tabs\">\n<li class=\"nav-item\"><a class=\"nav-link active\" href=\"#tab1\" data-toggle=\"tab\">Matriz<\/a><\/li>\n<li class=\"nav-item\"><a class=\"nav-link\" href=\"#tab2\" data-toggle=\"tab\">EAD<\/a><\/li>\n<\/ul>\n<div id=\"myTabContent\" class=\"tab-content\">\n<div id=\"tab1\" class=\"tab-pane fade active show\">\n<ul>\n<li><a target=\"_Blank\" href=\"https:\/\/portal.unisepe.com.br\/univr\/wp-content\/uploads\/sites\/10004\/2023\/02\/MATRIZ-FONOAUDIOLOGIA-2020.pdf\" rel=\"noopener noreferrer\">Matriz 2020<\/a><\/li>\n<\/ul>\n<\/div>\n<div id=\"tab2\" class=\"tab-pane fade\">\n<p style=\"text-align: center\">art 8. da Portaria 1.428\/2018<\/p>\n<ul>\n<li><a target=\"_Blank\" href=\"http:\/\/portal.unisepe.com.br\/univr\/wp-content\/uploads\/sites\/10004\/2019\/09\/2019-2-UNIVR-ART-8-AVALIA\u00c7\u00c3O-DA-LINGUAGEM-ESCRITA.pdf\" rel=\"noopener noreferrer\">2019-2-UNIVR-ART 8- AVALIA\u00c7\u00c3O DA LINGUAGEM ESCRITA<\/a><\/li>\n<li><a target=\"_Blank\" href=\"http:\/\/portal.unisepe.com.br\/univr\/wp-content\/uploads\/sites\/10004\/2019\/09\/2019-2-UNIVR-ART-8-AVALIA\u00c7\u00c3O-DA-LINGUAGEM-ORAL.pdf\" rel=\"noopener noreferrer\">2019-2-UNIVR-ART 8- AVALIA\u00c7\u00c3O DA LINGUAGEM ORAL<\/a><\/li>\n<li><a target=\"_Blank\" href=\"http:\/\/portal.unisepe.com.br\/univr\/wp-content\/uploads\/sites\/10004\/2019\/09\/2019-2-UNIVR-ART-8-FONOAUDIOLOGIA-EM-SA\u00daDE-P\u00daBLICA.pdf\" rel=\"noopener noreferrer\">2019-2-UNIVR-ART 8- FONOAUDIOLOGIA EM SA\u00daDE P\u00daBLICA<\/a><\/li>\n<li><a target=\"_Blank\" href=\"http:\/\/portal.unisepe.com.br\/univr\/wp-content\/uploads\/sites\/10004\/2019\/09\/2019-2-UNIVR-ART-8-GEST\u00c3O-EM-FONOAUDIOLOGIA.pdf\" rel=\"noopener noreferrer\">2019-2-UNIVR-ART 8- GEST\u00c3O EM FONOAUDIOLOGIA<\/a><\/li>\n<li><a target=\"_Blank\" href=\"http:\/\/portal.unisepe.com.br\/univr\/wp-content\/uploads\/sites\/10004\/2019\/09\/2019-2-UNIVR-ART-8-PSICOLOGIA-1.pdf\" rel=\"noopener noreferrer\">2019-2-UNIVR-ART 8- PSICOLOGIA<\/a><\/li>\n<li><a target=\"_Blank\" href=\"http:\/\/portal.unisepe.com.br\/univr\/wp-content\/uploads\/sites\/10004\/2019\/09\/2019-2-UNIVR-ART-8-TRABALHO-DE-CONCLUS\u00c3O-DE-CURSO.pdf\" rel=\"noopener noreferrer\">2019-2-UNIVR-ART 8- TRABALHO DE CONCLUS\u00c3O DE CURSO<\/a><\/li>\n<li><a target=\"_Blank\" href=\"http:\/\/portal.unisepe.com.br\/univr\/wp-content\/uploads\/sites\/10004\/2019\/09\/2019-2-UNIVR-ART-8-L\u00cdNGUA-BRASILEIRA-DE-SINAIS-LIBRAS-2.pdf\" rel=\"noopener noreferrer\">2019-2-UNIVR-ART 8-L\u00cdNGUA BRASILEIRA DE SINAIS LIBRAS<\/a><\/li>\n<li><a target=\"_Blank\" href=\"http:\/\/portal.unisepe.com.br\/univr\/wp-content\/uploads\/sites\/10004\/2019\/09\/2019-2-UNIVR-ART-8-L\u00cdNGUA-PORTUGUESA.pdf\" rel=\"noopener noreferrer\">2019-2-UNIVR-ART 8-L\u00cdNGUA PORTUGUESA<\/a><\/li>\n<li><a target=\"_Blank\" href=\"http:\/\/portal.unisepe.com.br\/univr\/wp-content\/uploads\/sites\/10004\/2019\/09\/2019-2-UNIVR-ART-8-METODOLOGIA-DA-PESQUISA-CIENT\u00cdFICA-1.pdf\" rel=\"noopener noreferrer\">2019-2-UNIVR-ART 8-METODOLOGIA DA PESQUISA CIENT\u00cdFICA<\/a><\/li>\n<li><a target=\"_Blank\" href=\"http:\/\/portal.unisepe.com.br\/univr\/wp-content\/uploads\/sites\/10004\/2019\/09\/2019-2-UNIVR-ART-8-NUTRI\u00c7\u00c3O-B\u00c1SICA-1.pdf\" rel=\"noopener noreferrer\">2019-2-UNIVR-ART 8-NUTRI\u00c7\u00c3O B\u00c1SICA<\/a><\/li>\n<li><a target=\"_Blank\" href=\"http:\/\/portal.unisepe.com.br\/univr\/wp-content\/uploads\/sites\/10004\/2019\/09\/2019-2-UNIVR-ART-8-SA\u00daDE-AMBIENTAL-1.pdf\" rel=\"noopener noreferrer\">2019-2-UNIVR-ART 8-SA\u00daDE AMBIENTAL<\/a><\/li>\n<li><a target=\"_Blank\" href=\"http:\/\/portal.unisepe.com.br\/univr\/wp-content\/uploads\/sites\/10004\/2019\/09\/2019-2-UNIVR-ART-8-SA\u00daDE-COLETIVA-E-POL\u00cdTICAS-P\u00daBLICAS-1.pdf\" rel=\"noopener noreferrer\">2019-2-UNIVR-ART 8-SA\u00daDE COLETIVA E POL\u00cdTICAS P\u00daBLICAS<\/a><\/li>\n<li><a target=\"_Blank\" href=\"http:\/\/portal.unisepe.com.br\/univr\/wp-content\/uploads\/sites\/10004\/2019\/09\/2019-2-UNIVR-ART-8-SOCIOLOGIA-2.pdf\" rel=\"noopener noreferrer\">2019-2-UNIVR-ART 8-SOCIOLOGIA<\/a><\/li>\n<\/ul>\n<\/div>\n<\/div>\n","protected":false},"excerpt":{"rendered":"<p>Matriz EAD Matriz 2020 art 8. da Portaria 1.428\/2018 2019-2-UNIVR-ART 8- AVALIA\u00c7\u00c3O DA LINGUAGEM ESCRITA 2019-2-UNIVR-ART 8- AVALIA\u00c7\u00c3O DA LINGUAGEM ORAL 2019-2-UNIVR-ART 8- FONOAUDIOLOGIA EM SA\u00daDE P\u00daBLICA 2019-2-UNIVR-ART 8- GEST\u00c3O EM FONOAUDIOLOGIA 2019-2-UNIVR-ART 8- PSICOLOGIA 2019-2-UNIVR-ART 8- TRABALHO DE CONCLUS\u00c3O DE CURSO 2019-2-UNIVR-ART 8-L\u00cdNGUA BRASILEIRA DE SINAIS LIBRAS 2019-2-UNIVR-ART 8-L\u00cdNGUA<\/p>\n","protected":false},"author":1,"featured_media":0,"parent":1831,"menu_order":0,"comment_status":"closed","ping_status":"closed","template":"templates\/template-curso_menu_vertical.php","meta":{"footnotes":""},"categories":[],"tags":[],"class_list":["post-1839","page","type-page","status-publish","hentry"],"_links":{"self":[{"href":"https:\/\/portal.unisepe.com.br\/univr\/wp-json\/wp\/v2\/pages\/1839","targetHints":{"allow":["GET"]}}],"collection":[{"href":"https:\/\/portal.unisepe.com.br\/univr\/wp-json\/wp\/v2\/pages"}],"about":[{"href":"https:\/\/portal.unisepe.com.br\/univr\/wp-json\/wp\/v2\/types\/page"}],"author":[{"embeddable":true,"href":"https:\/\/portal.unisepe.com.br\/univr\/wp-json\/wp\/v2\/users\/1"}],"replies":[{"embeddable":true,"href":"https:\/\/portal.unisepe.com.br\/univr\/wp-json\/wp\/v2\/comments?post=1839"}],"version-history":[{"count":7,"href":"https:\/\/portal.unisepe.com.br\/univr\/wp-json\/wp\/v2\/pages\/1839\/revisions"}],"predecessor-version":[{"id":5828,"href":"https:\/\/portal.unisepe.com.br\/univr\/wp-json\/wp\/v2\/pages\/1839\/revisions\/5828"}],"up":[{"embeddable":true,"href":"https:\/\/portal.unisepe.com.br\/univr\/wp-json\/wp\/v2\/pages\/1831"}],"wp:attachment":[{"href":"https:\/\/portal.unisepe.com.br\/univr\/wp-json\/wp\/v2\/media?parent=1839"}],"wp:term":[{"taxonomy":"category","embeddable":true,"href":"https:\/\/portal.unisepe.com.br\/univr\/wp-json\/wp\/v2\/categories?post=1839"},{"taxonomy":"post_tag","embeddable":true,"href":"https:\/\/portal.unisepe.com.br\/univr\/wp-json\/wp\/v2\/tags?post=1839"}],"curies":[{"name":"wp","href":"https:\/\/api.w.org\/{rel}","templated":true}]}}