{"id":1854,"date":"2017-11-16T09:32:36","date_gmt":"2017-11-16T11:32:36","guid":{"rendered":"http:\/\/portal.unisepe.com.br\/univr\/?page_id=1854"},"modified":"2023-02-08T12:04:20","modified_gmt":"2023-02-08T15:04:20","slug":"ppd","status":"publish","type":"page","link":"https:\/\/portal.unisepe.com.br\/univr\/bolsas-e-financiamento\/ppd\/","title":{"rendered":"PPD"},"content":{"rendered":"<p><strong>Hist\u00f3rico:<\/strong><\/p>\n<p>O Programa de Pagamento Diferido \u00e9 um Financiamento Estudantil da UNISEPE destinado a financiar a gradua\u00e7\u00e3o. No PPD o universit\u00e1rio pagar\u00e1 50 % durante a gradua\u00e7\u00e3o e os outros 50% financiados durante um per\u00edodo proporcional ao utilizado. O valor ser\u00e1 baseado na mensalidade vigente. (consulte a portaria)<\/p>\n<p><strong>Quem pode solicitar o PPD?<\/strong><\/p>\n<p>Para o ALUNO ser eleg\u00edvel ao \u201cPPD\u201d, dever\u00e1 observar as condi\u00e7\u00f5es abaixo descritas, <span style=\"color: #ff0000\">cumulativamente<\/span>:<\/p>\n<ol>\n<li>Ser Aluno da Gradua\u00e7\u00e3o;<\/li>\n<li>Ser Aluno do Ensino Presencial ou EAD;<\/li>\n<li>Ter seu cr\u00e9dito aprovado pela IES;<\/li>\n<li>Ter sua garantia (fiadores) aprovada pela IES.<\/li>\n<\/ol>\n<p>N\u00e3o ser\u00e3o eleg\u00edveis ao parcelamento os ALUNOS que se encontrarem nas condi\u00e7\u00f5es abaixo descritas:<\/p>\n<ol>\n<li>Alunos Pro Uni (independentemente da situa\u00e7\u00e3o);<\/li>\n<li>Alunos FIES Integral Ativo (100%);<\/li>\n<li>Alunos FIES Parcial Ativos (que tiverem financiamento menor que 100%);<\/li>\n<\/ol>\n<p><strong>Como fazer a sua inscri\u00e7\u00e3o?<\/strong><\/p>\n<p>A inscri\u00e7\u00e3o \u00e9 gratuita e efetuada diretamente no setor de atendimento.<\/p>\n<p>Para efetuar a inscri\u00e7\u00e3o, o candidato dever\u00e1 preencher uma ficha e informar os dados pessoais do aluno, grupo familiar e fiadores.<\/p>\n<p><strong>O que \u00e9 exigido para se inscrever no PPD?<\/strong><\/p>\n<p><strong>\u00a0<\/strong><\/p>\n<ul>\n<li><strong><u>ALUNO<\/u><\/strong>\n<ul>\n<li>CPF<\/li>\n<li>RG<\/li>\n<li>Comprovante de Resid\u00eancia<\/li>\n<li>Comprovante de Estado Civil (Certid\u00e3o de Nascimento ou Casamento)<\/li>\n<li>Comprovante de Renda<\/li>\n<li>Hist\u00f3rico Escolar<\/li>\n<li>Escritura, contrato de loca\u00e7\u00e3o ou IPTU.<\/li>\n<li>Notas ENEM 2018<\/li>\n<\/ul>\n<\/li>\n<\/ul>\n<p>&nbsp;<\/p>\n<ul>\n<li><strong><u>FIADOR<\/u><\/strong>\n<ul>\n<li>CPF<\/li>\n<li>RG<\/li>\n<li>Comprovante de Estado Civil (Certid\u00e3o de Nascimento ou Casamento)<\/li>\n<\/ul>\n<\/li>\n<li>Em caso de C\u00f4njuge apresentar RG e CPF\n<ul>\n<li>Tr\u00eas (3) \u00faltimos comprovantes de renda (Holerites, Trabalhador Aut\u00f4nomo: Declara\u00e7\u00e3o de Aut\u00f4nomo com Firma Reconhecida especificando Atividade que exerce com Renda Aproximada Mensal).<\/li>\n<\/ul>\n<\/li>\n<li>A Renda dever\u00e1 ser 02 vezes o valor da parcela\n<ul>\n<li>Declara\u00e7\u00e3o do Imposto de Renda completa (com recibo de entrega a receita federal) ou declara\u00e7\u00e3o de isento (com firma reconhecida)<\/li>\n<li>Comprovante de Resid\u00eancia (\u00c1gua, Luz ou Telefone).<\/li>\n<\/ul>\n<\/li>\n<\/ul>\n<p>&nbsp;<\/p>\n<p>N\u00e3o ser\u00e3o aprovadas inscri\u00e7\u00f5es na falta de algum documento, tendo o aluno um prazo de at\u00e9 05 dias ap\u00f3s o protocolo de requerimento; Decorrido o prazo a vaga ficar\u00e1 dispon\u00edvel para outro estudante interessado.<\/p>\n<p><strong>\u00a0<\/strong><\/p>\n<p><strong>ATEN\u00c7\u00c3O <\/strong><\/p>\n<p><strong>A IES poder\u00e1 solicitar a qualquer momento, mesmo ap\u00f3s a entrevista, qualquer outro documento que julgar necess\u00e1rio para comprova\u00e7\u00e3o das informa\u00e7\u00f5es prestadas no momento da inscri\u00e7\u00e3o e da entrevista.<\/strong><\/p>\n<p><strong>\u00a0<\/strong><\/p>\n<p><strong>Consulte abaixo a ficha cadastral e rela\u00e7\u00e3o dos documentos.<\/strong><\/p>\n<p><strong>\u00a0<\/strong><\/p>\n<p><strong>Rela\u00e7\u00e3o de documentos e ficha cadastral:<\/strong><\/p>\n<ul>\n<li><a href=\"https:\/\/portal.unisepe.com.br\/univr\/wp-content\/uploads\/sites\/10004\/2023\/02\/Ficha-de-Inscri\u00e7\u00e3o.pdf\" target=\"_blank\" rel=\"noopener noreferrer\">Ficha de Inscri\u00e7\u00e3o PPD<\/a><\/li>\n<\/ul>\n<p><strong>Consulte a Portaria\u00a0 para obter maiores informa\u00e7\u00f5es<\/strong><\/p>\n<ul>\n<li><a href=\"https:\/\/portal.unisepe.com.br\/univr\/wp-content\/uploads\/sites\/10004\/2021\/12\/PORTARIA-07-2021-PPD-CALOUROS-VETERANOS.pdf\" target=\"_blank\" rel=\"noopener noreferrer\">PORTARIA 07-2021 PPD CALOUROS VETERANOS<\/a><\/li>\n<li><a href=\"https:\/\/portal.unisepe.com.br\/univr\/wp-content\/uploads\/sites\/10004\/2021\/12\/PORTARIA-07-2021-PPD-CALOUROS-VETERANOS-ANEXO.pdf\" target=\"_blank\" rel=\"noopener noreferrer\">PORTARIA 07-2021 PPD CALOUROS VETERANOS ANEXO<\/a><\/li>\n<\/ul>\n","protected":false},"excerpt":{"rendered":"<p>Hist\u00f3rico: O Programa de Pagamento Diferido \u00e9 um Financiamento Estudantil da UNISEPE destinado a financiar a gradua\u00e7\u00e3o. No PPD o universit\u00e1rio pagar\u00e1 50 % durante a gradua\u00e7\u00e3o e os outros 50% financiados durante um per\u00edodo proporcional ao utilizado. O valor ser\u00e1 baseado na mensalidade vigente. (consulte a portaria) Quem pode<\/p>\n","protected":false},"author":1,"featured_media":0,"parent":647,"menu_order":0,"comment_status":"closed","ping_status":"closed","template":"templates\/template-pagina_menu_vertical.php","meta":{"footnotes":""},"categories":[],"tags":[],"class_list":["post-1854","page","type-page","status-publish","hentry"],"_links":{"self":[{"href":"https:\/\/portal.unisepe.com.br\/univr\/wp-json\/wp\/v2\/pages\/1854","targetHints":{"allow":["GET"]}}],"collection":[{"href":"https:\/\/portal.unisepe.com.br\/univr\/wp-json\/wp\/v2\/pages"}],"about":[{"href":"https:\/\/portal.unisepe.com.br\/univr\/wp-json\/wp\/v2\/types\/page"}],"author":[{"embeddable":true,"href":"https:\/\/portal.unisepe.com.br\/univr\/wp-json\/wp\/v2\/users\/1"}],"replies":[{"embeddable":true,"href":"https:\/\/portal.unisepe.com.br\/univr\/wp-json\/wp\/v2\/comments?post=1854"}],"version-history":[{"count":22,"href":"https:\/\/portal.unisepe.com.br\/univr\/wp-json\/wp\/v2\/pages\/1854\/revisions"}],"predecessor-version":[{"id":5812,"href":"https:\/\/portal.unisepe.com.br\/univr\/wp-json\/wp\/v2\/pages\/1854\/revisions\/5812"}],"up":[{"embeddable":true,"href":"https:\/\/portal.unisepe.com.br\/univr\/wp-json\/wp\/v2\/pages\/647"}],"wp:attachment":[{"href":"https:\/\/portal.unisepe.com.br\/univr\/wp-json\/wp\/v2\/media?parent=1854"}],"wp:term":[{"taxonomy":"category","embeddable":true,"href":"https:\/\/portal.unisepe.com.br\/univr\/wp-json\/wp\/v2\/categories?post=1854"},{"taxonomy":"post_tag","embeddable":true,"href":"https:\/\/portal.unisepe.com.br\/univr\/wp-json\/wp\/v2\/tags?post=1854"}],"curies":[{"name":"wp","href":"https:\/\/api.w.org\/{rel}","templated":true}]}}