{"id":1940,"date":"2018-01-24T10:35:56","date_gmt":"2018-01-24T12:35:56","guid":{"rendered":"http:\/\/portal.unisepe.com.br\/univr\/?page_id=1940"},"modified":"2023-05-11T16:15:22","modified_gmt":"2023-05-11T19:15:22","slug":"revista-eletronica","status":"publish","type":"page","link":"https:\/\/portal.unisepe.com.br\/univr\/psicologia\/revista-eletronica\/","title":{"rendered":"Revista Eletr\u00f4nica"},"content":{"rendered":"<p align=\"center\"><strong>UNISEPE<\/strong><\/p>\n<p align=\"center\"><span style=\"color: #0000ff;\"><strong>Caderno de Pesquisa Interdisciplinar em Psicologia:<\/strong><\/span><\/p>\n<p align=\"center\"><span style=\"color: #0000ff;\"><strong>Fundamentos te\u00f3ricos, hist\u00f3ricos e epistemol\u00f3gicos do pensamento psicol\u00f3gico<\/strong><\/span><\/p>\n<p align=\"right\">N\u00famero de ISBN<\/p>\n<p align=\"right\">978-85-66848-18-2<\/p>\n<p>&nbsp;<\/p>\n<p>Caderno de Pesquisa em Psicologia \u00e9 uma publica\u00e7\u00e3o semestral de trabalhos in\u00e9ditos relacionados \u00e0 psicologia e interdisciplinaridade. Sua proposta\u00a0 \u00e9 divulgar o conhecimento interdisciplinar em psicologia, bem como trabalhos e pesquisas que articulem diferentes \u00e1reas em di\u00e1logos com a psicologia, em especial nas Ci\u00eancias Humanas, Ci\u00eancias da Vida, Ci\u00eancias Pol\u00edticas e nas Artes. O peri\u00f3dico aceita originais em portugu\u00eas, ingl\u00eas e espanhol.<\/p>\n<p style=\"text-align: center;\"><img loading=\"lazy\" decoding=\"async\" class=\"wp-image-2053 aligncenter\" src=\"http:\/\/portal.unisepe.com.br\/univr\/wp-content\/uploads\/sites\/10004\/2018\/03\/Caderno-de-Pesquisa-Interdisciplinar-em-Psicologia-1024x1023.png\" alt=\"\" width=\"522\" height=\"522\" srcset=\"https:\/\/portal.unisepe.com.br\/univr\/wp-content\/uploads\/sites\/10004\/2018\/03\/Caderno-de-Pesquisa-Interdisciplinar-em-Psicologia.png 1024w, https:\/\/portal.unisepe.com.br\/univr\/wp-content\/uploads\/sites\/10004\/2018\/03\/Caderno-de-Pesquisa-Interdisciplinar-em-Psicologia-150x150.png 150w, https:\/\/portal.unisepe.com.br\/univr\/wp-content\/uploads\/sites\/10004\/2018\/03\/Caderno-de-Pesquisa-Interdisciplinar-em-Psicologia-300x300.png 300w, https:\/\/portal.unisepe.com.br\/univr\/wp-content\/uploads\/sites\/10004\/2018\/03\/Caderno-de-Pesquisa-Interdisciplinar-em-Psicologia-768x767.png 768w, https:\/\/portal.unisepe.com.br\/univr\/wp-content\/uploads\/sites\/10004\/2018\/03\/Caderno-de-Pesquisa-Interdisciplinar-em-Psicologia-225x225.png 225w\" sizes=\"auto, (max-width: 522px) 100vw, 522px\" \/><\/p>\n<p style=\"text-align: center;\">Logotipo: Eros e Psique de Antonio Canova<\/p>\n<p style=\"text-align: center;\"><span style=\"color: #0000ff;\">\u00a0<strong>Caderno de Pesquisa Interdisciplinar em Psicologia:<\/strong><\/span><\/p>\n<p style=\"text-align: center;\"><span style=\"color: #0000ff;\"><strong>Fundamentos te\u00f3ricos, hist\u00f3ricos e epistemol\u00f3gicos do pensamento psicol\u00f3gico<\/strong><\/span><\/p>\n<h4><a href=\"http:\/\/portal.unisepe.com.br\/univr\/caderno-de-pesquisa-interdisciplinar-em-psicologia-vol-2-2018-2\/\"><strong>v. 2\u00a0 (2018) &#8211; Sum\u00e1rio<\/strong><\/a><\/h4>\n<h4><a href=\"http:\/\/portal.unisepe.com.br\/univr\/caderno-de-pesquisa-interdisciplinar-em-psicologia-vol-1-2018-1\/\"><strong>v. 1 (2018) &#8211; Sum\u00e1rio<\/strong><\/a><\/h4>\n<p>&nbsp;<\/p>\n<p><strong>\u00a0Conselho Editorial<\/strong><\/p>\n<ol>\n<li>Anderson Martins da Silva (Coordenador do CPEx)<\/li>\n<li>Dr. Luciano Fiscina (Coordenador do Curso de Psicologia)<\/li>\n<li>Dr. Mikael Cavallet (Representante do Corpo Docente)<\/li>\n<li>Dr. Renato de Ara\u00fajo Cruz (Editor Colaborador)<\/li>\n<li>Ms. Ademar Oliveira (Editor Colaborador)<\/li>\n<li>Ms. Alessandro Aoki (Editor Colaborador)<\/li>\n<\/ol>\n","protected":false},"excerpt":{"rendered":"<p>UNISEPE Caderno de Pesquisa Interdisciplinar em Psicologia: Fundamentos te\u00f3ricos, hist\u00f3ricos e epistemol\u00f3gicos do pensamento psicol\u00f3gico N\u00famero de ISBN 978-85-66848-18-2 &nbsp; Caderno de Pesquisa em Psicologia \u00e9 uma publica\u00e7\u00e3o semestral de trabalhos in\u00e9ditos relacionados \u00e0 psicologia e interdisciplinaridade. Sua proposta\u00a0 \u00e9 divulgar o conhecimento interdisciplinar em psicologia, bem como trabalhos e<\/p>\n","protected":false},"author":1,"featured_media":0,"parent":533,"menu_order":10,"comment_status":"closed","ping_status":"closed","template":"templates\/template-curso_menu_vertical.php","meta":{"footnotes":""},"categories":[],"tags":[],"class_list":["post-1940","page","type-page","status-publish","hentry"],"_links":{"self":[{"href":"https:\/\/portal.unisepe.com.br\/univr\/wp-json\/wp\/v2\/pages\/1940","targetHints":{"allow":["GET"]}}],"collection":[{"href":"https:\/\/portal.unisepe.com.br\/univr\/wp-json\/wp\/v2\/pages"}],"about":[{"href":"https:\/\/portal.unisepe.com.br\/univr\/wp-json\/wp\/v2\/types\/page"}],"author":[{"embeddable":true,"href":"https:\/\/portal.unisepe.com.br\/univr\/wp-json\/wp\/v2\/users\/1"}],"replies":[{"embeddable":true,"href":"https:\/\/portal.unisepe.com.br\/univr\/wp-json\/wp\/v2\/comments?post=1940"}],"version-history":[{"count":21,"href":"https:\/\/portal.unisepe.com.br\/univr\/wp-json\/wp\/v2\/pages\/1940\/revisions"}],"predecessor-version":[{"id":5856,"href":"https:\/\/portal.unisepe.com.br\/univr\/wp-json\/wp\/v2\/pages\/1940\/revisions\/5856"}],"up":[{"embeddable":true,"href":"https:\/\/portal.unisepe.com.br\/univr\/wp-json\/wp\/v2\/pages\/533"}],"wp:attachment":[{"href":"https:\/\/portal.unisepe.com.br\/univr\/wp-json\/wp\/v2\/media?parent=1940"}],"wp:term":[{"taxonomy":"category","embeddable":true,"href":"https:\/\/portal.unisepe.com.br\/univr\/wp-json\/wp\/v2\/categories?post=1940"},{"taxonomy":"post_tag","embeddable":true,"href":"https:\/\/portal.unisepe.com.br\/univr\/wp-json\/wp\/v2\/tags?post=1940"}],"curies":[{"name":"wp","href":"https:\/\/api.w.org\/{rel}","templated":true}]}}