{"id":2132,"date":"2018-04-09T16:16:35","date_gmt":"2018-04-09T19:16:35","guid":{"rendered":"http:\/\/portal.unisepe.com.br\/univr\/?page_id=2132"},"modified":"2018-04-10T20:05:25","modified_gmt":"2018-04-10T23:05:25","slug":"acessibilidade","status":"publish","type":"page","link":"https:\/\/portal.unisepe.com.br\/univr\/instituto-superior-de-educacao\/projeto-pad\/acessibilidade\/","title":{"rendered":"Acessibilidade"},"content":{"rendered":"<p style=\"text-align: center;\"><strong><u>RAMPAS DE ACESSO<\/u><\/strong><\/p>\n<p>&nbsp;<\/p>\n<p><a href=\"http:\/\/portal.unisepe.com.br\/univr\/wp-content\/uploads\/sites\/10004\/2018\/04\/imagem1-1.jpg\"><img loading=\"lazy\" decoding=\"async\" class=\"wp-image-2176 alignleft\" src=\"http:\/\/portal.unisepe.com.br\/univr\/wp-content\/uploads\/sites\/10004\/2018\/04\/imagem1-1.jpg\" alt=\"\" width=\"292\" height=\"164\" srcset=\"https:\/\/portal.unisepe.com.br\/univr\/wp-content\/uploads\/sites\/10004\/2018\/04\/imagem1-1.jpg 770w, https:\/\/portal.unisepe.com.br\/univr\/wp-content\/uploads\/sites\/10004\/2018\/04\/imagem1-1-300x169.jpg 300w, https:\/\/portal.unisepe.com.br\/univr\/wp-content\/uploads\/sites\/10004\/2018\/04\/imagem1-1-768x432.jpg 768w\" sizes=\"auto, (max-width: 292px) 100vw, 292px\" \/><\/a><\/p>\n<p><a href=\"http:\/\/portal.unisepe.com.br\/univr\/wp-content\/uploads\/sites\/10004\/2018\/04\/imagem2-1.jpg\"><img loading=\"lazy\" decoding=\"async\" class=\"wp-image-2178 alignleft\" src=\"http:\/\/portal.unisepe.com.br\/univr\/wp-content\/uploads\/sites\/10004\/2018\/04\/imagem2-1.jpg\" alt=\"\" width=\"177\" height=\"315\" srcset=\"https:\/\/portal.unisepe.com.br\/univr\/wp-content\/uploads\/sites\/10004\/2018\/04\/imagem2-1.jpg 433w, https:\/\/portal.unisepe.com.br\/univr\/wp-content\/uploads\/sites\/10004\/2018\/04\/imagem2-1-169x300.jpg 169w\" sizes=\"auto, (max-width: 177px) 100vw, 177px\" \/><\/a><\/p>\n<p>&nbsp;<\/p>\n<p>&nbsp;<\/p>\n<p>&nbsp;<\/p>\n<p>&nbsp;<\/p>\n<p>&nbsp;<\/p>\n<p>&nbsp;<\/p>\n<p>&nbsp;<\/p>\n<p>&nbsp;<\/p>\n<p>&nbsp;<\/p>\n<p>&nbsp;<\/p>\n<p>&nbsp;<\/p>\n<p style=\"text-align: center;\"><strong><u>BANHEIROS ADAPTADOS<\/u><\/strong><\/p>\n<p>&nbsp;<\/p>\n<p><a href=\"http:\/\/portal.unisepe.com.br\/univr\/wp-content\/uploads\/sites\/10004\/2018\/04\/imagem3-1.jpg\"><img loading=\"lazy\" decoding=\"async\" class=\"wp-image-2179 alignleft\" src=\"http:\/\/portal.unisepe.com.br\/univr\/wp-content\/uploads\/sites\/10004\/2018\/04\/imagem3-1.jpg\" alt=\"\" width=\"231\" height=\"130\" srcset=\"https:\/\/portal.unisepe.com.br\/univr\/wp-content\/uploads\/sites\/10004\/2018\/04\/imagem3-1.jpg 770w, https:\/\/portal.unisepe.com.br\/univr\/wp-content\/uploads\/sites\/10004\/2018\/04\/imagem3-1-300x169.jpg 300w, https:\/\/portal.unisepe.com.br\/univr\/wp-content\/uploads\/sites\/10004\/2018\/04\/imagem3-1-768x432.jpg 768w\" sizes=\"auto, (max-width: 231px) 100vw, 231px\" \/><\/a><a href=\"http:\/\/portal.unisepe.com.br\/univr\/wp-content\/uploads\/sites\/10004\/2018\/04\/imagem4.jpg\"><img loading=\"lazy\" decoding=\"async\" class=\"wp-image-2180 aligncenter\" src=\"http:\/\/portal.unisepe.com.br\/univr\/wp-content\/uploads\/sites\/10004\/2018\/04\/imagem4.jpg\" alt=\"\" width=\"231\" height=\"130\" srcset=\"https:\/\/portal.unisepe.com.br\/univr\/wp-content\/uploads\/sites\/10004\/2018\/04\/imagem4.jpg 770w, https:\/\/portal.unisepe.com.br\/univr\/wp-content\/uploads\/sites\/10004\/2018\/04\/imagem4-300x169.jpg 300w, https:\/\/portal.unisepe.com.br\/univr\/wp-content\/uploads\/sites\/10004\/2018\/04\/imagem4-768x432.jpg 768w\" sizes=\"auto, (max-width: 231px) 100vw, 231px\" \/><\/a><\/p>\n<p style=\"text-align: center;\"><strong><u>ELEVADORES ESPECIAIS<\/u><\/strong><\/p>\n<p>&nbsp;<\/p>\n<p>&nbsp;<\/p>\n<p style=\"text-align: center;\"><a href=\"http:\/\/portal.unisepe.com.br\/univr\/wp-content\/uploads\/sites\/10004\/2018\/04\/imagem5.jpg\"><img loading=\"lazy\" decoding=\"async\" class=\"alignnone size-full wp-image-2181\" src=\"http:\/\/portal.unisepe.com.br\/univr\/wp-content\/uploads\/sites\/10004\/2018\/04\/imagem5.jpg\" alt=\"\" width=\"664\" height=\"405\" srcset=\"https:\/\/portal.unisepe.com.br\/univr\/wp-content\/uploads\/sites\/10004\/2018\/04\/imagem5.jpg 664w, https:\/\/portal.unisepe.com.br\/univr\/wp-content\/uploads\/sites\/10004\/2018\/04\/imagem5-300x183.jpg 300w\" sizes=\"auto, (max-width: 664px) 100vw, 664px\" \/><\/a><\/p>\n<p>&nbsp;<\/p>\n<p style=\"text-align: center;\"><strong><u>PISO T\u00c1TIL<\/u><\/strong><\/p>\n<p style=\"text-align: center;\"><strong><u><a href=\"http:\/\/portal.unisepe.com.br\/univr\/wp-content\/uploads\/sites\/10004\/2018\/04\/imagem6-1.jpg\"><img loading=\"lazy\" decoding=\"async\" class=\"size-full wp-image-2182 aligncenter\" src=\"http:\/\/portal.unisepe.com.br\/univr\/wp-content\/uploads\/sites\/10004\/2018\/04\/imagem6-1.jpg\" alt=\"\" width=\"703\" height=\"419\" srcset=\"https:\/\/portal.unisepe.com.br\/univr\/wp-content\/uploads\/sites\/10004\/2018\/04\/imagem6-1.jpg 703w, https:\/\/portal.unisepe.com.br\/univr\/wp-content\/uploads\/sites\/10004\/2018\/04\/imagem6-1-300x179.jpg 300w\" sizes=\"auto, (max-width: 703px) 100vw, 703px\" \/><\/a><\/u><\/strong><\/p>\n<p style=\"text-align: center;\"><strong><u>MOB\u00cdLIAS ADAPTADAS<\/u><\/strong><\/p>\n<p><a href=\"http:\/\/portal.unisepe.com.br\/univr\/wp-content\/uploads\/sites\/10004\/2018\/04\/imagem7-1.jpg\"><img loading=\"lazy\" decoding=\"async\" class=\"size-full wp-image-2183 aligncenter\" src=\"http:\/\/portal.unisepe.com.br\/univr\/wp-content\/uploads\/sites\/10004\/2018\/04\/imagem7-1.jpg\" alt=\"\" width=\"637\" height=\"357\" srcset=\"https:\/\/portal.unisepe.com.br\/univr\/wp-content\/uploads\/sites\/10004\/2018\/04\/imagem7-1.jpg 637w, https:\/\/portal.unisepe.com.br\/univr\/wp-content\/uploads\/sites\/10004\/2018\/04\/imagem7-1-300x168.jpg 300w\" sizes=\"auto, (max-width: 637px) 100vw, 637px\" \/><\/a><\/p>\n<p style=\"text-align: center;\"><strong><u>ESTACIONAMENTO RESERVADO<\/u><\/strong><\/p>\n<p>&nbsp;<\/p>\n<p><a href=\"http:\/\/portal.unisepe.com.br\/univr\/wp-content\/uploads\/sites\/10004\/2018\/04\/imagem8-1.jpg\"><img loading=\"lazy\" decoding=\"async\" class=\"size-full wp-image-2184 aligncenter\" src=\"http:\/\/portal.unisepe.com.br\/univr\/wp-content\/uploads\/sites\/10004\/2018\/04\/imagem8-1.jpg\" alt=\"\" width=\"643\" height=\"413\" srcset=\"https:\/\/portal.unisepe.com.br\/univr\/wp-content\/uploads\/sites\/10004\/2018\/04\/imagem8-1.jpg 643w, https:\/\/portal.unisepe.com.br\/univr\/wp-content\/uploads\/sites\/10004\/2018\/04\/imagem8-1-300x193.jpg 300w\" sizes=\"auto, (max-width: 643px) 100vw, 643px\" \/><\/a><\/p>\n<p style=\"text-align: center;\"><strong><u>INT\u00c9RPRETES<\/u><\/strong><\/p>\n<p>&nbsp;<\/p>\n<p><a href=\"http:\/\/portal.unisepe.com.br\/univr\/wp-content\/uploads\/sites\/10004\/2018\/04\/imagem9.jpg\"><img loading=\"lazy\" decoding=\"async\" class=\"size-full wp-image-2185 aligncenter\" src=\"http:\/\/portal.unisepe.com.br\/univr\/wp-content\/uploads\/sites\/10004\/2018\/04\/imagem9.jpg\" alt=\"\" width=\"620\" height=\"616\" srcset=\"https:\/\/portal.unisepe.com.br\/univr\/wp-content\/uploads\/sites\/10004\/2018\/04\/imagem9.jpg 620w, https:\/\/portal.unisepe.com.br\/univr\/wp-content\/uploads\/sites\/10004\/2018\/04\/imagem9-150x150.jpg 150w, https:\/\/portal.unisepe.com.br\/univr\/wp-content\/uploads\/sites\/10004\/2018\/04\/imagem9-300x298.jpg 300w, https:\/\/portal.unisepe.com.br\/univr\/wp-content\/uploads\/sites\/10004\/2018\/04\/imagem9-225x225.jpg 225w\" sizes=\"auto, (max-width: 620px) 100vw, 620px\" \/><\/a><\/p>\n<p>&nbsp;<\/p>\n<p style=\"text-align: center;\">\n","protected":false},"excerpt":{"rendered":"<p>RAMPAS DE ACESSO &nbsp; &nbsp; &nbsp; &nbsp; &nbsp; &nbsp; &nbsp; &nbsp; &nbsp; &nbsp; &nbsp; &nbsp; BANHEIROS ADAPTADOS &nbsp; ELEVADORES ESPECIAIS &nbsp; &nbsp; &nbsp; PISO T\u00c1TIL MOB\u00cdLIAS ADAPTADAS ESTACIONAMENTO RESERVADO &nbsp; INT\u00c9RPRETES &nbsp; &nbsp;<\/p>\n","protected":false},"author":1,"featured_media":0,"parent":2121,"menu_order":0,"comment_status":"closed","ping_status":"closed","template":"templates\/template-curso_menu_vertical.php","meta":{"footnotes":""},"categories":[],"tags":[],"class_list":["post-2132","page","type-page","status-publish","hentry"],"_links":{"self":[{"href":"https:\/\/portal.unisepe.com.br\/univr\/wp-json\/wp\/v2\/pages\/2132","targetHints":{"allow":["GET"]}}],"collection":[{"href":"https:\/\/portal.unisepe.com.br\/univr\/wp-json\/wp\/v2\/pages"}],"about":[{"href":"https:\/\/portal.unisepe.com.br\/univr\/wp-json\/wp\/v2\/types\/page"}],"author":[{"embeddable":true,"href":"https:\/\/portal.unisepe.com.br\/univr\/wp-json\/wp\/v2\/users\/1"}],"replies":[{"embeddable":true,"href":"https:\/\/portal.unisepe.com.br\/univr\/wp-json\/wp\/v2\/comments?post=2132"}],"version-history":[{"count":9,"href":"https:\/\/portal.unisepe.com.br\/univr\/wp-json\/wp\/v2\/pages\/2132\/revisions"}],"predecessor-version":[{"id":2192,"href":"https:\/\/portal.unisepe.com.br\/univr\/wp-json\/wp\/v2\/pages\/2132\/revisions\/2192"}],"up":[{"embeddable":true,"href":"https:\/\/portal.unisepe.com.br\/univr\/wp-json\/wp\/v2\/pages\/2121"}],"wp:attachment":[{"href":"https:\/\/portal.unisepe.com.br\/univr\/wp-json\/wp\/v2\/media?parent=2132"}],"wp:term":[{"taxonomy":"category","embeddable":true,"href":"https:\/\/portal.unisepe.com.br\/univr\/wp-json\/wp\/v2\/categories?post=2132"},{"taxonomy":"post_tag","embeddable":true,"href":"https:\/\/portal.unisepe.com.br\/univr\/wp-json\/wp\/v2\/tags?post=2132"}],"curies":[{"name":"wp","href":"https:\/\/api.w.org\/{rel}","templated":true}]}}