{"id":214,"date":"2016-07-08T00:30:46","date_gmt":"2016-07-08T00:30:46","guid":{"rendered":"http:\/\/portal.unisepe.com.br\/univr\/?page_id=214"},"modified":"2016-07-08T00:30:46","modified_gmt":"2016-07-08T00:30:46","slug":"areas-de-atuacao","status":"publish","type":"page","link":"https:\/\/portal.unisepe.com.br\/univr\/a-instituicao\/areas-de-atuacao\/","title":{"rendered":"\u00c1reas de Atua\u00e7\u00e3o"},"content":{"rendered":"<p>As Faculdades Integradas do Vale do Ribeira desempenham importante papel como p\u00f3lo de desenvolvimento educacional. A sua \u00e1rea de influ\u00eancia vai muito al\u00e9m de Registro, atingindo entre outros munic\u00edpios, os seguintes: Miracatu, Juqui\u00e1, Juquitiba, Sete Barras, Pariquera-A\u00e7u, Pedro de Toledo, Iporanga, Barra do Turvo, Eldorado, Cajati, Canan\u00e9ia, Iguape, Ilha Comprida, Itariri, Jacupiranga e Peru\u00edbe.<br \/>\nA Institui\u00e7\u00e3o vem atuando no campo de ensino superior h\u00e1 quase quatro d\u00e9cadas, de forma ininterrupta. Atualmente oferece nove cursos de gradua\u00e7\u00e3o, abrangendo as seguintes \u00e1reas de conhecimento:<\/p>\n<p><strong>Ci\u00eancias Exatas e da Terra<\/strong><br \/>\nLicenciatura em Matem\u00e1tica<br \/>\nLicenciatura em Qu\u00edmica<br \/>\nCurso Superior de Tecnologia em An\u00e1lise e Desenvolvimento de Sistemas\u00a0(Eixo Tecnol\u00f3gico: informa\u00e7\u00e3o e Comunica\u00e7\u00e3o<\/p>\n<p><strong>Ci\u00eancias Sociais Aplicadas<\/strong><br \/>\nBacharelado em Ci\u00eancias Cont\u00e1beis<br \/>\nBacharelado em Administra\u00e7\u00e3o de Empresas<br \/>\nBacharelado em Direito<br \/>\nBacharelado em Servi\u00e7o Social<\/p>\n<p><strong>Ci\u00eancias Humanas<\/strong><br \/>\nLicenciatura em Hist\u00f3ria<br \/>\nLicenciatura em Pedagogia<\/p>\n<p><strong>Ling\u00fc\u00edstica, Letras e Artes<\/strong><br \/>\nLicenciatura em Letras<br \/>\nLicenciatura em Letras &#8211; Espanhol (2009)<\/p>\n<p><strong>Ci\u00eancias Biol\u00f3gicas<\/strong><br \/>\nLicenciatura em Ci\u00eancias Biol\u00f3gicas<br \/>\nBacharelado em Ci\u00eancias Biol\u00f3gicas (2009)<\/p>\n<p><strong>Outros<\/strong><br \/>\nCurso Superior de Tecnologia em Gest\u00e3o Ambiental<br \/>\nCurso Superior de Tecnologia em Hotelaria (\u00c1rea Profissional: Lazer e Desenvolvimento Social e Turismo e Hospitalidade)<br \/>\nCurso Superior de Tecnologia em Gest\u00e3o de Turismo (Eixo Tecnol\u00f3gico: Hospitalidade e Lazer)<br \/>\nCurso Superior de Tecnologia em Log\u00edstica<br \/>\nCurso Superior de Tecnologia em Processos Gerenciais (EixoTecnol\u00f3gico: Gest\u00e3o e Neg\u00f3cios)<br \/>\nCurso Superior de Tecnologia em Recursos Humanos<br \/>\nCurso Superior de Tecnologia em Redes de Computadores (2009)<\/p>\n<p><strong>Ci\u00eancias da Sa\u00fade<\/strong><br \/>\nLicenciatura em Educa\u00e7\u00e3o F\u00edsica<br \/>\nBacharelado em Educa\u00e7\u00e3o F\u00edsica (2009)<br \/>\nBacharelado em Enfermagem<br \/>\nBacharelado em Fisioterapia<br \/>\nBacharelado em Nutri\u00e7\u00e3o<br \/>\n<strong>&#8220;A Educa\u00e7\u00e3o \u00e9 a for\u00e7a transformadora da sociedade, humanizando o mundo&#8221;<\/strong><\/p>\n<p><strong>&#8220;\u00c0 medida que o pa\u00eds cresce em complexidade, ele se ressente de uma melhor qualifica\u00e7\u00e3o de recursos humanos, em todas as \u00e1reas, nelas se incluindo a educa\u00e7\u00e3o, ponto de partida e chegada dessa qualifica\u00e7\u00e3o&#8221;.<\/strong><\/p>\n","protected":false},"excerpt":{"rendered":"<p>As Faculdades Integradas do Vale do Ribeira desempenham importante papel como p\u00f3lo de desenvolvimento educacional. A sua \u00e1rea de influ\u00eancia vai muito al\u00e9m de Registro, atingindo entre outros munic\u00edpios, os seguintes: Miracatu, Juqui\u00e1, Juquitiba, Sete Barras, Pariquera-A\u00e7u, Pedro de Toledo, Iporanga, Barra do Turvo, Eldorado, Cajati, Canan\u00e9ia, Iguape, Ilha Comprida,<\/p>\n","protected":false},"author":1,"featured_media":0,"parent":81,"menu_order":0,"comment_status":"closed","ping_status":"closed","template":"templates\/template-pagina_menu_vertical.php","meta":{"footnotes":""},"categories":[],"tags":[],"class_list":["post-214","page","type-page","status-publish","hentry"],"_links":{"self":[{"href":"https:\/\/portal.unisepe.com.br\/univr\/wp-json\/wp\/v2\/pages\/214","targetHints":{"allow":["GET"]}}],"collection":[{"href":"https:\/\/portal.unisepe.com.br\/univr\/wp-json\/wp\/v2\/pages"}],"about":[{"href":"https:\/\/portal.unisepe.com.br\/univr\/wp-json\/wp\/v2\/types\/page"}],"author":[{"embeddable":true,"href":"https:\/\/portal.unisepe.com.br\/univr\/wp-json\/wp\/v2\/users\/1"}],"replies":[{"embeddable":true,"href":"https:\/\/portal.unisepe.com.br\/univr\/wp-json\/wp\/v2\/comments?post=214"}],"version-history":[{"count":0,"href":"https:\/\/portal.unisepe.com.br\/univr\/wp-json\/wp\/v2\/pages\/214\/revisions"}],"up":[{"embeddable":true,"href":"https:\/\/portal.unisepe.com.br\/univr\/wp-json\/wp\/v2\/pages\/81"}],"wp:attachment":[{"href":"https:\/\/portal.unisepe.com.br\/univr\/wp-json\/wp\/v2\/media?parent=214"}],"wp:term":[{"taxonomy":"category","embeddable":true,"href":"https:\/\/portal.unisepe.com.br\/univr\/wp-json\/wp\/v2\/categories?post=214"},{"taxonomy":"post_tag","embeddable":true,"href":"https:\/\/portal.unisepe.com.br\/univr\/wp-json\/wp\/v2\/tags?post=214"}],"curies":[{"name":"wp","href":"https:\/\/api.w.org\/{rel}","templated":true}]}}