{"id":2219,"date":"2018-04-17T21:55:38","date_gmt":"2018-04-18T00:55:38","guid":{"rendered":"http:\/\/portal.unisepe.com.br\/univr\/?page_id=2219"},"modified":"2018-10-17T22:54:10","modified_gmt":"2018-10-18T01:54:10","slug":"programa-de-monitoria","status":"publish","type":"page","link":"https:\/\/portal.unisepe.com.br\/univr\/pedagogia\/programa-de-monitoria\/","title":{"rendered":"Programa de Monitoria"},"content":{"rendered":"<h4 style=\"text-align: center;\">Programa de monitoria do curso de Pedagogia<\/h4>\n<p style=\"text-align: center;\"><a href=\"http:\/\/portal.unisepe.com.br\/univr\/wp-content\/uploads\/sites\/10004\/2018\/04\/Programa-de-Monitoria-Diretrizes-PD.pdf\" target=\"_blank\" rel=\"noopener\">Diretrizes<\/a><\/p>\n<p style=\"text-align: center;\"><a href=\"http:\/\/portal.unisepe.com.br\/univr\/wp-content\/uploads\/sites\/10004\/2018\/04\/Programa-de-Monitoria-Edital-PD-1.pdf\">Edital 2018.1<\/a><\/p>\n<h6 style=\"text-align: center;\"><a href=\"http:\/\/portal.unisepe.com.br\/unisepe\/fvr\/cursos\/atividades_cientificas\/\" target=\"_blank\" rel=\"noopener\">Clique aqui e fa\u00e7a sua inscri\u00e7\u00e3o<\/a><\/h6>\n<h5 style=\"text-align: center;\">Inscri\u00e7\u00f5es at\u00e9 04 de maio de 2018<\/h5>\n<p>&nbsp;<\/p>\n<p style=\"text-align: center;\">Informa\u00e7\u00f5es:<\/p>\n<p style=\"text-align: center;\"><a href=\"http:\/\/portal.unisepe.com.br\/univr\/pedagogia\/\" target=\"_blank\" rel=\"noopener\">http:\/\/portal.unisepe.com.br\/univr\/pedagogia\/<\/a><\/p>\n<p>&nbsp;<\/p>\n","protected":false},"excerpt":{"rendered":"<p>Programa de monitoria do curso de Pedagogia Diretrizes Edital 2018.1 Clique aqui e fa\u00e7a sua inscri\u00e7\u00e3o Inscri\u00e7\u00f5es at\u00e9 04 de maio de 2018 &nbsp; Informa\u00e7\u00f5es: http:\/\/portal.unisepe.com.br\/univr\/pedagogia\/ &nbsp;<\/p>\n","protected":false},"author":1,"featured_media":0,"parent":509,"menu_order":0,"comment_status":"closed","ping_status":"closed","template":"templates\/template-curso_menu_vertical.php","meta":{"footnotes":""},"categories":[],"tags":[],"class_list":["post-2219","page","type-page","status-publish","hentry"],"_links":{"self":[{"href":"https:\/\/portal.unisepe.com.br\/univr\/wp-json\/wp\/v2\/pages\/2219","targetHints":{"allow":["GET"]}}],"collection":[{"href":"https:\/\/portal.unisepe.com.br\/univr\/wp-json\/wp\/v2\/pages"}],"about":[{"href":"https:\/\/portal.unisepe.com.br\/univr\/wp-json\/wp\/v2\/types\/page"}],"author":[{"embeddable":true,"href":"https:\/\/portal.unisepe.com.br\/univr\/wp-json\/wp\/v2\/users\/1"}],"replies":[{"embeddable":true,"href":"https:\/\/portal.unisepe.com.br\/univr\/wp-json\/wp\/v2\/comments?post=2219"}],"version-history":[{"count":9,"href":"https:\/\/portal.unisepe.com.br\/univr\/wp-json\/wp\/v2\/pages\/2219\/revisions"}],"predecessor-version":[{"id":2742,"href":"https:\/\/portal.unisepe.com.br\/univr\/wp-json\/wp\/v2\/pages\/2219\/revisions\/2742"}],"up":[{"embeddable":true,"href":"https:\/\/portal.unisepe.com.br\/univr\/wp-json\/wp\/v2\/pages\/509"}],"wp:attachment":[{"href":"https:\/\/portal.unisepe.com.br\/univr\/wp-json\/wp\/v2\/media?parent=2219"}],"wp:term":[{"taxonomy":"category","embeddable":true,"href":"https:\/\/portal.unisepe.com.br\/univr\/wp-json\/wp\/v2\/categories?post=2219"},{"taxonomy":"post_tag","embeddable":true,"href":"https:\/\/portal.unisepe.com.br\/univr\/wp-json\/wp\/v2\/tags?post=2219"}],"curies":[{"name":"wp","href":"https:\/\/api.w.org\/{rel}","templated":true}]}}