{"id":2221,"date":"2018-04-17T21:56:15","date_gmt":"2018-04-18T00:56:15","guid":{"rendered":"http:\/\/portal.unisepe.com.br\/univr\/?page_id=2221"},"modified":"2018-10-17T22:53:19","modified_gmt":"2018-10-18T01:53:19","slug":"programa-de-monitoria","status":"publish","type":"page","link":"https:\/\/portal.unisepe.com.br\/univr\/matematica\/programa-de-monitoria\/","title":{"rendered":"Programa de Monitoria"},"content":{"rendered":"<h4 style=\"text-align: center;\">Programa de monitoria do curso de Matem\u00e1tica<\/h4>\n<p style=\"text-align: center;\"><a href=\"http:\/\/portal.unisepe.com.br\/univr\/wp-content\/uploads\/sites\/10004\/2018\/04\/Programa-de-Monitoria-Diretrizes-MT.pdf\" target=\"_blank\" rel=\"noopener\">Diretrizes<\/a><\/p>\n<p style=\"text-align: center;\"><a href=\"http:\/\/portal.unisepe.com.br\/univr\/wp-content\/uploads\/sites\/10004\/2018\/04\/Programa-de-Monitoria-Edital-MT-1.pdf\">Edital 2018.1<\/a><\/p>\n<h6 style=\"text-align: center;\"><a href=\"http:\/\/portal.unisepe.com.br\/unisepe\/fvr\/cursos\/atividades_cientificas\/\" target=\"_blank\" rel=\"noopener\">Clique aqui e fa\u00e7a sua inscri\u00e7\u00e3o<\/a><\/h6>\n<h5 style=\"text-align: center;\">Inscri\u00e7\u00f5es at\u00e9 04 de maio de 2018<\/h5>\n<p>&nbsp;<\/p>\n<p style=\"text-align: center;\">Informa\u00e7\u00f5es:<\/p>\n<p style=\"text-align: center;\"><a href=\"http:\/\/portal.unisepe.com.br\/univr\/matematica\/\" target=\"_blank\" rel=\"noopener\">http:\/\/portal.unisepe.com.br\/univr\/matematica\/<\/a><\/p>\n<p>&nbsp;<\/p>\n","protected":false},"excerpt":{"rendered":"<p>Programa de monitoria do curso de Matem\u00e1tica Diretrizes Edital 2018.1 Clique aqui e fa\u00e7a sua inscri\u00e7\u00e3o Inscri\u00e7\u00f5es at\u00e9 04 de maio de 2018 &nbsp; Informa\u00e7\u00f5es: http:\/\/portal.unisepe.com.br\/univr\/matematica\/ &nbsp;<\/p>\n","protected":false},"author":1,"featured_media":0,"parent":472,"menu_order":0,"comment_status":"closed","ping_status":"closed","template":"templates\/template-curso_menu_vertical.php","meta":{"footnotes":""},"categories":[],"tags":[],"class_list":["post-2221","page","type-page","status-publish","hentry"],"_links":{"self":[{"href":"https:\/\/portal.unisepe.com.br\/univr\/wp-json\/wp\/v2\/pages\/2221","targetHints":{"allow":["GET"]}}],"collection":[{"href":"https:\/\/portal.unisepe.com.br\/univr\/wp-json\/wp\/v2\/pages"}],"about":[{"href":"https:\/\/portal.unisepe.com.br\/univr\/wp-json\/wp\/v2\/types\/page"}],"author":[{"embeddable":true,"href":"https:\/\/portal.unisepe.com.br\/univr\/wp-json\/wp\/v2\/users\/1"}],"replies":[{"embeddable":true,"href":"https:\/\/portal.unisepe.com.br\/univr\/wp-json\/wp\/v2\/comments?post=2221"}],"version-history":[{"count":7,"href":"https:\/\/portal.unisepe.com.br\/univr\/wp-json\/wp\/v2\/pages\/2221\/revisions"}],"predecessor-version":[{"id":2741,"href":"https:\/\/portal.unisepe.com.br\/univr\/wp-json\/wp\/v2\/pages\/2221\/revisions\/2741"}],"up":[{"embeddable":true,"href":"https:\/\/portal.unisepe.com.br\/univr\/wp-json\/wp\/v2\/pages\/472"}],"wp:attachment":[{"href":"https:\/\/portal.unisepe.com.br\/univr\/wp-json\/wp\/v2\/media?parent=2221"}],"wp:term":[{"taxonomy":"category","embeddable":true,"href":"https:\/\/portal.unisepe.com.br\/univr\/wp-json\/wp\/v2\/categories?post=2221"},{"taxonomy":"post_tag","embeddable":true,"href":"https:\/\/portal.unisepe.com.br\/univr\/wp-json\/wp\/v2\/tags?post=2221"}],"curies":[{"name":"wp","href":"https:\/\/api.w.org\/{rel}","templated":true}]}}