{"id":2254,"date":"2018-04-24T10:41:47","date_gmt":"2018-04-24T13:41:47","guid":{"rendered":"http:\/\/portal.unisepe.com.br\/univr\/?page_id=2254"},"modified":"2020-01-22T18:24:06","modified_gmt":"2020-01-22T21:24:06","slug":"matriz-curricular","status":"publish","type":"page","link":"https:\/\/portal.unisepe.com.br\/univr\/gastronomia\/matriz-curricular\/","title":{"rendered":"Matriz Curricular"},"content":{"rendered":"<ul class=\"nav nav-tabs\">\n<li class=\"nav-item\"><a class=\"nav-link active\" href=\"#tab1\" data-toggle=\"tab\">Matriz<\/a><\/li>\n<li class=\"nav-item\"><a class=\"nav-link\" href=\"#tab2\" data-toggle=\"tab\">EAD<\/a><\/li>\n<\/ul>\n<div id=\"myTabContent\" class=\"tab-content\">\n<div id=\"tab1\" class=\"tab-pane fade active show\">\n<ul>\n<li><a href=\"http:\/\/portal.unisepe.com.br\/univr\/wp-content\/uploads\/sites\/10004\/2020\/01\/Matriz-Gastronomia-2020-2.pdf\" target=\"_blank\" rel=\"noopener\">Matriz Gastronomia 2020<\/a><\/li>\n<li><a href=\"http:\/\/portal.unisepe.com.br\/univr\/wp-content\/uploads\/sites\/10004\/2018\/04\/Matriz_CSTG.pdf\" target=\"_blank\" rel=\"noopener\">Matriz_CSTG<\/a><\/li>\n<\/ul>\n<\/div>\n<div id=\"tab2\" class=\"tab-pane fade\">\n<p style=\"text-align: center\">art 8. da Portaria 1.428\/2018<\/p>\n<ul>\n<li><a href=\"http:\/\/portal.unisepe.com.br\/univr\/wp-content\/uploads\/sites\/10004\/2019\/09\/2019-2-UNIVR-ART-8-empreendedorismo.pdf\" target=\"_blank\" rel=\"noopener\">2019-2-UNIVR-ART 8- empreendedorismo<\/a><\/li>\n<li><a href=\"http:\/\/portal.unisepe.com.br\/univr\/wp-content\/uploads\/sites\/10004\/2019\/09\/2019-2-UNIVR-ART-8-gest\u00e3o-financeira-e-de-pessoas.pdf\" target=\"_blank\" rel=\"noopener\">2019-2-UNIVR-ART 8- gest\u00e3o financeira e de pessoas<\/a><\/li>\n<li><a href=\"http:\/\/portal.unisepe.com.br\/univr\/wp-content\/uploads\/sites\/10004\/2019\/09\/2019-2-UNIVR-ART-8-L\u00cdNGUA-BRASILEIRA-DE-SINAIS-LIBRAS.pdf\" target=\"_blank\" rel=\"noopener\">2019-2-UNIVR-ART 8-L\u00cdNGUA BRASILEIRA DE SINAIS LIBRAS<\/a><\/li>\n<li><a href=\"http:\/\/portal.unisepe.com.br\/univr\/wp-content\/uploads\/sites\/10004\/2019\/09\/2019-2-UNIVR-ART-8-LINGUAGEM-GASTRON\u00d4MICA.pdf\" target=\"_blank\" rel=\"noopener\">2019-2-UNIVR-ART 8-LINGUAGEM GASTRON\u00d4MICA<\/a><\/li>\n<li><a href=\"http:\/\/portal.unisepe.com.br\/univr\/wp-content\/uploads\/sites\/10004\/2019\/09\/2019-2-UNIVR-ART-8-MARKETING.pdf\" target=\"_blank\" rel=\"noopener\">2019-2-UNIVR-ART 8-MARKETING<\/a><\/li>\n<li><a href=\"http:\/\/portal.unisepe.com.br\/univr\/wp-content\/uploads\/sites\/10004\/2019\/09\/2019-2-UNIVR-ART-8-SOCIOLOGIA.pdf\" target=\"_blank\" rel=\"noopener\">2019-2-UNIVR-ART 8-SOCIOLOGIA<\/a><\/li>\n<li><a href=\"http:\/\/portal.unisepe.com.br\/univr\/wp-content\/uploads\/sites\/10004\/2019\/09\/2019-2-UNIVR-ART-8-SUSTENTABILIDADE.pdf\" target=\"_blank\" rel=\"noopener\">2019-2-UNIVR-ART 8-SUSTENTABILIDADE<\/a><\/li>\n<\/ul>\n<\/div>\n<\/div>\n","protected":false},"excerpt":{"rendered":"<p>Matriz EAD Matriz Gastronomia 2020 Matriz_CSTG art 8. da Portaria 1.428\/2018 2019-2-UNIVR-ART 8- empreendedorismo 2019-2-UNIVR-ART 8- gest\u00e3o financeira e de pessoas 2019-2-UNIVR-ART 8-L\u00cdNGUA BRASILEIRA DE SINAIS LIBRAS 2019-2-UNIVR-ART 8-LINGUAGEM GASTRON\u00d4MICA 2019-2-UNIVR-ART 8-MARKETING 2019-2-UNIVR-ART 8-SOCIOLOGIA 2019-2-UNIVR-ART 8-SUSTENTABILIDADE<\/p>\n","protected":false},"author":1,"featured_media":0,"parent":1760,"menu_order":0,"comment_status":"closed","ping_status":"closed","template":"templates\/template-curso_menu_vertical.php","meta":{"footnotes":""},"categories":[],"tags":[],"class_list":["post-2254","page","type-page","status-publish","hentry"],"_links":{"self":[{"href":"https:\/\/portal.unisepe.com.br\/univr\/wp-json\/wp\/v2\/pages\/2254","targetHints":{"allow":["GET"]}}],"collection":[{"href":"https:\/\/portal.unisepe.com.br\/univr\/wp-json\/wp\/v2\/pages"}],"about":[{"href":"https:\/\/portal.unisepe.com.br\/univr\/wp-json\/wp\/v2\/types\/page"}],"author":[{"embeddable":true,"href":"https:\/\/portal.unisepe.com.br\/univr\/wp-json\/wp\/v2\/users\/1"}],"replies":[{"embeddable":true,"href":"https:\/\/portal.unisepe.com.br\/univr\/wp-json\/wp\/v2\/comments?post=2254"}],"version-history":[{"count":11,"href":"https:\/\/portal.unisepe.com.br\/univr\/wp-json\/wp\/v2\/pages\/2254\/revisions"}],"predecessor-version":[{"id":3837,"href":"https:\/\/portal.unisepe.com.br\/univr\/wp-json\/wp\/v2\/pages\/2254\/revisions\/3837"}],"up":[{"embeddable":true,"href":"https:\/\/portal.unisepe.com.br\/univr\/wp-json\/wp\/v2\/pages\/1760"}],"wp:attachment":[{"href":"https:\/\/portal.unisepe.com.br\/univr\/wp-json\/wp\/v2\/media?parent=2254"}],"wp:term":[{"taxonomy":"category","embeddable":true,"href":"https:\/\/portal.unisepe.com.br\/univr\/wp-json\/wp\/v2\/categories?post=2254"},{"taxonomy":"post_tag","embeddable":true,"href":"https:\/\/portal.unisepe.com.br\/univr\/wp-json\/wp\/v2\/tags?post=2254"}],"curies":[{"name":"wp","href":"https:\/\/api.w.org\/{rel}","templated":true}]}}