{"id":2257,"date":"2018-04-24T10:43:29","date_gmt":"2018-04-24T13:43:29","guid":{"rendered":"http:\/\/portal.unisepe.com.br\/univr\/?page_id=2257"},"modified":"2022-05-31T14:53:28","modified_gmt":"2022-05-31T17:53:28","slug":"eventos","status":"publish","type":"page","link":"https:\/\/portal.unisepe.com.br\/univr\/gastronomia\/eventos\/","title":{"rendered":"Eventos"},"content":{"rendered":"<ul>\n<li><a href=\"https:\/\/portal.unisepe.com.br\/univr\/wp-content\/uploads\/sites\/10004\/2022\/05\/EVENTO-Aula-Especial-de-Viennoiserie-e-Massa-Folhada-com-o-Chef-T\u00e1rcio-Corr\u00eaa.pdf\" target=\"_blank\" rel=\"noopener noreferrer\">Aula Especial de Viennoiserie e Massa Folhada com o Chef T\u00e1rcio Corr\u00eaa<\/a><\/li>\n<li><a href=\"https:\/\/portal.unisepe.com.br\/univr\/wp-content\/uploads\/sites\/10004\/2022\/05\/EVENTO-Aulas-de-Desenvolvimento-de-Produtos.pdf\" target=\"_blank\" rel=\"noopener noreferrer\">Aulas de Desenvolvimento de Produtos<\/a><\/li>\n<li><a href=\"https:\/\/portal.unisepe.com.br\/univr\/wp-content\/uploads\/sites\/10004\/2022\/05\/EVENTO-Aulas-de-Sorvete-Confeitaria-Aplicada.pdf\" target=\"_blank\" rel=\"noopener noreferrer\">Aulas de Sorvete Confeitaria Aplicada<\/a><\/li>\n<li><a href=\"https:\/\/portal.unisepe.com.br\/univr\/wp-content\/uploads\/sites\/10004\/2022\/03\/Evento-Feira-GASTRONOMICA.pdf\" target=\"_blank\" rel=\"noopener noreferrer\">Feira Gastron\u00f4mica<\/a><\/li>\n<li><a href=\"https:\/\/portal.unisepe.com.br\/univr\/wp-content\/uploads\/sites\/10004\/2022\/03\/Evento-Panifica\u00e7\u00e3o-e-Confeitaria-09_11_2021.pdf\" target=\"_blank\" rel=\"noopener noreferrer\">Panifica\u00e7\u00e3o e Confeitaria<\/a><\/li>\n<li><a href=\"https:\/\/portal.unisepe.com.br\/univr\/wp-content\/uploads\/sites\/10004\/2022\/03\/Viagem-T\u00e9cnicas-Fazenda-Santa-Helena-06_03_2020.pdf\" target=\"_blank\" rel=\"noopener noreferrer\">Viagem t\u00e9cnica fazenda Santa Helena<\/a><\/li>\n<li><a href=\"https:\/\/portal.unisepe.com.br\/univr\/wp-content\/uploads\/sites\/10004\/2022\/03\/Visita-T\u00e9cnica-S\u00e3o-Paulo-09_05_2019-1.pdf\" target=\"_blank\" rel=\"noopener noreferrer\">Visita t\u00e9cnica aos restaurantes Sal Gastronomia, Eataly e Octavio Caf\u00e9.<\/a><\/li>\n<\/ul>\n","protected":false},"excerpt":{"rendered":"<p>Aula Especial de Viennoiserie e Massa Folhada com o Chef T\u00e1rcio Corr\u00eaa Aulas de Desenvolvimento de Produtos Aulas de Sorvete Confeitaria Aplicada Feira Gastron\u00f4mica Panifica\u00e7\u00e3o e Confeitaria Viagem t\u00e9cnica fazenda Santa Helena Visita t\u00e9cnica aos restaurantes Sal Gastronomia, Eataly e Octavio Caf\u00e9.<\/p>\n","protected":false},"author":1,"featured_media":0,"parent":1760,"menu_order":0,"comment_status":"closed","ping_status":"closed","template":"templates\/template-curso_menu_vertical.php","meta":{"footnotes":""},"categories":[],"tags":[],"class_list":["post-2257","page","type-page","status-publish","hentry"],"_links":{"self":[{"href":"https:\/\/portal.unisepe.com.br\/univr\/wp-json\/wp\/v2\/pages\/2257","targetHints":{"allow":["GET"]}}],"collection":[{"href":"https:\/\/portal.unisepe.com.br\/univr\/wp-json\/wp\/v2\/pages"}],"about":[{"href":"https:\/\/portal.unisepe.com.br\/univr\/wp-json\/wp\/v2\/types\/page"}],"author":[{"embeddable":true,"href":"https:\/\/portal.unisepe.com.br\/univr\/wp-json\/wp\/v2\/users\/1"}],"replies":[{"embeddable":true,"href":"https:\/\/portal.unisepe.com.br\/univr\/wp-json\/wp\/v2\/comments?post=2257"}],"version-history":[{"count":5,"href":"https:\/\/portal.unisepe.com.br\/univr\/wp-json\/wp\/v2\/pages\/2257\/revisions"}],"predecessor-version":[{"id":5499,"href":"https:\/\/portal.unisepe.com.br\/univr\/wp-json\/wp\/v2\/pages\/2257\/revisions\/5499"}],"up":[{"embeddable":true,"href":"https:\/\/portal.unisepe.com.br\/univr\/wp-json\/wp\/v2\/pages\/1760"}],"wp:attachment":[{"href":"https:\/\/portal.unisepe.com.br\/univr\/wp-json\/wp\/v2\/media?parent=2257"}],"wp:term":[{"taxonomy":"category","embeddable":true,"href":"https:\/\/portal.unisepe.com.br\/univr\/wp-json\/wp\/v2\/categories?post=2257"},{"taxonomy":"post_tag","embeddable":true,"href":"https:\/\/portal.unisepe.com.br\/univr\/wp-json\/wp\/v2\/tags?post=2257"}],"curies":[{"name":"wp","href":"https:\/\/api.w.org\/{rel}","templated":true}]}}