{"id":2278,"date":"2018-04-26T14:11:22","date_gmt":"2018-04-26T17:11:22","guid":{"rendered":"http:\/\/portal.unisepe.com.br\/univr\/?page_id=2278"},"modified":"2022-04-26T10:21:39","modified_gmt":"2022-04-26T13:21:39","slug":"avaliacao-do-egresso","status":"publish","type":"page","link":"https:\/\/portal.unisepe.com.br\/univr\/cpa\/avaliacao-do-egresso\/","title":{"rendered":"Avalia\u00e7\u00e3o do egresso"},"content":{"rendered":"<p style=\"text-align: justify;\">O <span>Centro Universit\u00e1rio do Vale do Ribeira<\/span>\u00a0quer saber como est\u00e1 a vida profissional de seus ex-alunos. Para isso, pedimos sua colabora\u00e7\u00e3o, para responder o question\u00e1rio que ser\u00e1 lhe apresentado. Este question\u00e1rio tem o objetivo de colher informa\u00e7\u00f5es que possibilitem tomadas de decis\u00f5es, visando \u00e0 melhoria cont\u00ednua da oferta de educa\u00e7\u00e3o. Sua colabora\u00e7\u00e3o \u00e9 de fundamental import\u00e2ncia para o aprimoramento dos cursos e da institui\u00e7\u00e3o.<\/p>\n<p style=\"text-align: center;\"><a href=\"http:\/\/www.portal.unisepe.com.br\/unisepe\/geral\/pesquisas\/responder\/pesquisas\/?pesquisa_filial=0003&amp;pesquisa=3\" class=\"btn btn-primary \">Iniciar pesquisa<\/a><\/p>\n<p><strong>Pesquisas do perfil do egresso<\/strong><\/p>\n<ul>\n<li><strong><a href=\"http:\/\/www.portal.unisepe.com.br\/unisepe\/geral\/pesquisas\/relatorios\/divulgados\/3\" rel=\"noopener noreferrer\" target=\"_blank\">visualizar<\/a><\/strong><\/li>\n<\/ul>\n","protected":false},"excerpt":{"rendered":"<p>O Centro Universit\u00e1rio do Vale do Ribeira\u00a0quer saber como est\u00e1 a vida profissional de seus ex-alunos. Para isso, pedimos sua colabora\u00e7\u00e3o, para responder o question\u00e1rio que ser\u00e1 lhe apresentado. Este question\u00e1rio tem o objetivo de colher informa\u00e7\u00f5es que possibilitem tomadas de decis\u00f5es, visando \u00e0 melhoria cont\u00ednua da oferta de educa\u00e7\u00e3o.<\/p>\n","protected":false},"author":1,"featured_media":0,"parent":732,"menu_order":0,"comment_status":"closed","ping_status":"closed","template":"templates\/template-pagina_menu_vertical.php","meta":{"footnotes":""},"categories":[],"tags":[],"class_list":["post-2278","page","type-page","status-publish","hentry"],"_links":{"self":[{"href":"https:\/\/portal.unisepe.com.br\/univr\/wp-json\/wp\/v2\/pages\/2278","targetHints":{"allow":["GET"]}}],"collection":[{"href":"https:\/\/portal.unisepe.com.br\/univr\/wp-json\/wp\/v2\/pages"}],"about":[{"href":"https:\/\/portal.unisepe.com.br\/univr\/wp-json\/wp\/v2\/types\/page"}],"author":[{"embeddable":true,"href":"https:\/\/portal.unisepe.com.br\/univr\/wp-json\/wp\/v2\/users\/1"}],"replies":[{"embeddable":true,"href":"https:\/\/portal.unisepe.com.br\/univr\/wp-json\/wp\/v2\/comments?post=2278"}],"version-history":[{"count":52,"href":"https:\/\/portal.unisepe.com.br\/univr\/wp-json\/wp\/v2\/pages\/2278\/revisions"}],"predecessor-version":[{"id":4339,"href":"https:\/\/portal.unisepe.com.br\/univr\/wp-json\/wp\/v2\/pages\/2278\/revisions\/4339"}],"up":[{"embeddable":true,"href":"https:\/\/portal.unisepe.com.br\/univr\/wp-json\/wp\/v2\/pages\/732"}],"wp:attachment":[{"href":"https:\/\/portal.unisepe.com.br\/univr\/wp-json\/wp\/v2\/media?parent=2278"}],"wp:term":[{"taxonomy":"category","embeddable":true,"href":"https:\/\/portal.unisepe.com.br\/univr\/wp-json\/wp\/v2\/categories?post=2278"},{"taxonomy":"post_tag","embeddable":true,"href":"https:\/\/portal.unisepe.com.br\/univr\/wp-json\/wp\/v2\/tags?post=2278"}],"curies":[{"name":"wp","href":"https:\/\/api.w.org\/{rel}","templated":true}]}}