{"id":2359,"date":"2018-05-14T09:45:58","date_gmt":"2018-05-14T12:45:58","guid":{"rendered":"http:\/\/portal.unisepe.com.br\/univr\/?page_id=2359"},"modified":"2018-08-17T17:30:28","modified_gmt":"2018-08-17T20:30:28","slug":"grupos-de-estudo","status":"publish","type":"page","link":"https:\/\/portal.unisepe.com.br\/univr\/matematica\/grupos-de-estudo\/","title":{"rendered":"Grupos de Estudo"},"content":{"rendered":"<h3 style=\"text-align: center;\">Grupos de estudo<\/h3>\n<p style=\"text-align: center;\"><a href=\"\/unisepe\/fvr\/cursos\/atividades_cientificas\/\">Clique aqui para fazer a inscri\u00e7\u00e3o!<\/a><\/p>\n<p style=\"text-align: center;\"><a href=\"http:\/\/portal.unisepe.com.br\/univr\/wp-content\/uploads\/sites\/10004\/2018\/05\/Edital-Programa-de-grupo-de-Estudo.pdf\" target=\"_blank\" rel=\"noopener\">Clique aqui para ver o edital!<\/a><\/p>\n<p>A Coordena\u00e7\u00e3o do Curso de Matem\u00e1tica, no uso de suas atribui\u00e7\u00f5es, torna p\u00fablico para os alunos interessados que no per\u00edodo de 01 de maio a 31 de maio de 2018 encontram-se abertas as inscri\u00e7\u00f5es para a sele\u00e7\u00e3o dos candidatos ao Programa dos seguintes Grupos de Estudos:<\/p>\n<p>&nbsp;<\/p>\n<p><strong>1 \u2013<\/strong> <strong>Mem\u00f3ria da Educa\u00e7\u00e3o do Vale do Ribeira.<\/strong><\/p>\n<p><strong>\u00a0<\/strong><\/p>\n<p><strong>2 &#8211; <\/strong><strong>&#8220;Literaturas de L\u00edngua Inglesa: O estudo transversal do Outro&#8221;.<\/strong><\/p>\n<p><strong>\u00a0<\/strong><\/p>\n<p><strong>3 &#8211; Forma\u00e7\u00e3o docente: pol\u00edticas e pr\u00e1ticas.<\/strong><\/p>\n<p><strong>\u00a0<\/strong><\/p>\n<p>A realiza\u00e7\u00e3o das atividades acontecer\u00e1 ao longo do ano de 2018 e o edital abre 10 vagas para cada grupo.<\/p>\n","protected":false},"excerpt":{"rendered":"<p>Grupos de estudo Clique aqui para fazer a inscri\u00e7\u00e3o! Clique aqui para ver o edital! A Coordena\u00e7\u00e3o do Curso de Matem\u00e1tica, no uso de suas atribui\u00e7\u00f5es, torna p\u00fablico para os alunos interessados que no per\u00edodo de 01 de maio a 31 de maio de 2018 encontram-se abertas as inscri\u00e7\u00f5es para<\/p>\n","protected":false},"author":1,"featured_media":0,"parent":472,"menu_order":0,"comment_status":"closed","ping_status":"closed","template":"templates\/template-curso_menu_vertical.php","meta":{"footnotes":""},"categories":[],"tags":[],"class_list":["post-2359","page","type-page","status-publish","hentry"],"_links":{"self":[{"href":"https:\/\/portal.unisepe.com.br\/univr\/wp-json\/wp\/v2\/pages\/2359","targetHints":{"allow":["GET"]}}],"collection":[{"href":"https:\/\/portal.unisepe.com.br\/univr\/wp-json\/wp\/v2\/pages"}],"about":[{"href":"https:\/\/portal.unisepe.com.br\/univr\/wp-json\/wp\/v2\/types\/page"}],"author":[{"embeddable":true,"href":"https:\/\/portal.unisepe.com.br\/univr\/wp-json\/wp\/v2\/users\/1"}],"replies":[{"embeddable":true,"href":"https:\/\/portal.unisepe.com.br\/univr\/wp-json\/wp\/v2\/comments?post=2359"}],"version-history":[{"count":6,"href":"https:\/\/portal.unisepe.com.br\/univr\/wp-json\/wp\/v2\/pages\/2359\/revisions"}],"predecessor-version":[{"id":2596,"href":"https:\/\/portal.unisepe.com.br\/univr\/wp-json\/wp\/v2\/pages\/2359\/revisions\/2596"}],"up":[{"embeddable":true,"href":"https:\/\/portal.unisepe.com.br\/univr\/wp-json\/wp\/v2\/pages\/472"}],"wp:attachment":[{"href":"https:\/\/portal.unisepe.com.br\/univr\/wp-json\/wp\/v2\/media?parent=2359"}],"wp:term":[{"taxonomy":"category","embeddable":true,"href":"https:\/\/portal.unisepe.com.br\/univr\/wp-json\/wp\/v2\/categories?post=2359"},{"taxonomy":"post_tag","embeddable":true,"href":"https:\/\/portal.unisepe.com.br\/univr\/wp-json\/wp\/v2\/tags?post=2359"}],"curies":[{"name":"wp","href":"https:\/\/api.w.org\/{rel}","templated":true}]}}