{"id":2459,"date":"2018-06-08T15:37:01","date_gmt":"2018-06-08T18:37:01","guid":{"rendered":"http:\/\/portal.unisepe.com.br\/univr\/?page_id=2459"},"modified":"2022-09-14T20:37:18","modified_gmt":"2022-09-14T23:37:18","slug":"projetos","status":"publish","type":"page","link":"https:\/\/portal.unisepe.com.br\/univr\/nucleo-de-responsabilidade-social\/projetos\/","title":{"rendered":"Projetos"},"content":{"rendered":"<p><strong>A\u00e7\u00f5es de responsabilidade social:<\/strong><\/p>\n<ul>\n<li><a href=\"https:\/\/portal.unisepe.com.br\/univr\/wp-content\/uploads\/sites\/10004\/2022\/09\/PROGRAMA-PROERS.docx.pdf\" target=\"_blank\" rel=\"noopener noreferrer\">Programa PROERS<\/a><\/li>\n<li><a href=\"https:\/\/portal.unisepe.com.br\/univr\/wp-content\/uploads\/sites\/10004\/2022\/09\/carta-da-ABMES-2021-2022-SELO-RESPONSABILIDADE-SOCIAL.pdf\" target=\"_blank\" rel=\"noopener noreferrer\">Carta da ABMES 2021-2022 &#8211; Selo Responsabilidade Social<\/a><\/li>\n<li><a href=\"https:\/\/portal.unisepe.com.br\/univr\/wp-content\/uploads\/sites\/10004\/2022\/09\/EA-PLANO-DE-NEG\u00d3CIOS-DE-PROJETO-DE-AQUAPONIA-PROJETO-1.pdf\" target=\"_blank\" rel=\"noopener noreferrer\">EA &#8211; Plano de Neg\u00f3cios de projeto de aquaponia<\/a><\/li>\n<li><a href=\"https:\/\/portal.unisepe.com.br\/univr\/wp-content\/uploads\/sites\/10004\/2022\/09\/EA-PROJETO-IPFVR-\u2013-Indicadores-de-Pre\u00e7os-ao-Consumidor-PROJETO-1.pdf\" target=\"_blank\" rel=\"noopener noreferrer\">EA &#8211; PROJETO IPFVR \u2013 Indicadores de Pre\u00e7os ao Consumidor &#8211; Projeto<\/a><\/li>\n<li><a href=\"https:\/\/portal.unisepe.com.br\/univr\/wp-content\/uploads\/sites\/10004\/2022\/09\/Eventos-de-Gest\u00e3o-e-Empreendedorismo.docx.pdf\" target=\"_blank\" rel=\"noopener noreferrer\">Eventos de Gest\u00e3o e Empreendedorismo<\/a><\/li>\n<li><a href=\"https:\/\/portal.unisepe.com.br\/univr\/wp-content\/uploads\/sites\/10004\/2022\/09\/PROGRAMA-COZINHA-SUSTENT\u00c1VEL.docx.pdf\" target=\"_blank\" rel=\"noopener noreferrer\">Programa cozinha sustent\u00e1vel<\/a><\/li>\n<li><a href=\"https:\/\/portal.unisepe.com.br\/univr\/wp-content\/uploads\/sites\/10004\/2022\/09\/projeto-AME-Unisepe.docx.pdf\" target=\"_blank\" rel=\"noopener noreferrer\">Projeto AME &#8211; Unisepe<\/a><\/li>\n<li><a href=\"https:\/\/portal.unisepe.com.br\/univr\/wp-content\/uploads\/sites\/10004\/2022\/09\/Projeto-Bosque-responsabilidade-socioambiental.docx-1.pdf\" target=\"_blank\" rel=\"noopener noreferrer\">Projeto Bosque &#8211; Responsabilidade socioambiental<\/a><\/li>\n<li><a href=\"https:\/\/portal.unisepe.com.br\/univr\/wp-content\/uploads\/sites\/10004\/2022\/09\/Projeto-de-desenvolvimento-empreendedor-parceria-Unisepe-Sebrae.docx.pdf\" target=\"_blank\" rel=\"noopener noreferrer\">Projeto de desenvolvimento empreendedor &#8211; Parceria Unisepe e Sebrae<\/a><\/li>\n<li><a href=\"https:\/\/portal.unisepe.com.br\/univr\/wp-content\/uploads\/sites\/10004\/2022\/09\/projeto-de-extens\u00e3o_-boas-pr\u00e1ticas-empresariais.docx.pdf\" target=\"_blank\" rel=\"noopener noreferrer\">Projeto de extens\u00e3o Boas pr\u00e1ticas empresariais<\/a><\/li>\n<li><a href=\"https:\/\/portal.unisepe.com.br\/univr\/wp-content\/uploads\/sites\/10004\/2022\/09\/Projeto-de-parceria-entre-Unisepe-e-Rotary.docx.pdf\" target=\"_blank\" rel=\"noopener noreferrer\">Projeto de parceria entre Unisepe e Rotary<\/a><\/li>\n<li><a href=\"https:\/\/portal.unisepe.com.br\/univr\/wp-content\/uploads\/sites\/10004\/2022\/09\/PROJETO-EA-IR-SOCIAL-NAF-2022-1.pdf\" target=\"_blank\" rel=\"noopener noreferrer\">PROJETO EA &#8211; IR SOCIAL NAF &#8211; 2022<\/a><\/li>\n<li><a href=\"https:\/\/portal.unisepe.com.br\/univr\/wp-content\/uploads\/sites\/10004\/2022\/09\/PROJETO-EA-ITR-SOCIAL-NAF-2022-1.pdf\" target=\"_blank\" rel=\"noopener noreferrer\">PROJETO EA &#8211; ITR SOCIAL NAF &#8211; 2022<\/a><\/li>\n<li><a href=\"https:\/\/portal.unisepe.com.br\/univr\/wp-content\/uploads\/sites\/10004\/2022\/09\/Projeto-Lar-dos-Velhinhos-Direito-Unisepe.docx.pdf\" target=\"_blank\" rel=\"noopener noreferrer\">Projeto Lar dos Velhinhos Direito Unisepe<\/a><\/li>\n<li><a href=\"https:\/\/portal.unisepe.com.br\/univr\/wp-content\/uploads\/sites\/10004\/2022\/09\/Projeto-Responsabilidade-social-pilhas-e-baterias.docx.pdf\" target=\"_blank\" rel=\"noopener noreferrer\">Projeto Responsabilidade social &#8211; Pilhas e baterias<\/a><\/li>\n<li><a href=\"https:\/\/portal.unisepe.com.br\/univr\/wp-content\/uploads\/sites\/10004\/2022\/09\/Projeto_-Campanha-de-vacina\u00e7\u00e3o-dos-Profissionais-de-Seguran\u00e7a-P\u00fablica-do-Vale-do-Ribeira-.docx.pdf\" target=\"_blank\" rel=\"noopener noreferrer\">Projeto_ Campanha de vacina\u00e7\u00e3o dos Profissionais de Seguran\u00e7a P\u00fablica do Vale do Ribeira<\/a><\/li>\n<li><a href=\"https:\/\/portal.unisepe.com.br\/univr\/wp-content\/uploads\/sites\/10004\/2022\/09\/Projetos-de-doa\u00e7\u00e3o-GPA-NPJ.docx.pdf\" target=\"_blank\" rel=\"noopener noreferrer\">Projetos de doa\u00e7\u00e3o GPA &#8211; NPJ<\/a><\/li>\n<li><a href=\"https:\/\/portal.unisepe.com.br\/univr\/wp-content\/uploads\/sites\/10004\/2022\/09\/Quarentena-Solid\u00e1ria-Projeto.docx.pdf\" target=\"_blank\" rel=\"noopener noreferrer\">Quarentena Solid\u00e1ria &#8211; Projeto<\/a><\/li>\n<li><a href=\"https:\/\/portal.unisepe.com.br\/univr\/wp-content\/uploads\/sites\/10004\/2022\/09\/Relat\u00f3rio-2018-Abmes-selo-de-responsabilidade-social-e-ambiental.pdf\" target=\"_blank\" rel=\"noopener noreferrer\">Relat\u00f3rio &#8211; 2018 &#8211; Abmes &#8211; selo de responsabilidade social e ambiental<\/a><\/li>\n<li><a href=\"https:\/\/portal.unisepe.com.br\/univr\/wp-content\/uploads\/sites\/10004\/2022\/09\/Relat\u00f3rio-2020-Abmes-selo-de-resposanbilidade-social-e-ambiental.pdf\" target=\"_blank\" rel=\"noopener noreferrer\">Relat\u00f3rio &#8211; 2020 &#8211; Abmes &#8211; selo de responsabilidade social e ambiental<\/a><\/li>\n<li><a href=\"https:\/\/portal.unisepe.com.br\/univr\/wp-content\/uploads\/sites\/10004\/2022\/09\/Relat\u00f3rio-abmes-2022.pdf\" target=\"_blank\" rel=\"noopener noreferrer\">Relat\u00f3rio Abmes &#8211; 2022<\/a><\/li>\n<\/ul>\n","protected":false},"excerpt":{"rendered":"<p>A\u00e7\u00f5es de responsabilidade social: Programa PROERS Carta da ABMES 2021-2022 &#8211; Selo Responsabilidade Social EA &#8211; Plano de Neg\u00f3cios de projeto de aquaponia EA &#8211; PROJETO IPFVR \u2013 Indicadores de Pre\u00e7os ao Consumidor &#8211; Projeto Eventos de Gest\u00e3o e Empreendedorismo Programa cozinha sustent\u00e1vel Projeto AME &#8211; Unisepe Projeto Bosque &#8211;<\/p>\n","protected":false},"author":1,"featured_media":0,"parent":2453,"menu_order":0,"comment_status":"closed","ping_status":"closed","template":"templates\/template-pagina_menu_vertical.php","meta":{"footnotes":""},"categories":[],"tags":[],"class_list":["post-2459","page","type-page","status-publish","hentry"],"_links":{"self":[{"href":"https:\/\/portal.unisepe.com.br\/univr\/wp-json\/wp\/v2\/pages\/2459","targetHints":{"allow":["GET"]}}],"collection":[{"href":"https:\/\/portal.unisepe.com.br\/univr\/wp-json\/wp\/v2\/pages"}],"about":[{"href":"https:\/\/portal.unisepe.com.br\/univr\/wp-json\/wp\/v2\/types\/page"}],"author":[{"embeddable":true,"href":"https:\/\/portal.unisepe.com.br\/univr\/wp-json\/wp\/v2\/users\/1"}],"replies":[{"embeddable":true,"href":"https:\/\/portal.unisepe.com.br\/univr\/wp-json\/wp\/v2\/comments?post=2459"}],"version-history":[{"count":9,"href":"https:\/\/portal.unisepe.com.br\/univr\/wp-json\/wp\/v2\/pages\/2459\/revisions"}],"predecessor-version":[{"id":5702,"href":"https:\/\/portal.unisepe.com.br\/univr\/wp-json\/wp\/v2\/pages\/2459\/revisions\/5702"}],"up":[{"embeddable":true,"href":"https:\/\/portal.unisepe.com.br\/univr\/wp-json\/wp\/v2\/pages\/2453"}],"wp:attachment":[{"href":"https:\/\/portal.unisepe.com.br\/univr\/wp-json\/wp\/v2\/media?parent=2459"}],"wp:term":[{"taxonomy":"category","embeddable":true,"href":"https:\/\/portal.unisepe.com.br\/univr\/wp-json\/wp\/v2\/categories?post=2459"},{"taxonomy":"post_tag","embeddable":true,"href":"https:\/\/portal.unisepe.com.br\/univr\/wp-json\/wp\/v2\/tags?post=2459"}],"curies":[{"name":"wp","href":"https:\/\/api.w.org\/{rel}","templated":true}]}}