{"id":2688,"date":"2018-09-28T15:41:57","date_gmt":"2018-09-28T18:41:57","guid":{"rendered":"http:\/\/portal.unisepe.com.br\/univr\/?page_id=2688"},"modified":"2018-09-28T16:10:37","modified_gmt":"2018-09-28T19:10:37","slug":"caderno-de-pesquisa-interdisciplinar-em-psicologia-vol-2-2018-2","status":"publish","type":"page","link":"https:\/\/portal.unisepe.com.br\/univr\/caderno-de-pesquisa-interdisciplinar-em-psicologia-vol-2-2018-2\/","title":{"rendered":"Caderno de Pesquisa Interdisciplinar em Psicologia Vol. 2 2018.2"},"content":{"rendered":"<h5><span style=\"color: #3366ff;\">Sum\u00e1rio<\/span><\/h5>\n<hr \/>\n<h5><em><span style=\"color: #3366ff;\">Artigos<\/span><\/em><\/h5>\n<hr \/>\n<table class=\"table table-striped\">\n<thead>\n<tr>\n<th>T\u00edtulo e Autor(es)<\/th>\n<th>Artigo<\/th>\n<\/tr>\n<\/thead>\n<tbody>\n<tr>\n<td><strong>Sobre os operadores ontol\u00f3gicos das teorias de vida: Um encontro entre psicologia social e geografia cultural<\/strong><\/p>\n<p>Lucas Pacheco; Luciano Fiscina<\/td>\n<td><a href=\"https:\/\/periodicos.ufsc.br\/index.php\/cadernosdepesquisa\/article\/view\/1984-8951.2016v17n110p2\/pdf\"><br \/>\n<\/a><strong><a href=\"http:\/\/portal.unisepe.com.br\/univr\/wp-content\/uploads\/sites\/10004\/2018\/09\/caderno-de-pesquisa-interdisciplinar-em-psicologia-vol-2-2018-2-Artigo-1.pdf\" target=\"_blank\" rel=\"noopener\">PDF\/A<\/a><\/strong><a href=\"https:\/\/periodicos.ufsc.br\/index.php\/cadernosdepesquisa\/article\/view\/1984-8951.2016v17n110p2\/pdf\"><br \/>\n<\/a><strong>1-11<\/strong><\/td>\n<\/tr>\n<tr>\n<td><strong>A dial\u00e9tica inclus\u00e3o\/exclus\u00e3o de adolescentes que cumprem medida socioeducativa no ambiente escolar<\/strong><\/p>\n<p>Ana Jakellyne Pecori Viana<\/td>\n<td><a href=\"https:\/\/periodicos.ufsc.br\/index.php\/cadernosdepesquisa\/article\/view\/1984-8951.2016v17n110p2\/pdf\"><br \/>\n<\/a><strong><a href=\"http:\/\/portal.unisepe.com.br\/univr\/wp-content\/uploads\/sites\/10004\/2018\/09\/caderno-de-pesquisa-interdisciplinar-em-psicologia-vol-2-2018-2-Artigo-2.pdf\" target=\"_blank\" rel=\"noopener\">PDF\/A<\/a><\/strong><a href=\"https:\/\/periodicos.ufsc.br\/index.php\/cadernosdepesquisa\/article\/view\/1984-8951.2016v17n110p2\/pdf\"><br \/>\n<\/a><strong>12-23<\/strong><\/td>\n<\/tr>\n<tr>\n<td><strong>Express\u00f5es corporais e faciais nas emo\u00e7\u00f5es<\/strong><\/p>\n<p>Marco Antonio Carvalho Ventura; Mikael Cavallet<\/td>\n<td><a href=\"https:\/\/periodicos.ufsc.br\/index.php\/cadernosdepesquisa\/article\/view\/1984-8951.2016v17n110p2\/pdf\"><br \/>\n<\/a><strong><a href=\"http:\/\/portal.unisepe.com.br\/univr\/wp-content\/uploads\/sites\/10004\/2018\/09\/caderno-de-pesquisa-interdisciplinar-em-psicologia-vol-2-2018-2-Artigo-3.pdf\" target=\"_blank\" rel=\"noopener\">PDF\/A<\/a><\/strong><a href=\"https:\/\/periodicos.ufsc.br\/index.php\/cadernosdepesquisa\/article\/view\/1984-8951.2016v17n110p2\/pdf\"><br \/>\n<\/a><strong>24-37<\/strong><\/td>\n<\/tr>\n<tr>\n<td><strong>Caracteriza\u00e7\u00e3o iconogr\u00e1fica da cultura japonesa no munic\u00edpio de registro: breves considera\u00e7\u00f5es<\/strong><\/p>\n<p>Alessandro Aoki<\/td>\n<td><a href=\"https:\/\/periodicos.ufsc.br\/index.php\/cadernosdepesquisa\/article\/view\/1984-8951.2016v17n110p2\/pdf\"><br \/>\n<\/a><a href=\"http:\/\/portal.unisepe.com.br\/univr\/wp-content\/uploads\/sites\/10004\/2018\/09\/caderno-de-pesquisa-interdisciplinar-em-psicologia-vol-2-2018-2-Artigo-4.pdf\" target=\"_blank\" rel=\"noopener\"><strong>PDF\/A<\/strong><\/a><a href=\"https:\/\/periodicos.ufsc.br\/index.php\/cadernosdepesquisa\/article\/view\/1984-8951.2016v17n110p2\/pdf\"><br \/>\n<\/a><strong>38-43<\/strong><\/td>\n<\/tr>\n<tr>\n<td><strong>A forma\u00e7\u00e3o do estado brasileiro \u2013 o que faz o Brasil ser o Brasil? Um olhar hist\u00f3rico sobre cultura e comportamento<\/strong><\/p>\n<p>Glauco Gon\u00e7alves de Souza<\/td>\n<td><a href=\"https:\/\/periodicos.ufsc.br\/index.php\/cadernosdepesquisa\/article\/view\/1984-8951.2016v17n110p2\/pdf\"><br \/>\n<\/a><strong><a href=\"http:\/\/portal.unisepe.com.br\/univr\/wp-content\/uploads\/sites\/10004\/2018\/09\/caderno-de-pesquisa-interdisciplinar-em-psicologia-vol-2-2018-2-Artigo-5.pdf\" target=\"_blank\" rel=\"noopener\">PDF\/A<\/a><\/strong><a href=\"https:\/\/periodicos.ufsc.br\/index.php\/cadernosdepesquisa\/article\/view\/1984-8951.2016v17n110p2\/pdf\"><br \/>\n<\/a><strong>44-53<\/strong><\/td>\n<\/tr>\n<tr>\n<td><strong>Desenvolvimento infantil na perspectiva de Freud e Wallon. <\/strong><\/p>\n<p>Carlos Eduardo Bernardo; Luiza Valdoski de Lima: Daniel Vicente<\/td>\n<td><a href=\"https:\/\/periodicos.ufsc.br\/index.php\/cadernosdepesquisa\/article\/view\/1984-8951.2016v17n110p2\/pdf\"><br \/>\n<\/a><a href=\"http:\/\/portal.unisepe.com.br\/univr\/wp-content\/uploads\/sites\/10004\/2018\/09\/caderno-de-pesquisa-interdisciplinar-em-psicologia-vol-2-2018-2-Artigo-6.pdf\" target=\"_blank\" rel=\"noopener\"><strong>PDF\/A<\/strong><\/a><a href=\"https:\/\/periodicos.ufsc.br\/index.php\/cadernosdepesquisa\/article\/view\/1984-8951.2016v17n110p2\/pdf\"><br \/>\n<\/a><strong>54-64<\/strong><\/td>\n<\/tr>\n<tr>\n<td><strong>Ensino m\u00e9dio e escola \u201csem\u201d partido: Uma reflex\u00e3o sobre a educa\u00e7\u00e3o no Brasil<\/strong><\/p>\n<p>Carla Cristina Kawanami<\/td>\n<td><a href=\"https:\/\/periodicos.ufsc.br\/index.php\/cadernosdepesquisa\/article\/view\/1984-8951.2016v17n110p2\/pdf\"><br \/>\n<\/a><a href=\"http:\/\/portal.unisepe.com.br\/univr\/wp-content\/uploads\/sites\/10004\/2018\/09\/caderno-de-pesquisa-interdisciplinar-em-psicologia-vol-2-2018-2-Artigo-7.pdf\" target=\"_blank\" rel=\"noopener\"><strong>PDF\/A<\/strong><\/a><a href=\"https:\/\/periodicos.ufsc.br\/index.php\/cadernosdepesquisa\/article\/view\/1984-8951.2016v17n110p2\/pdf\"><br \/>\n<\/a><strong>65-71<\/strong><\/td>\n<\/tr>\n<tr>\n<td><strong>O tratamento do transtorno de personalidade <em>borderline <\/em>em diferentes perspectivas<\/strong><\/p>\n<p>Matheus Roz\u00e1rio Matioli; \u00c9rica Aparecida Rovani; Mariana Ara\u00fajo Noce<\/td>\n<td><a href=\"https:\/\/periodicos.ufsc.br\/index.php\/cadernosdepesquisa\/article\/view\/1984-8951.2016v17n110p2\/pdf\"><br \/>\n<\/a><strong><a href=\"http:\/\/portal.unisepe.com.br\/univr\/wp-content\/uploads\/sites\/10004\/2018\/09\/caderno-de-pesquisa-interdisciplinar-em-psicologia-vol-2-2018-2-Artigo-8.pdf\" target=\"_blank\" rel=\"noopener\">PDF\/A<\/a><\/strong><a href=\"https:\/\/periodicos.ufsc.br\/index.php\/cadernosdepesquisa\/article\/view\/1984-8951.2016v17n110p2\/pdf\"><br \/>\n<\/a><strong>72-87<\/strong><\/td>\n<\/tr>\n<tr>\n<td><strong>Mem\u00f3ria de trabalho e transtorno depressivo maior em adultos jovens<\/strong><\/p>\n<p>Lucineia Lima de Almeida Mikael Cavallet.<\/td>\n<td><a href=\"https:\/\/periodicos.ufsc.br\/index.php\/cadernosdepesquisa\/article\/view\/1984-8951.2016v17n110p2\/pdf\"><br \/>\n<\/a><strong><a href=\"http:\/\/portal.unisepe.com.br\/univr\/wp-content\/uploads\/sites\/10004\/2018\/09\/caderno-de-pesquisa-interdisciplinar-em-psicologia-vol-2-2018-2-Artigo-9.pdf\" target=\"_blank\" rel=\"noopener\">PDF\/A<\/a><\/strong><br \/>\n<strong>88-100<\/strong><\/td>\n<\/tr>\n<tr>\n<td><strong>Processo l\u00fadico, medicaliza\u00e7\u00e3o e inf\u00e2ncia: um estudo descritivo acerca do impacto da medicaliza\u00e7\u00e3o infantil no processo de aprendizagem escolar<\/strong><\/p>\n<p>Ana Jakellyne Pecori Viana; Sirlei Mendes de Ramos; Giseli Souza da Silva<\/td>\n<td><a href=\"https:\/\/periodicos.ufsc.br\/index.php\/cadernosdepesquisa\/article\/view\/1984-8951.2016v17n110p2\/pdf\"><br \/>\n<\/a><strong><a href=\"http:\/\/portal.unisepe.com.br\/univr\/wp-content\/uploads\/sites\/10004\/2018\/09\/caderno-de-pesquisa-interdisciplinar-em-psicologia-vol-2-2018-2-Artigo-10.pdf\" target=\"_blank\" rel=\"noopener\">PDF\/A<\/a><\/strong><a href=\"https:\/\/periodicos.ufsc.br\/index.php\/cadernosdepesquisa\/article\/view\/1984-8951.2016v17n110p2\/pdf\"><br \/>\n<\/a><strong>101-111<\/strong><\/td>\n<\/tr>\n<tr>\n<td><strong>Altera\u00e7\u00f5es na mem\u00f3ria de trabalho visuoespacial associadas ao envelhecimento saud\u00e1vel<\/strong><\/p>\n<p>Daniel Rosa de Lima; Mikael Cavallet<\/td>\n<td><a href=\"https:\/\/periodicos.ufsc.br\/index.php\/cadernosdepesquisa\/article\/view\/1984-8951.2016v17n110p2\/pdf\"><br \/>\n<\/a><strong><a href=\"http:\/\/portal.unisepe.com.br\/univr\/wp-content\/uploads\/sites\/10004\/2018\/09\/caderno-de-pesquisa-interdisciplinar-em-psicologia-vol-2-2018-2-Artigo-11.pdf\" target=\"_blank\" rel=\"noopener\">PDF\/A<\/a><\/strong><a href=\"https:\/\/periodicos.ufsc.br\/index.php\/cadernosdepesquisa\/article\/view\/1984-8951.2016v17n110p2\/pdf\"><br \/>\n<\/a><strong>112-124<\/strong><\/td>\n<\/tr>\n<\/tbody>\n<\/table>\n<p><strong>Cad. de Pesq. Interdisc. em Psicologia, Registro, S\u00e3o Paulo ISBN:\u00a0\u00a0 978-85-66848-18-2<\/strong><\/p>\n","protected":false},"excerpt":{"rendered":"<p>Sum\u00e1rio Artigos T\u00edtulo e Autor(es) Artigo Sobre os operadores ontol\u00f3gicos das teorias de vida: Um encontro entre psicologia social e geografia cultural Lucas Pacheco; Luciano Fiscina PDF\/A 1-11 A dial\u00e9tica inclus\u00e3o\/exclus\u00e3o de adolescentes que cumprem medida socioeducativa no ambiente escolar Ana Jakellyne Pecori Viana PDF\/A 12-23 Express\u00f5es corporais e faciais<\/p>\n","protected":false},"author":1,"featured_media":0,"parent":0,"menu_order":0,"comment_status":"closed","ping_status":"closed","template":"templates\/template-fullwidth.php","meta":{"footnotes":""},"categories":[],"tags":[],"class_list":["post-2688","page","type-page","status-publish","hentry"],"_links":{"self":[{"href":"https:\/\/portal.unisepe.com.br\/univr\/wp-json\/wp\/v2\/pages\/2688","targetHints":{"allow":["GET"]}}],"collection":[{"href":"https:\/\/portal.unisepe.com.br\/univr\/wp-json\/wp\/v2\/pages"}],"about":[{"href":"https:\/\/portal.unisepe.com.br\/univr\/wp-json\/wp\/v2\/types\/page"}],"author":[{"embeddable":true,"href":"https:\/\/portal.unisepe.com.br\/univr\/wp-json\/wp\/v2\/users\/1"}],"replies":[{"embeddable":true,"href":"https:\/\/portal.unisepe.com.br\/univr\/wp-json\/wp\/v2\/comments?post=2688"}],"version-history":[{"count":7,"href":"https:\/\/portal.unisepe.com.br\/univr\/wp-json\/wp\/v2\/pages\/2688\/revisions"}],"predecessor-version":[{"id":2707,"href":"https:\/\/portal.unisepe.com.br\/univr\/wp-json\/wp\/v2\/pages\/2688\/revisions\/2707"}],"wp:attachment":[{"href":"https:\/\/portal.unisepe.com.br\/univr\/wp-json\/wp\/v2\/media?parent=2688"}],"wp:term":[{"taxonomy":"category","embeddable":true,"href":"https:\/\/portal.unisepe.com.br\/univr\/wp-json\/wp\/v2\/categories?post=2688"},{"taxonomy":"post_tag","embeddable":true,"href":"https:\/\/portal.unisepe.com.br\/univr\/wp-json\/wp\/v2\/tags?post=2688"}],"curies":[{"name":"wp","href":"https:\/\/api.w.org\/{rel}","templated":true}]}}