{"id":285,"date":"2016-07-09T00:51:13","date_gmt":"2016-07-09T00:51:13","guid":{"rendered":"http:\/\/portal.unisepe.com.br\/univr\/?page_id=285"},"modified":"2024-09-02T17:16:13","modified_gmt":"2024-09-02T20:16:13","slug":"biblioteca","status":"publish","type":"page","link":"https:\/\/portal.unisepe.com.br\/univr\/biblioteca\/","title":{"rendered":"Biblioteca"},"content":{"rendered":"<p style=\"text-align: justify;\"><strong><img loading=\"lazy\" decoding=\"async\" class=\"alignleft wp-image-5738 size-medium\" src=\"https:\/\/portal.unisepe.com.br\/univr\/wp-content\/uploads\/sites\/10004\/2022\/09\/bib-300x215.png\" alt=\"\" width=\"300\" height=\"215\" srcset=\"https:\/\/portal.unisepe.com.br\/univr\/wp-content\/uploads\/sites\/10004\/2022\/09\/bib-300x215.png 300w, https:\/\/portal.unisepe.com.br\/univr\/wp-content\/uploads\/sites\/10004\/2022\/09\/bib.png 552w\" sizes=\"auto, (max-width: 300px) 100vw, 300px\" \/><\/strong><strong>Acervo<\/strong><\/p>\n<p>Descri\u00e7\u00e3o da biblioteca quanto ao seu acervo de livros e peri\u00f3dicos, por \u00e1rea de conhecimento, pol\u00edtica de atualiza\u00e7\u00e3o e informatiza\u00e7\u00e3o, \u00e1rea f\u00edsica dispon\u00edvel e formas de acesso e utiliza\u00e7\u00e3o.<\/p>\n<p>A Biblioteca \u201cKoshity Narahashi\u201d do Centro Universit\u00e1rio do Vale do Ribeira \u00e9 de car\u00e1ter universit\u00e1rio e tem como objetivo contribuir na forma\u00e7\u00e3o do estudante e tamb\u00e9m para a forma\u00e7\u00e3o cont\u00ednua dos professores. Constitui-se em interface entre o usu\u00e1rio e a informa\u00e7\u00e3o usando os recursos inform\u00e1ticos e os princ\u00edpios de pesquisa bibliogr\u00e1fica, otimizando a busca e a recupera\u00e7\u00e3o da informa\u00e7\u00e3o influindo no desempenho da comunidade acad\u00eamica contribuindo com novas produ\u00e7\u00f5es do conhecimento com apoio das normas documentais e atendendo a todos os cursos oferecidos pela Institui\u00e7\u00e3o.<\/p>\n<p>O acervo bibliogr\u00e1fico f\u00edsico \u00e9 totalmente informatizado contamos com 13295 t\u00edtulos e 42808 e para gerenciar todo material e servi\u00e7os oferecidos pela biblioteca temos o sistema integrado PERGAMUM. Para a classifica\u00e7\u00e3o dos materiais adotamos a cataloga\u00e7\u00e3o AACR2 e classifica\u00e7\u00e3o Decimal Dewey \u2013 CDD e classifica\u00e7\u00e3o Cutter para identifica\u00e7\u00e3o do autor.<br \/>\nNo quadro abaixo discrimina-se o acervo da Biblioteca por \u00e1rea do conhecimento, com base na classifica\u00e7\u00e3o Decimal de Dewey \u2013 CDD.<\/p>\n<p>&nbsp;<\/p>\n<p>Acervo separado por \u00e1rea do conhecimento<\/p>\n<p>&nbsp;<\/p>\n<p><strong>LIVROS:<\/strong><\/p>\n<div class=\"table-responsive\">\n<table class=\"table\">\n<tbody>\n<tr>\n<th rowspan=\"2\">\n<p align=\"center\"><strong>\u00c1reas de Conhecimento<\/strong><\/p>\n<\/th>\n<th colspan=\"2\">\n<p align=\"center\"><strong>Quantidades<\/strong><\/p>\n<\/th>\n<\/tr>\n<tr>\n<th>\n<p align=\"center\"><strong>N.\u00ba T\u00edtulos<\/strong><\/p>\n<\/th>\n<th>\n<p align=\"center\"><strong>N.\u00ba Exemplares<\/strong><\/p>\n<\/th>\n<\/tr>\n<tr>\n<th>\u2013 Ci\u00eancias Exatas e da Terra<\/th>\n<td>\n<p align=\"center\">1.480<\/p>\n<\/td>\n<td>\n<p align=\"center\">4.399<\/p>\n<\/td>\n<\/tr>\n<tr>\n<th>\u2013 Ci\u00eancias Agr\u00e1rias<\/th>\n<td>\n<p align=\"center\">69<\/p>\n<\/td>\n<td>\n<p align=\"center\">246<\/p>\n<\/td>\n<\/tr>\n<tr>\n<th>\u2013 Ci\u00eancias Biol\u00f3gicas<\/th>\n<td>\n<p align=\"center\">363<\/p>\n<\/td>\n<td>\n<p align=\"center\">924<\/p>\n<\/td>\n<\/tr>\n<tr>\n<th>\u2013 Ci\u00eancias da Sa\u00fade<\/th>\n<td>\n<p align=\"center\">1.692<\/p>\n<\/td>\n<td>\n<p align=\"center\">7.022<\/p>\n<\/td>\n<\/tr>\n<tr>\n<th>\u2013 Ci\u00eancias Humanas<\/th>\n<td>\n<p align=\"center\">3.223<\/p>\n<\/td>\n<td>\n<p align=\"center\">8.130<\/p>\n<\/td>\n<\/tr>\n<tr>\n<th>\u2013 Ci\u00eancias Sociais Aplicadas<\/th>\n<td>\n<p align=\"center\">4.594<\/p>\n<\/td>\n<td>\n<p align=\"center\">18.286<\/p>\n<\/td>\n<\/tr>\n<tr>\n<th>\u2013 Engenharias<\/th>\n<td>\n<p align=\"center\">67<\/p>\n<\/td>\n<td>\n<p align=\"center\">161<\/p>\n<\/td>\n<\/tr>\n<tr>\n<th>\u2013 Ling\u00fc\u00edstica, Letras e Artes<\/th>\n<td>\n<p align=\"center\">1.840<\/p>\n<\/td>\n<td>\n<p align=\"center\">3.754<\/p>\n<\/td>\n<\/tr>\n<tr>\n<th>\n<p align=\"center\"><strong>Total<\/strong><\/p>\n<\/th>\n<th>\n<p align=\"center\"><strong>13.403<\/strong><\/p>\n<\/th>\n<th>\n<p align=\"center\"><strong>43.007<\/strong><\/p>\n<\/th>\n<\/tr>\n<\/tbody>\n<\/table>\n<\/div>\n<div class=\"table-responsive\">\n<table class=\"table\">\n<tbody>\n<tr>\n<td colspan=\"6\" width=\"614\"><strong>N\u00cdVEL DE INFORMATIZA\u00c7\u00c3O DA BIBLIOTECA (1)<\/strong><\/td>\n<\/tr>\n<tr>\n<td colspan=\"3\" width=\"359\"><strong>Acervo<\/strong><\/td>\n<td colspan=\"3\" width=\"255\"><strong>Servi\u00e7os<\/strong><\/td>\n<\/tr>\n<tr>\n<td width=\"123\"><strong>Nenhum<\/strong><\/td>\n<td width=\"132\"><strong>Parcial<\/strong><\/td>\n<td width=\"104\"><strong>Total<\/strong><\/td>\n<td width=\"104\"><strong>Nenhum<\/strong><\/td>\n<td width=\"79\"><strong>Parcial<\/strong><\/td>\n<td width=\"72\"><strong>Total<\/strong><\/td>\n<\/tr>\n<tr>\n<td width=\"123\"><\/td>\n<td width=\"132\"><\/td>\n<td width=\"104\"><strong>X<\/strong><\/td>\n<td width=\"104\"><\/td>\n<td width=\"79\"><\/td>\n<td width=\"72\"><strong>X<\/strong><\/td>\n<\/tr>\n<\/tbody>\n<\/table>\n<\/div>\n<p><strong>Instala\u00e7\u00f5es<\/strong><\/p>\n<p>Recep\u00e7\u00e3o<br \/>\nSala bibliotec\u00e1ria<br \/>\nAtendimento priorit\u00e1rio<br \/>\nGuarda-volumes<br \/>\nSal\u00e3o para exposi\u00e7\u00f5es<br \/>\nEspa\u00e7o virtual \u2013 15 computadores<br \/>\nSala de reuni\u00f5es<br \/>\nEspa\u00e7o interativo<br \/>\nSala de estudos coletivos<br \/>\nCabines individuais &#8211; 07<br \/>\nEspa\u00e7o do acervo<\/p>\n<p><strong>Hor\u00e1rio de Funcionamento<\/strong><\/p>\n<p>Segunda a Sexta-Feira: 13hs \u00e0s 22hs<br \/>\nS\u00e1bado: 09hs \u00e0s 13hs<\/p>\n","protected":false},"excerpt":{"rendered":"<p>Acervo Descri\u00e7\u00e3o da biblioteca quanto ao seu acervo de livros e peri\u00f3dicos, por \u00e1rea de conhecimento, pol\u00edtica de atualiza\u00e7\u00e3o e informatiza\u00e7\u00e3o, \u00e1rea f\u00edsica dispon\u00edvel e formas de acesso e utiliza\u00e7\u00e3o. A Biblioteca \u201cKoshity Narahashi\u201d do Centro Universit\u00e1rio do Vale do Ribeira \u00e9 de car\u00e1ter universit\u00e1rio e tem como objetivo contribuir<\/p>\n","protected":false},"author":1,"featured_media":0,"parent":0,"menu_order":0,"comment_status":"closed","ping_status":"closed","template":"templates\/template-pagina_menu_vertical.php","meta":{"footnotes":""},"categories":[],"tags":[],"class_list":["post-285","page","type-page","status-publish","hentry"],"_links":{"self":[{"href":"https:\/\/portal.unisepe.com.br\/univr\/wp-json\/wp\/v2\/pages\/285","targetHints":{"allow":["GET"]}}],"collection":[{"href":"https:\/\/portal.unisepe.com.br\/univr\/wp-json\/wp\/v2\/pages"}],"about":[{"href":"https:\/\/portal.unisepe.com.br\/univr\/wp-json\/wp\/v2\/types\/page"}],"author":[{"embeddable":true,"href":"https:\/\/portal.unisepe.com.br\/univr\/wp-json\/wp\/v2\/users\/1"}],"replies":[{"embeddable":true,"href":"https:\/\/portal.unisepe.com.br\/univr\/wp-json\/wp\/v2\/comments?post=285"}],"version-history":[{"count":25,"href":"https:\/\/portal.unisepe.com.br\/univr\/wp-json\/wp\/v2\/pages\/285\/revisions"}],"predecessor-version":[{"id":6307,"href":"https:\/\/portal.unisepe.com.br\/univr\/wp-json\/wp\/v2\/pages\/285\/revisions\/6307"}],"wp:attachment":[{"href":"https:\/\/portal.unisepe.com.br\/univr\/wp-json\/wp\/v2\/media?parent=285"}],"wp:term":[{"taxonomy":"category","embeddable":true,"href":"https:\/\/portal.unisepe.com.br\/univr\/wp-json\/wp\/v2\/categories?post=285"},{"taxonomy":"post_tag","embeddable":true,"href":"https:\/\/portal.unisepe.com.br\/univr\/wp-json\/wp\/v2\/tags?post=285"}],"curies":[{"name":"wp","href":"https:\/\/api.w.org\/{rel}","templated":true}]}}