{"id":2856,"date":"2018-12-09T13:41:03","date_gmt":"2018-12-09T15:41:03","guid":{"rendered":"http:\/\/portal.unisepe.com.br\/univr\/?page_id=2856"},"modified":"2018-12-09T13:41:13","modified_gmt":"2018-12-09T15:41:13","slug":"projeto-ambiental","status":"publish","type":"page","link":"https:\/\/portal.unisepe.com.br\/univr\/a-instituicao\/projeto-ambiental\/","title":{"rendered":"Projeto Ambiental"},"content":{"rendered":"<p><strong>USO, REUSO e RECICLAGEM PAPEL<\/strong><\/p>\n<p><strong>1 \u2013 Redu\u00e7\u00e3o<\/strong><\/p>\n<p>Precisa mesmo imprimir? Boa parte da comunica\u00e7\u00e3o pode ser feita eletronicamente. Copiadoras e impressoras estimulam o erro. A tenta\u00e7\u00e3o de fazer testes de impress\u00e3o \u00e9 grande. Revise o material com aten\u00e7\u00e3o antes de imprimir.<\/p>\n<p>N\u00e3o fa\u00e7a c\u00f3pias desnecess\u00e1rias. Preste aten\u00e7\u00e3o: quase ningu\u00e9m acompanha os t\u00f3picos de uma reuni\u00e3o pelos pap\u00e9is. Combinem de fazer apenas uma impress\u00e3o e o resto da equipe recebe o material digital.<a href=\"http:\/\/portal.unisepe.com.br\/univr\/wp-content\/uploads\/sites\/10004\/2018\/12\/tt.png\"><img loading=\"lazy\" decoding=\"async\" class=\" wp-image-2857 aligncenter\" src=\"http:\/\/portal.unisepe.com.br\/univr\/wp-content\/uploads\/sites\/10004\/2018\/12\/tt.png\" alt=\"\" width=\"193\" height=\"128\" srcset=\"https:\/\/portal.unisepe.com.br\/univr\/wp-content\/uploads\/sites\/10004\/2018\/12\/tt.png 302w, https:\/\/portal.unisepe.com.br\/univr\/wp-content\/uploads\/sites\/10004\/2018\/12\/tt-300x199.png 300w\" sizes=\"auto, (max-width: 193px) 100vw, 193px\" \/><\/a><\/p>\n<p><strong>2 \u2013 Reutiliza\u00e7\u00e3o<\/strong><\/p>\n<p>Copiadoras e impressoras estimulam o uso de apenas uma face do papel. Use o outro lado das folhas.<\/p>\n<p>Em reuni\u00f5es, as pessoas adoram fazer anota\u00e7\u00f5es. Voc\u00ea pode usar o verso para rascunho ou fazer bloquinhos com as folhas usadas.<\/p>\n<p>&nbsp;<\/p>\n<p><strong>3 \u2013 Usar reciclados<\/strong><\/p>\n<p>Procure usar papel reciclado. \u00c9 bonito e um papel nobre. Com a economia feita na redu\u00e7\u00e3o e reutiliza\u00e7\u00e3o, provavelmente o papel reciclado n\u00e3o aumentar\u00e1 os custos.<\/p>\n<p>&nbsp;<\/p>\n<p><strong>4 \u2013 Coleta seletiva<\/strong><\/p>\n<p>Depois de reduzir e reutilizar, o passo final \u00e9 reciclar. E para isso acontecer, \u00e9 necess\u00e1rio preservar a integridade do papel e facilitar a coleta. Acompanhe como fazer:<\/p>\n<ul>\n<li>N\u00e3o jogue papel em cestos \u2013 eles ficar\u00e3o contaminados com restos de caf\u00e9, restos de frutas, chicletes, grampos, etc.<\/li>\n<li>N\u00e3o amasse papel \u2013 papel amassado ocupa muito mais espa\u00e7o e \u00e9 imposs\u00edvel de organizar. Acomode as folhas usadas em uma caixa para que fiquem separadas e simplifiquem o trabalho de sele\u00e7\u00e3o por parte dos recicladores.<\/li>\n<li>Separe por tipo \u2013 pap\u00e9is de escrit\u00f3rio n\u00e3o devem ser misturados com revistas, papel carbono, malas direta, papel\u00e3o e outros.<\/li>\n<li>Tente acumular \u2013 o que viabiliza a reciclagem \u00e9 o volume. Como estar\u00e1 em caixas fazendo pouco volume e nenhuma sujeira, um escrit\u00f3rio consegue acumular uma boa quantidade de pap\u00e9is. Mesmo assim ser\u00e1 pouco para reciclagem. Voc\u00ea pode tentar juntar com outras \u00e1reas, ou colocar os pap\u00e9is separados em um saco pl\u00e1stico. Assim, quando for entregue para os recicladores, o material estar\u00e1 intacto e pronto para voltar a ser papel.<\/li>\n<li>Analise os motivos do desperd\u00edcio no seu ambiente e os combata. Se o chefe oferecer resist\u00eancia\u2026 Um \u00f3timo argumento \u00e9 a economia que poder\u00e1 ser feita.<\/li>\n<\/ul>\n","protected":false},"excerpt":{"rendered":"<p>USO, REUSO e RECICLAGEM PAPEL 1 \u2013 Redu\u00e7\u00e3o Precisa mesmo imprimir? Boa parte da comunica\u00e7\u00e3o pode ser feita eletronicamente. Copiadoras e impressoras estimulam o erro. A tenta\u00e7\u00e3o de fazer testes de impress\u00e3o \u00e9 grande. Revise o material com aten\u00e7\u00e3o antes de imprimir. N\u00e3o fa\u00e7a c\u00f3pias desnecess\u00e1rias. Preste aten\u00e7\u00e3o: quase ningu\u00e9m<\/p>\n","protected":false},"author":1,"featured_media":0,"parent":81,"menu_order":0,"comment_status":"closed","ping_status":"closed","template":"templates\/template-pagina_menu_vertical.php","meta":{"footnotes":""},"categories":[],"tags":[],"class_list":["post-2856","page","type-page","status-publish","hentry"],"_links":{"self":[{"href":"https:\/\/portal.unisepe.com.br\/univr\/wp-json\/wp\/v2\/pages\/2856","targetHints":{"allow":["GET"]}}],"collection":[{"href":"https:\/\/portal.unisepe.com.br\/univr\/wp-json\/wp\/v2\/pages"}],"about":[{"href":"https:\/\/portal.unisepe.com.br\/univr\/wp-json\/wp\/v2\/types\/page"}],"author":[{"embeddable":true,"href":"https:\/\/portal.unisepe.com.br\/univr\/wp-json\/wp\/v2\/users\/1"}],"replies":[{"embeddable":true,"href":"https:\/\/portal.unisepe.com.br\/univr\/wp-json\/wp\/v2\/comments?post=2856"}],"version-history":[{"count":1,"href":"https:\/\/portal.unisepe.com.br\/univr\/wp-json\/wp\/v2\/pages\/2856\/revisions"}],"predecessor-version":[{"id":2858,"href":"https:\/\/portal.unisepe.com.br\/univr\/wp-json\/wp\/v2\/pages\/2856\/revisions\/2858"}],"up":[{"embeddable":true,"href":"https:\/\/portal.unisepe.com.br\/univr\/wp-json\/wp\/v2\/pages\/81"}],"wp:attachment":[{"href":"https:\/\/portal.unisepe.com.br\/univr\/wp-json\/wp\/v2\/media?parent=2856"}],"wp:term":[{"taxonomy":"category","embeddable":true,"href":"https:\/\/portal.unisepe.com.br\/univr\/wp-json\/wp\/v2\/categories?post=2856"},{"taxonomy":"post_tag","embeddable":true,"href":"https:\/\/portal.unisepe.com.br\/univr\/wp-json\/wp\/v2\/tags?post=2856"}],"curies":[{"name":"wp","href":"https:\/\/api.w.org\/{rel}","templated":true}]}}