{"id":291,"date":"2016-07-09T00:55:10","date_gmt":"2016-07-09T00:55:10","guid":{"rendered":"http:\/\/portal.unisepe.com.br\/univr\/?page_id=291"},"modified":"2023-09-29T19:16:53","modified_gmt":"2023-09-29T22:16:53","slug":"infraestrutura","status":"publish","type":"page","link":"https:\/\/portal.unisepe.com.br\/univr\/a-instituicao\/infraestrutura\/","title":{"rendered":"Infraestrutura"},"content":{"rendered":"<ul>\n<li><a href=\"http:\/\/portal.unisepe.com.br\/univr\/wp-content\/uploads\/sites\/10004\/2016\/07\/Biot\u00e9rio-e-Serpent\u00e1rio.pdf\" target=\"_blank\" rel=\"noopener noreferrer\">Biot\u00e9rio e Serpent\u00e1rio<\/a><\/li>\n<li><a href=\"http:\/\/portal.unisepe.com.br\/univr\/wp-content\/uploads\/sites\/10004\/2018\/04\/Cozinha-Experimental.pdf\" target=\"_blank\" rel=\"noopener noreferrer\">Cozinha Experimental<\/a><\/li>\n<li><a href=\"http:\/\/portal.unisepe.com.br\/univr\/wp-content\/uploads\/sites\/10004\/2016\/07\/Herb\u00e1rio.pdf\" target=\"_blank\" rel=\"noopener noreferrer\">Herb\u00e1rio<\/a><\/li>\n<li><a href=\"http:\/\/portal.unisepe.com.br\/univr\/wp-content\/uploads\/sites\/10004\/2016\/07\/Laborat\u00f3rio-de-Anatomia.pdf\" target=\"_blank\" rel=\"noopener noreferrer\">Laborat\u00f3rio de Anatomia<\/a><\/li>\n<li><a href=\"https:\/\/portal.unisepe.com.br\/univr\/wp-content\/uploads\/sites\/10004\/2022\/04\/10-Laborat\u00f3rio-de-Audiologia.pdf\" target=\"_blank\" rel=\"noopener noreferrer\">Laborat\u00f3rio de Audiologia<\/a><\/li>\n<li><a href=\"http:\/\/portal.unisepe.com.br\/univr\/wp-content\/uploads\/sites\/10004\/2016\/07\/Laborat\u00f3rio-de-Biologia.pdf\" target=\"_blank\" rel=\"noopener noreferrer\">Laborat\u00f3rio de Biologia<\/a><\/li>\n<li><a href=\"http:\/\/portal.unisepe.com.br\/univr\/wp-content\/uploads\/sites\/10004\/2016\/07\/Laborat\u00f3rio-de-cinesiologia-e-bases-m\u00e9todos-e-t\u00e9cnicas-de-avalia\u00e7\u00e3o-bmta.pdf\" target=\"_blank\" rel=\"noopener noreferrer\">Laborat\u00f3rio de cinesiologia e bases, m\u00e9todos e t\u00e9cnicas de avalia\u00e7\u00e3o (bmta)<\/a><\/li>\n<li><a href=\"http:\/\/portal.unisepe.com.br\/univr\/wp-content\/uploads\/sites\/10004\/2016\/07\/Laborat\u00f3rio-de-Educa\u00e7\u00e3o-F\u00edsica.pdf\" target=\"_blank\" rel=\"noopener noreferrer\">Laborat\u00f3rio de Educa\u00e7\u00e3o F\u00edsica<\/a><\/li>\n<li><a href=\"http:\/\/portal.unisepe.com.br\/univr\/wp-content\/uploads\/sites\/10004\/2016\/07\/Laborat\u00f3rio-de-elatrotermofototerapia-e-recursos-terap\u00eauticos-manuaisrtm.pdf\" target=\"_blank\" rel=\"noopener noreferrer\">Laborat\u00f3rio de elatrotermofototerapia e recursos terap\u00eauticos manuais(rtm)<\/a><\/li>\n<li><a href=\"http:\/\/portal.unisepe.com.br\/univr\/wp-content\/uploads\/sites\/10004\/2016\/07\/Laborat\u00f3rio-de-Enfermagem.pdf\" target=\"_blank\" rel=\"noopener noreferrer\">Laborat\u00f3rio de Enfermagem<\/a><\/li>\n<li><a href=\"http:\/\/portal.unisepe.com.br\/univr\/wp-content\/uploads\/sites\/10004\/2016\/07\/Laborat\u00f3rio-de-Est\u00e9tica.pdf\" target=\"_blank\" rel=\"noopener noreferrer\">Laborat\u00f3rio de Est\u00e9tica<\/a><\/li>\n<li><a href=\"http:\/\/portal.unisepe.com.br\/univr\/wp-content\/uploads\/sites\/10004\/2016\/07\/Laborat\u00f3rio-de-Farmacot\u00e9cnica.pdf\" target=\"_blank\" rel=\"noopener noreferrer\">Laborat\u00f3rio de Farmacot\u00e9cnica<\/a><\/li>\n<li><a href=\"https:\/\/portal.unisepe.com.br\/univr\/wp-content\/uploads\/sites\/10004\/2022\/04\/11-Laborat\u00f3rio-de-Fonoaudiologia.pdf\" target=\"_blank\" rel=\"noopener noreferrer\">Laborat\u00f3rio de Fonoaudiologia<\/a><\/li>\n<li><a href=\"https:\/\/portal.unisepe.com.br\/univr\/wp-content\/uploads\/sites\/10004\/2023\/09\/UNIVR-LABORAT\u00d3RIOS-DE-INFORM\u00c1TICA.pdf\" target=\"_blank\" rel=\"noopener noreferrer\">Laborat\u00f3rio de Inform\u00e1tica<\/a><\/li>\n<li><a href=\"http:\/\/portal.unisepe.com.br\/univr\/wp-content\/uploads\/sites\/10004\/2016\/07\/Laborat\u00f3rio-de-Qu\u00edmica.pdf\" target=\"_blank\" rel=\"noopener noreferrer\">Laborat\u00f3rio de Qu\u00edmica<\/a><\/li>\n<li><a href=\"http:\/\/portal.unisepe.com.br\/univr\/wp-content\/uploads\/sites\/10004\/2016\/07\/Policl\u00ednica.pdf\" target=\"_blank\" rel=\"noopener noreferrer\">Policl\u00ednica<\/a><\/li>\n<li><a href=\"https:\/\/portal.unisepe.com.br\/univr\/wp-content\/uploads\/sites\/10004\/2022\/04\/12-Cl\u00ednica-escola-Fonoaudiologia.pdf\" target=\"_blank\" rel=\"noopener noreferrer\">Cl\u00ednica-escola Fonoaudiologia<\/a><\/li>\n<\/ul>\n","protected":false},"excerpt":{"rendered":"<p>Biot\u00e9rio e Serpent\u00e1rio Cozinha Experimental Herb\u00e1rio Laborat\u00f3rio de Anatomia Laborat\u00f3rio de Audiologia Laborat\u00f3rio de Biologia Laborat\u00f3rio de cinesiologia e bases, m\u00e9todos e t\u00e9cnicas de avalia\u00e7\u00e3o (bmta) Laborat\u00f3rio de Educa\u00e7\u00e3o F\u00edsica Laborat\u00f3rio de elatrotermofototerapia e recursos terap\u00eauticos manuais(rtm) Laborat\u00f3rio de Enfermagem Laborat\u00f3rio de Est\u00e9tica Laborat\u00f3rio de Farmacot\u00e9cnica Laborat\u00f3rio de Fonoaudiologia Laborat\u00f3rio<\/p>\n","protected":false},"author":1,"featured_media":0,"parent":81,"menu_order":0,"comment_status":"closed","ping_status":"closed","template":"templates\/template-pagina_menu_vertical.php","meta":{"footnotes":""},"categories":[],"tags":[],"class_list":["post-291","page","type-page","status-publish","hentry"],"_links":{"self":[{"href":"https:\/\/portal.unisepe.com.br\/univr\/wp-json\/wp\/v2\/pages\/291","targetHints":{"allow":["GET"]}}],"collection":[{"href":"https:\/\/portal.unisepe.com.br\/univr\/wp-json\/wp\/v2\/pages"}],"about":[{"href":"https:\/\/portal.unisepe.com.br\/univr\/wp-json\/wp\/v2\/types\/page"}],"author":[{"embeddable":true,"href":"https:\/\/portal.unisepe.com.br\/univr\/wp-json\/wp\/v2\/users\/1"}],"replies":[{"embeddable":true,"href":"https:\/\/portal.unisepe.com.br\/univr\/wp-json\/wp\/v2\/comments?post=291"}],"version-history":[{"count":20,"href":"https:\/\/portal.unisepe.com.br\/univr\/wp-json\/wp\/v2\/pages\/291\/revisions"}],"predecessor-version":[{"id":6069,"href":"https:\/\/portal.unisepe.com.br\/univr\/wp-json\/wp\/v2\/pages\/291\/revisions\/6069"}],"up":[{"embeddable":true,"href":"https:\/\/portal.unisepe.com.br\/univr\/wp-json\/wp\/v2\/pages\/81"}],"wp:attachment":[{"href":"https:\/\/portal.unisepe.com.br\/univr\/wp-json\/wp\/v2\/media?parent=291"}],"wp:term":[{"taxonomy":"category","embeddable":true,"href":"https:\/\/portal.unisepe.com.br\/univr\/wp-json\/wp\/v2\/categories?post=291"},{"taxonomy":"post_tag","embeddable":true,"href":"https:\/\/portal.unisepe.com.br\/univr\/wp-json\/wp\/v2\/tags?post=291"}],"curies":[{"name":"wp","href":"https:\/\/api.w.org\/{rel}","templated":true}]}}