{"id":3068,"date":"2019-05-29T13:45:45","date_gmt":"2019-05-29T16:45:45","guid":{"rendered":"http:\/\/portal.unisepe.com.br\/univr\/?page_id=3068"},"modified":"2024-11-08T14:34:28","modified_gmt":"2024-11-08T17:34:28","slug":"iesep","status":"publish","type":"page","link":"https:\/\/portal.unisepe.com.br\/univr\/iesep\/","title":{"rendered":"IESEP"},"content":{"rendered":"<h3>POLICL\u00cdNICA IESEP<\/h3>\n<p>&nbsp;<\/p>\n<p style=\"text-align: justify\">A Policl\u00ednica IESEP \u00e9 uma institui\u00e7\u00e3o sem fins lucrativos localizada no munic\u00edpio de Registro-SP e mantida pelo Instituto Educacional de Servi\u00e7o, Ensino e Pesquisa (IESEP). Sua rotina de atividades envolve atendimento gratuito pelo Sistema \u00danico de Sa\u00fade (SUS) e por meio de Atendimento Social, com pagamento para custeio do servi\u00e7o e manuten\u00e7\u00e3o local.<\/p>\n<p style=\"text-align: justify\">Concebida em 2016, a Policl\u00ednica IESEP contempla os servi\u00e7os de enfermagem, educa\u00e7\u00e3o f\u00edsica, est\u00e9tica e cosm\u00e9tica, fisioterapia, fonoaudiologia, medicina, nutri\u00e7\u00e3o e psicologia. Os servi\u00e7os s\u00e3o realizados por acad\u00eamicos durante as pr\u00e1ticas de est\u00e1gio curricular, sendo todas as atividades supervisionadas por um profissional qualificado na \u00e1rea. Al\u00e9m dos atendimentos realizados pelos acad\u00eamicos, a Policl\u00ednica IESEP oferece atendimentos por profissionais especializados em diferentes \u00e1reas.<\/p>\n<p style=\"text-align: justify\">Todos os atendimentos s\u00e3o oferecidos de forma interdisciplinar e com foco na abordagem humanizada. Al\u00e9m do servi\u00e7o assistencial, tamb\u00e9m s\u00e3o desenvolvidas atividades de educa\u00e7\u00e3o continuada e pesquisa cient\u00edfica, com objetivo em promover o desenvolvimento profissional e a qualidade na assist\u00eancia oferecida.<\/p>\n<p>&nbsp;<\/p>\n<p><strong><a href=\"https:\/\/portal.unisepe.com.br\/univr\/wp-content\/uploads\/sites\/10004\/2023\/01\/PORTF\u00d3LIO-DE-SERVI\u00c7OS-POLICL\u00cdNICA-IESEP.pdf\" rel=\"noopener noreferrer\" target=\"_blank\">Clique aqui e conhe\u00e7a os servi\u00e7os oferecidos na Policl\u00ednica IESEP<\/a><\/strong><\/p>\n<p>&nbsp;<\/p>\n<p><strong>Ligue e agende seu atendimento.<\/strong><\/p>\n<p><a href=\"https:\/\/wa.me\/5513997534076\" target=\"_blank\" rel=\"noopener noreferrer\"><i class=\"fa-brands fa-whatsapp\"><\/i> (13) 99753-4076<\/a><\/p>\n<p>&nbsp;<\/p>\n<p>(13) 3828-2840 | Registro\/SP | Oscar Yoshiaki Mag\u00e1rio, n\u00ba 185 | Jardim das Palmeiras | <a href=\"https:\/\/iesep.com.br\" target=\"_blank\" rel=\"noopener noreferrer\">iesep.com.br<\/a><\/p>\n<p><a href=\"https:\/\/iesep.com.br\/\" rel=\"noopener noreferrer\" target=\"_blank\"><img loading=\"lazy\" decoding=\"async\" class=\"size-full wp-image-264 alignleft\" src=\"https:\/\/portal.unisepe.com.br\/univr\/wp-content\/uploads\/sites\/10004\/2021\/08\/policlinica_iesep_logo.png\" alt=\"Policl\u00ednica IESEP\" width=\"200\" height=\"100\" \/><\/a><br \/>\n<a href=\"https:\/\/iesep.com.br\/\" rel=\"noopener noreferrer\" target=\"_blank\"><img loading=\"lazy\" decoding=\"async\" class=\"size-full wp-image-264 alignnone\" src=\"https:\/\/portal.unisepe.com.br\/univr\/wp-content\/uploads\/sites\/10004\/2021\/08\/iesep_logo.png\" alt=\"IESEP\" width=\"200\" height=\"100\" \/><\/a><\/p>\n","protected":false},"excerpt":{"rendered":"<p>POLICL\u00cdNICA IESEP &nbsp; A Policl\u00ednica IESEP \u00e9 uma institui\u00e7\u00e3o sem fins lucrativos localizada no munic\u00edpio de Registro-SP e mantida pelo Instituto Educacional de Servi\u00e7o, Ensino e Pesquisa (IESEP). Sua rotina de atividades envolve atendimento gratuito pelo Sistema \u00danico de Sa\u00fade (SUS) e por meio de Atendimento Social, com pagamento para<\/p>\n","protected":false},"author":1,"featured_media":0,"parent":0,"menu_order":0,"comment_status":"closed","ping_status":"closed","template":"templates\/template-pagina_menu_vertical.php","meta":{"footnotes":""},"categories":[],"tags":[],"class_list":["post-3068","page","type-page","status-publish","hentry"],"_links":{"self":[{"href":"https:\/\/portal.unisepe.com.br\/univr\/wp-json\/wp\/v2\/pages\/3068","targetHints":{"allow":["GET"]}}],"collection":[{"href":"https:\/\/portal.unisepe.com.br\/univr\/wp-json\/wp\/v2\/pages"}],"about":[{"href":"https:\/\/portal.unisepe.com.br\/univr\/wp-json\/wp\/v2\/types\/page"}],"author":[{"embeddable":true,"href":"https:\/\/portal.unisepe.com.br\/univr\/wp-json\/wp\/v2\/users\/1"}],"replies":[{"embeddable":true,"href":"https:\/\/portal.unisepe.com.br\/univr\/wp-json\/wp\/v2\/comments?post=3068"}],"version-history":[{"count":25,"href":"https:\/\/portal.unisepe.com.br\/univr\/wp-json\/wp\/v2\/pages\/3068\/revisions"}],"predecessor-version":[{"id":6316,"href":"https:\/\/portal.unisepe.com.br\/univr\/wp-json\/wp\/v2\/pages\/3068\/revisions\/6316"}],"wp:attachment":[{"href":"https:\/\/portal.unisepe.com.br\/univr\/wp-json\/wp\/v2\/media?parent=3068"}],"wp:term":[{"taxonomy":"category","embeddable":true,"href":"https:\/\/portal.unisepe.com.br\/univr\/wp-json\/wp\/v2\/categories?post=3068"},{"taxonomy":"post_tag","embeddable":true,"href":"https:\/\/portal.unisepe.com.br\/univr\/wp-json\/wp\/v2\/tags?post=3068"}],"curies":[{"name":"wp","href":"https:\/\/api.w.org\/{rel}","templated":true}]}}