{"id":3104,"date":"2019-06-18T11:04:25","date_gmt":"2019-06-18T14:04:25","guid":{"rendered":"http:\/\/portal.unisepe.com.br\/univr\/?page_id=3104"},"modified":"2023-10-24T17:50:36","modified_gmt":"2023-10-24T20:50:36","slug":"educacao-corporativa","status":"publish","type":"page","link":"https:\/\/portal.unisepe.com.br\/univr\/educacao-corporativa\/","title":{"rendered":"Educa\u00e7\u00e3o Corporativa"},"content":{"rendered":"<p>Os cursos de Educa\u00e7\u00e3o Corporativa \/ Extens\u00e3o da Unisepe, Centro Universit\u00e1rio do Vale do Ribeira \u2013 UNIVR, s\u00e3o voltados para o p\u00fablico em geral, com forte presen\u00e7a de acad\u00eamicos dos cursos de gradua\u00e7\u00e3o, mas tamb\u00e9m com participa\u00e7\u00e3o intensa de egressos do ensino superior e de profissionais do mercado em busca de aperfei\u00e7oamento nas mais diversas \u00e1reas.<\/p>\n<p>Os temas dos cursos s\u00e3o de interesse amplo e tratam, sobretudo, de quest\u00f5es atuais ou de t\u00e9cnicas espec\u00edficas de v\u00e1rias \u00e1reas do conhecimento. As aulas &#8211; din\u00e2micas e com grande participa\u00e7\u00e3o dos alunos &#8211; s\u00e3o ministradas por professores especializados nos assuntos abordados pelos cursos.<\/p>\n<ul>\n<li style=\"list-style-type: none;\">\n<ul>Aproveite esta oportunidade, n\u00e3o perca tempo!<\/p>\n<li>Para voc\u00ea aluno busque o aperfei\u00e7oamento profissional na sua pr\u00f3pria institui\u00e7\u00e3o de ensino, fique atualizado;<\/li>\n<li>Para voc\u00ea ex-aluno e sociedade, seja um Profissional Qualificado no Mercado;<\/li>\n<li>Cursos com hor\u00e1rios flex\u00edveis;<\/li>\n<li>Funcionamento por demanda;<\/li>\n<\/ul>\n<\/li>\n<\/ul>\n<p>para maiores informa\u00e7\u00f5es entre em contato:<br \/>\nN\u00facleo de Vestibular<br \/>\n<b>3828-2840 ramal (2861)<\/b><br \/>\n<b><a href=\"mailto:marcio.guimaraes@scelisul.com.br\" target=\"_Blank\" rel=\"noopener noreferrer\">marcio.guimaraes@scelisul.com.br<\/a><\/b><br \/>\nConhe\u00e7a nossas P\u00f3s Gradua\u00e7\u00e3o ead <b><a href=\"http:\/\/portal.unisepe.com.br\/ead\/\" target=\"_Blank\" rel=\"noopener noreferrer\">http:\/\/portal.unisepe.com.br\/ead\/<\/a><\/b><\/p>\n","protected":false},"excerpt":{"rendered":"<p>Os cursos de Educa\u00e7\u00e3o Corporativa \/ Extens\u00e3o da Unisepe, Centro Universit\u00e1rio do Vale do Ribeira \u2013 UNIVR, s\u00e3o voltados para o p\u00fablico em geral, com forte presen\u00e7a de acad\u00eamicos dos cursos de gradua\u00e7\u00e3o, mas tamb\u00e9m com participa\u00e7\u00e3o intensa de egressos do ensino superior e de profissionais do mercado em busca<\/p>\n","protected":false},"author":1,"featured_media":0,"parent":0,"menu_order":0,"comment_status":"closed","ping_status":"closed","template":"","meta":{"footnotes":""},"categories":[],"tags":[],"class_list":["post-3104","page","type-page","status-publish","hentry"],"_links":{"self":[{"href":"https:\/\/portal.unisepe.com.br\/univr\/wp-json\/wp\/v2\/pages\/3104","targetHints":{"allow":["GET"]}}],"collection":[{"href":"https:\/\/portal.unisepe.com.br\/univr\/wp-json\/wp\/v2\/pages"}],"about":[{"href":"https:\/\/portal.unisepe.com.br\/univr\/wp-json\/wp\/v2\/types\/page"}],"author":[{"embeddable":true,"href":"https:\/\/portal.unisepe.com.br\/univr\/wp-json\/wp\/v2\/users\/1"}],"replies":[{"embeddable":true,"href":"https:\/\/portal.unisepe.com.br\/univr\/wp-json\/wp\/v2\/comments?post=3104"}],"version-history":[{"count":2,"href":"https:\/\/portal.unisepe.com.br\/univr\/wp-json\/wp\/v2\/pages\/3104\/revisions"}],"predecessor-version":[{"id":6093,"href":"https:\/\/portal.unisepe.com.br\/univr\/wp-json\/wp\/v2\/pages\/3104\/revisions\/6093"}],"wp:attachment":[{"href":"https:\/\/portal.unisepe.com.br\/univr\/wp-json\/wp\/v2\/media?parent=3104"}],"wp:term":[{"taxonomy":"category","embeddable":true,"href":"https:\/\/portal.unisepe.com.br\/univr\/wp-json\/wp\/v2\/categories?post=3104"},{"taxonomy":"post_tag","embeddable":true,"href":"https:\/\/portal.unisepe.com.br\/univr\/wp-json\/wp\/v2\/tags?post=3104"}],"curies":[{"name":"wp","href":"https:\/\/api.w.org\/{rel}","templated":true}]}}