{"id":312,"date":"2016-07-11T23:53:24","date_gmt":"2016-07-12T02:53:24","guid":{"rendered":"http:\/\/portal.unisepe.com.br\/univr\/?page_id=312"},"modified":"2020-05-12T12:07:08","modified_gmt":"2020-05-12T15:07:08","slug":"matriz-curricular","status":"publish","type":"page","link":"https:\/\/portal.unisepe.com.br\/univr\/analise-e-des-de-sistemas\/matriz-curricular\/","title":{"rendered":"Matriz Curricular"},"content":{"rendered":"<ul class=\"nav nav-tabs\">\n<li class=\"nav-item\"><a class=\"nav-link active\" href=\"#tab1\" data-toggle=\"tab\">Matriz<\/a><\/li>\n<li class=\"nav-item\"><a class=\"nav-link\" href=\"#tab2\" data-toggle=\"tab\">EAD<\/a><\/li>\n<\/ul>\n<div id=\"myTabContent\" class=\"tab-content\">\n<div id=\"tab1\" class=\"tab-pane fade active show\">\n<ul>\n<li>\u00a0<a href=\"http:\/\/portal.unisepe.com.br\/univr\/wp-content\/uploads\/sites\/10004\/2020\/05\/Matriz_ADS_2020-1.pdf\" target=\"_blank\" rel=\"noopener\">Matriz ADS 2020-1<\/a><\/li>\n<li>\u00a0<a href=\"http:\/\/portal.unisepe.com.br\/univr\/wp-content\/uploads\/sites\/10004\/2020\/01\/Matriz_ADS_2019-1-1.pdf\" target=\"_blank\" rel=\"noopener\">Matriz ADS 2019-1<\/a><\/li>\n<\/ul>\n<\/div>\n<div id=\"tab2\" class=\"tab-pane fade\">\n<p style=\"text-align: center\">art 8. da Portaria 1.428\/2018<\/p>\n<ul>\n<li><a target=\"_Blank\" href=\"http:\/\/portal.unisepe.com.br\/univr\/wp-content\/uploads\/sites\/10004\/2019\/08\/2019-2-UNIVR-ART-8-INFORMA\u00c7\u00d5ES-ARQUITETURA-DE-COMPUTADORES.pdf\" rel=\"noopener\">2019-2-UNIVR-ART 8-INFORMA\u00c7\u00d5ES-ARQUITETURA DE COMPUTADORES<\/a><\/li>\n<li><a target=\"_Blank\" href=\"http:\/\/portal.unisepe.com.br\/univr\/wp-content\/uploads\/sites\/10004\/2019\/08\/2019-2-UNIVR-ART-8-INFORMA\u00c7\u00d5ES-ARQUITETURA-E-TESTE-DE-SOFT..pdf\" rel=\"noopener\">2019-2-UNIVR-ART 8-INFORMA\u00c7\u00d5ES-ARQUITETURA E TESTE DE SOFT.<\/a><\/li>\n<li><a target=\"_Blank\" href=\"http:\/\/portal.unisepe.com.br\/univr\/wp-content\/uploads\/sites\/10004\/2019\/08\/2019-2-UNIVR-ART-8-INFORMA\u00c7\u00d5ES-AUTORIA-MULTIM\u00cdDIA-E-RECURSOS.pdf\" rel=\"noopener\">2019-2-UNIVR-ART 8-INFORMA\u00c7\u00d5ES-AUTORIA, MULTIM\u00cdDIA E RECURSOS<\/a><\/li>\n<li><a target=\"_Blank\" href=\"http:\/\/portal.unisepe.com.br\/univr\/wp-content\/uploads\/sites\/10004\/2019\/08\/2019-2-UNIVR-ART-8-INFORMA\u00c7\u00d5ES-INGL\u00caS-T\u00c9CNICO.pdf\" rel=\"noopener\">2019-2-UNIVR-ART 8-INFORMA\u00c7\u00d5ES-INGL\u00caS T\u00c9CNICO<\/a><\/li>\n<li><a target=\"_Blank\" href=\"http:\/\/portal.unisepe.com.br\/univr\/wp-content\/uploads\/sites\/10004\/2019\/08\/2019-2-UNIVR-ART-8-INFORMA\u00c7\u00d5ES-LEGISLA\u00c7\u00c3O-CI\u00caNCIA-TEC_SOC.pdf\" rel=\"noopener\">2019-2-UNIVR-ART 8-INFORMA\u00c7\u00d5ES-LEGISLA\u00c7\u00c3O, CI\u00caNCIA, TEC_SOC<\/a><\/li>\n<li><a target=\"_Blank\" href=\"http:\/\/portal.unisepe.com.br\/univr\/wp-content\/uploads\/sites\/10004\/2019\/08\/2019-2-UNIVR-ART-8-INFORMA\u00c7\u00d5ES-LINGUA-PORTUGUESA.pdf\" rel=\"noopener\">2019-2-UNIVR-ART 8-INFORMA\u00c7\u00d5ES-LINGUA PORTUGUESA<\/a><\/li>\n<li><a target=\"_Blank\" href=\"http:\/\/portal.unisepe.com.br\/univr\/wp-content\/uploads\/sites\/10004\/2019\/08\/2019-2-UNIVR-ART-8-INFORMA\u00c7\u00d5ES-MATEM\u00c1TICA-APLICADA-A-TI-I.pdf\" rel=\"noopener\">2019-2-UNIVR-ART 8-INFORMA\u00c7\u00d5ES-MATEM\u00c1TICA APLICADA A TI I<\/a><\/li>\n<li><a target=\"_Blank\" href=\"http:\/\/portal.unisepe.com.br\/univr\/wp-content\/uploads\/sites\/10004\/2019\/08\/2019-2-UNIVR-ART-8-INFORMA\u00c7\u00d5ES-MATEM\u00c1TICA-APLICADA-A-TI-II.pdf\" rel=\"noopener\">2019-2-UNIVR-ART 8-INFORMA\u00c7\u00d5ES-MATEM\u00c1TICA APLICADA A TI II<\/a><\/li>\n<li><a target=\"_Blank\" href=\"http:\/\/portal.unisepe.com.br\/univr\/wp-content\/uploads\/sites\/10004\/2019\/08\/2019-2-UNIVR-ART-8-INFORMA\u00c7\u00d5ES-PROJETOS-EMPREENDEDORES-DE-TEC.pdf\" rel=\"noopener\">2019-2-UNIVR-ART 8-INFORMA\u00c7\u00d5ES-PROJETOS EMPREENDEDORES DE TEC<\/a><\/li>\n<\/ul>\n<\/div>\n<\/div>\n","protected":false},"excerpt":{"rendered":"<p>Matriz EAD \u00a0Matriz ADS 2020-1 \u00a0Matriz ADS 2019-1 art 8. da Portaria 1.428\/2018 2019-2-UNIVR-ART 8-INFORMA\u00c7\u00d5ES-ARQUITETURA DE COMPUTADORES 2019-2-UNIVR-ART 8-INFORMA\u00c7\u00d5ES-ARQUITETURA E TESTE DE SOFT. 2019-2-UNIVR-ART 8-INFORMA\u00c7\u00d5ES-AUTORIA, MULTIM\u00cdDIA E RECURSOS 2019-2-UNIVR-ART 8-INFORMA\u00c7\u00d5ES-INGL\u00caS T\u00c9CNICO 2019-2-UNIVR-ART 8-INFORMA\u00c7\u00d5ES-LEGISLA\u00c7\u00c3O, CI\u00caNCIA, TEC_SOC 2019-2-UNIVR-ART 8-INFORMA\u00c7\u00d5ES-LINGUA PORTUGUESA 2019-2-UNIVR-ART 8-INFORMA\u00c7\u00d5ES-MATEM\u00c1TICA APLICADA A TI I 2019-2-UNIVR-ART 8-INFORMA\u00c7\u00d5ES-MATEM\u00c1TICA APLICADA A TI II<\/p>\n","protected":false},"author":1,"featured_media":0,"parent":303,"menu_order":0,"comment_status":"closed","ping_status":"closed","template":"templates\/template-curso_menu_vertical.php","meta":{"footnotes":""},"categories":[],"tags":[],"class_list":["post-312","page","type-page","status-publish","hentry"],"_links":{"self":[{"href":"https:\/\/portal.unisepe.com.br\/univr\/wp-json\/wp\/v2\/pages\/312","targetHints":{"allow":["GET"]}}],"collection":[{"href":"https:\/\/portal.unisepe.com.br\/univr\/wp-json\/wp\/v2\/pages"}],"about":[{"href":"https:\/\/portal.unisepe.com.br\/univr\/wp-json\/wp\/v2\/types\/page"}],"author":[{"embeddable":true,"href":"https:\/\/portal.unisepe.com.br\/univr\/wp-json\/wp\/v2\/users\/1"}],"replies":[{"embeddable":true,"href":"https:\/\/portal.unisepe.com.br\/univr\/wp-json\/wp\/v2\/comments?post=312"}],"version-history":[{"count":17,"href":"https:\/\/portal.unisepe.com.br\/univr\/wp-json\/wp\/v2\/pages\/312\/revisions"}],"predecessor-version":[{"id":4083,"href":"https:\/\/portal.unisepe.com.br\/univr\/wp-json\/wp\/v2\/pages\/312\/revisions\/4083"}],"up":[{"embeddable":true,"href":"https:\/\/portal.unisepe.com.br\/univr\/wp-json\/wp\/v2\/pages\/303"}],"wp:attachment":[{"href":"https:\/\/portal.unisepe.com.br\/univr\/wp-json\/wp\/v2\/media?parent=312"}],"wp:term":[{"taxonomy":"category","embeddable":true,"href":"https:\/\/portal.unisepe.com.br\/univr\/wp-json\/wp\/v2\/categories?post=312"},{"taxonomy":"post_tag","embeddable":true,"href":"https:\/\/portal.unisepe.com.br\/univr\/wp-json\/wp\/v2\/tags?post=312"}],"curies":[{"name":"wp","href":"https:\/\/api.w.org\/{rel}","templated":true}]}}