{"id":3157,"date":"2019-07-24T13:33:09","date_gmt":"2019-07-24T16:33:09","guid":{"rendered":"http:\/\/portal.unisepe.com.br\/univr\/?page_id=3157"},"modified":"2019-08-27T20:27:54","modified_gmt":"2019-08-27T23:27:54","slug":"identificacao-qr-code","status":"publish","type":"page","link":"https:\/\/portal.unisepe.com.br\/univr\/ciencias-biologicas\/identificacao-qr-code\/","title":{"rendered":"Identifica\u00e7\u00e3o QR CODE"},"content":{"rendered":"<h2 style=\"text-align: center\"><b>Flora da <\/b><b>UNIVR<\/b><\/h2>\n<p>&nbsp;<\/p>\n<p>O Projeto Flora UNIVR\u00a0 \u00e9 uma das atividades relacionados ao Herb\u00e1rio do Cento Universit\u00e1rio do Vale do Ribeira.<\/p>\n<p>O intuito \u00e9 identificar as principais esp\u00e9cies de plantas\u00a0 presentes \u00a0no Campus Magao Sugano e elaborar chaves de identifica\u00e7\u00e3o \u00a0de campo, utilizados em\u00a0\u00a0 disciplinas dos cursos de gradua\u00e7\u00e3o, \u00a0sobretudo em Ci\u00eancias Biol\u00f3gicas.<\/p>\n<p>Essa proposta inovadora permite utiliza\u00e7\u00e3o de meios eletr\u00f4nicos para \u00a0o ensino-aprendizagem\u00a0 e extens\u00e3o universit\u00e1ria.<\/p>\n<p>A primeira etapa Areaceae (fam\u00edlia bot\u00e2nica) conhecidas como Palmeiras.<\/p>\n<p>&nbsp;<\/p>\n<p><a href=\"http:\/\/portal.unisepe.com.br\/univr\/wp-content\/uploads\/sites\/10004\/2019\/08\/Flora-da-Unisepe-Plameiras.pdf\">Flora do campus (PDF).<\/a><\/p>\n<p>&nbsp;<\/p>\n","protected":false},"excerpt":{"rendered":"<p>Flora da UNIVR &nbsp; O Projeto Flora UNIVR\u00a0 \u00e9 uma das atividades relacionados ao Herb\u00e1rio do Cento Universit\u00e1rio do Vale do Ribeira. O intuito \u00e9 identificar as principais esp\u00e9cies de plantas\u00a0 presentes \u00a0no Campus Magao Sugano e elaborar chaves de identifica\u00e7\u00e3o \u00a0de campo, utilizados em\u00a0\u00a0 disciplinas dos cursos de gradua\u00e7\u00e3o,<\/p>\n","protected":false},"author":1,"featured_media":0,"parent":317,"menu_order":0,"comment_status":"closed","ping_status":"closed","template":"templates\/template-curso_menu_vertical.php","meta":{"footnotes":""},"categories":[],"tags":[],"class_list":["post-3157","page","type-page","status-publish","hentry"],"_links":{"self":[{"href":"https:\/\/portal.unisepe.com.br\/univr\/wp-json\/wp\/v2\/pages\/3157","targetHints":{"allow":["GET"]}}],"collection":[{"href":"https:\/\/portal.unisepe.com.br\/univr\/wp-json\/wp\/v2\/pages"}],"about":[{"href":"https:\/\/portal.unisepe.com.br\/univr\/wp-json\/wp\/v2\/types\/page"}],"author":[{"embeddable":true,"href":"https:\/\/portal.unisepe.com.br\/univr\/wp-json\/wp\/v2\/users\/1"}],"replies":[{"embeddable":true,"href":"https:\/\/portal.unisepe.com.br\/univr\/wp-json\/wp\/v2\/comments?post=3157"}],"version-history":[{"count":3,"href":"https:\/\/portal.unisepe.com.br\/univr\/wp-json\/wp\/v2\/pages\/3157\/revisions"}],"predecessor-version":[{"id":3370,"href":"https:\/\/portal.unisepe.com.br\/univr\/wp-json\/wp\/v2\/pages\/3157\/revisions\/3370"}],"up":[{"embeddable":true,"href":"https:\/\/portal.unisepe.com.br\/univr\/wp-json\/wp\/v2\/pages\/317"}],"wp:attachment":[{"href":"https:\/\/portal.unisepe.com.br\/univr\/wp-json\/wp\/v2\/media?parent=3157"}],"wp:term":[{"taxonomy":"category","embeddable":true,"href":"https:\/\/portal.unisepe.com.br\/univr\/wp-json\/wp\/v2\/categories?post=3157"},{"taxonomy":"post_tag","embeddable":true,"href":"https:\/\/portal.unisepe.com.br\/univr\/wp-json\/wp\/v2\/tags?post=3157"}],"curies":[{"name":"wp","href":"https:\/\/api.w.org\/{rel}","templated":true}]}}