{"id":3165,"date":"2019-07-31T16:46:03","date_gmt":"2019-07-31T19:46:03","guid":{"rendered":"http:\/\/portal.unisepe.com.br\/univr\/?page_id=3165"},"modified":"2019-08-07T13:49:48","modified_gmt":"2019-08-07T16:49:48","slug":"clinica-escola-iesep","status":"publish","type":"page","link":"https:\/\/portal.unisepe.com.br\/univr\/estetica-e-cosmetica\/clinica-escola-iesep\/","title":{"rendered":"Cl\u00ednica Escola IESEP"},"content":{"rendered":"<p style=\"text-align: justify\">A Policl\u00ednica IESEP \u00e9 uma cl\u00ednica escola mantida pelo Instituto Educacional de Servi\u00e7o, Ensino e Pesquisa que oferece atendimento multiprofissional a comunidade do Vale do Ribeira<strong>.\u00a0<\/strong>Seus servi\u00e7os vinculam-se a aten\u00e7\u00e3o b\u00e1sica e ocorrem por meio da promo\u00e7\u00e3o, preven\u00e7\u00e3o, prote\u00e7\u00e3o e reabilita\u00e7\u00e3o em sa\u00fade. Para o curso de Est\u00e9tica e Cosm\u00e9tica representa um dos locais de est\u00e1gio extracurricular supervisionado onde \u00e9 desenvolvido atendimentos est\u00e9ticos faciais e corporais para aprimoramento em relacionamento terap\u00eautico, educa\u00e7\u00e3o em sa\u00fade com o p\u00fablico atendido. Para maiores informa\u00e7\u00f5es visite o site da POLICL\u00cdNICA IESEP (acesso:\u00a0<a href=\"http:\/\/iesep.com.br\/policlinica\/\"><strong>http:\/\/iesep.com.br\/policlinica\/<\/strong><\/a>).<\/p>\n<p><img loading=\"lazy\" decoding=\"async\" class=\"aligncenter wp-image-3175 size-full\" src=\"http:\/\/portal.unisepe.com.br\/univr\/wp-content\/uploads\/sites\/10004\/2019\/07\/policlinica-est\u00e9tica.jpeg\" alt=\"\" width=\"914\" height=\"1280\" srcset=\"https:\/\/portal.unisepe.com.br\/univr\/wp-content\/uploads\/sites\/10004\/2019\/07\/policlinica-est\u00e9tica.jpeg 914w, https:\/\/portal.unisepe.com.br\/univr\/wp-content\/uploads\/sites\/10004\/2019\/07\/policlinica-est\u00e9tica-214x300.jpeg 214w, https:\/\/portal.unisepe.com.br\/univr\/wp-content\/uploads\/sites\/10004\/2019\/07\/policlinica-est\u00e9tica-768x1076.jpeg 768w, https:\/\/portal.unisepe.com.br\/univr\/wp-content\/uploads\/sites\/10004\/2019\/07\/policlinica-est\u00e9tica-731x1024.jpeg 731w\" sizes=\"auto, (max-width: 914px) 100vw, 914px\" \/><\/p>\n","protected":false},"excerpt":{"rendered":"<p>A Policl\u00ednica IESEP \u00e9 uma cl\u00ednica escola mantida pelo Instituto Educacional de Servi\u00e7o, Ensino e Pesquisa que oferece atendimento multiprofissional a comunidade do Vale do Ribeira.\u00a0Seus servi\u00e7os vinculam-se a aten\u00e7\u00e3o b\u00e1sica e ocorrem por meio da promo\u00e7\u00e3o, preven\u00e7\u00e3o, prote\u00e7\u00e3o e reabilita\u00e7\u00e3o em sa\u00fade. Para o curso de Est\u00e9tica e Cosm\u00e9tica<\/p>\n","protected":false},"author":1,"featured_media":0,"parent":391,"menu_order":0,"comment_status":"closed","ping_status":"closed","template":"templates\/template-curso_menu_vertical.php","meta":{"footnotes":""},"categories":[],"tags":[],"class_list":["post-3165","page","type-page","status-publish","hentry"],"_links":{"self":[{"href":"https:\/\/portal.unisepe.com.br\/univr\/wp-json\/wp\/v2\/pages\/3165","targetHints":{"allow":["GET"]}}],"collection":[{"href":"https:\/\/portal.unisepe.com.br\/univr\/wp-json\/wp\/v2\/pages"}],"about":[{"href":"https:\/\/portal.unisepe.com.br\/univr\/wp-json\/wp\/v2\/types\/page"}],"author":[{"embeddable":true,"href":"https:\/\/portal.unisepe.com.br\/univr\/wp-json\/wp\/v2\/users\/1"}],"replies":[{"embeddable":true,"href":"https:\/\/portal.unisepe.com.br\/univr\/wp-json\/wp\/v2\/comments?post=3165"}],"version-history":[{"count":4,"href":"https:\/\/portal.unisepe.com.br\/univr\/wp-json\/wp\/v2\/pages\/3165\/revisions"}],"predecessor-version":[{"id":3224,"href":"https:\/\/portal.unisepe.com.br\/univr\/wp-json\/wp\/v2\/pages\/3165\/revisions\/3224"}],"up":[{"embeddable":true,"href":"https:\/\/portal.unisepe.com.br\/univr\/wp-json\/wp\/v2\/pages\/391"}],"wp:attachment":[{"href":"https:\/\/portal.unisepe.com.br\/univr\/wp-json\/wp\/v2\/media?parent=3165"}],"wp:term":[{"taxonomy":"category","embeddable":true,"href":"https:\/\/portal.unisepe.com.br\/univr\/wp-json\/wp\/v2\/categories?post=3165"},{"taxonomy":"post_tag","embeddable":true,"href":"https:\/\/portal.unisepe.com.br\/univr\/wp-json\/wp\/v2\/tags?post=3165"}],"curies":[{"name":"wp","href":"https:\/\/api.w.org\/{rel}","templated":true}]}}