{"id":3177,"date":"2019-07-31T16:51:44","date_gmt":"2019-07-31T19:51:44","guid":{"rendered":"http:\/\/portal.unisepe.com.br\/univr\/?page_id=3177"},"modified":"2019-08-05T13:17:23","modified_gmt":"2019-08-05T16:17:23","slug":"producoes-academicas-e-cientificas","status":"publish","type":"page","link":"https:\/\/portal.unisepe.com.br\/univr\/estetica-e-cosmetica\/producoes-academicas-e-cientificas\/","title":{"rendered":"Produ\u00e7\u00f5es acad\u00eamicas e cientificas"},"content":{"rendered":"<p><strong>Atividades acad\u00eamicas 2019<\/strong><\/p>\n<hr \/>\n<ul>\n<li><a href=\"http:\/\/portal.unisepe.com.br\/univr\/wp-content\/uploads\/sites\/10004\/2019\/08\/Dia-Internacional-da-Mulher-UBS-Centro-29-03-2019.pdf\" target=\"_blank\" rel=\"noopener\">Dia Internacional da Mulher UBS Centro 29-03-2019<\/a><\/li>\n<\/ul>\n<p>&nbsp;<\/p>\n<p><strong>Atividades acad\u00eamicas 2018<\/strong><\/p>\n<hr \/>\n<ul>\n<li><a href=\"http:\/\/portal.unisepe.com.br\/univr\/wp-content\/uploads\/sites\/10004\/2019\/08\/Dia-Internacional-da-Mulher-Sabesp-Registro-08-03-2018.pdf\" target=\"_blank\" rel=\"noopener\">Dia Internacional da Mulher Sabesp Registro 08-03-2018<\/a><\/li>\n<li><a href=\"http:\/\/portal.unisepe.com.br\/univr\/wp-content\/uploads\/sites\/10004\/2019\/08\/Evento-Outubro-Rosa-UBS-Nosso-Teto-23-10-2018.pdf\" target=\"_blank\" rel=\"noopener\">Evento Outubro Rosa UBS Nosso Teto 23-10-2018<\/a><\/li>\n<\/ul>\n<p>&nbsp;<\/p>\n","protected":false},"excerpt":{"rendered":"<p>Atividades acad\u00eamicas 2019 Dia Internacional da Mulher UBS Centro 29-03-2019 &nbsp; Atividades acad\u00eamicas 2018 Dia Internacional da Mulher Sabesp Registro 08-03-2018 Evento Outubro Rosa UBS Nosso Teto 23-10-2018 &nbsp;<\/p>\n","protected":false},"author":1,"featured_media":0,"parent":391,"menu_order":0,"comment_status":"closed","ping_status":"closed","template":"templates\/template-curso_menu_vertical.php","meta":{"footnotes":""},"categories":[],"tags":[],"class_list":["post-3177","page","type-page","status-publish","hentry"],"_links":{"self":[{"href":"https:\/\/portal.unisepe.com.br\/univr\/wp-json\/wp\/v2\/pages\/3177","targetHints":{"allow":["GET"]}}],"collection":[{"href":"https:\/\/portal.unisepe.com.br\/univr\/wp-json\/wp\/v2\/pages"}],"about":[{"href":"https:\/\/portal.unisepe.com.br\/univr\/wp-json\/wp\/v2\/types\/page"}],"author":[{"embeddable":true,"href":"https:\/\/portal.unisepe.com.br\/univr\/wp-json\/wp\/v2\/users\/1"}],"replies":[{"embeddable":true,"href":"https:\/\/portal.unisepe.com.br\/univr\/wp-json\/wp\/v2\/comments?post=3177"}],"version-history":[{"count":3,"href":"https:\/\/portal.unisepe.com.br\/univr\/wp-json\/wp\/v2\/pages\/3177\/revisions"}],"predecessor-version":[{"id":3195,"href":"https:\/\/portal.unisepe.com.br\/univr\/wp-json\/wp\/v2\/pages\/3177\/revisions\/3195"}],"up":[{"embeddable":true,"href":"https:\/\/portal.unisepe.com.br\/univr\/wp-json\/wp\/v2\/pages\/391"}],"wp:attachment":[{"href":"https:\/\/portal.unisepe.com.br\/univr\/wp-json\/wp\/v2\/media?parent=3177"}],"wp:term":[{"taxonomy":"category","embeddable":true,"href":"https:\/\/portal.unisepe.com.br\/univr\/wp-json\/wp\/v2\/categories?post=3177"},{"taxonomy":"post_tag","embeddable":true,"href":"https:\/\/portal.unisepe.com.br\/univr\/wp-json\/wp\/v2\/tags?post=3177"}],"curies":[{"name":"wp","href":"https:\/\/api.w.org\/{rel}","templated":true}]}}