{"id":3187,"date":"2019-07-31T16:56:15","date_gmt":"2019-07-31T19:56:15","guid":{"rendered":"http:\/\/portal.unisepe.com.br\/univr\/?page_id=3187"},"modified":"2019-08-05T13:19:08","modified_gmt":"2019-08-05T16:19:08","slug":"estetica-news","status":"publish","type":"page","link":"https:\/\/portal.unisepe.com.br\/univr\/estetica-e-cosmetica\/estetica-news\/","title":{"rendered":"Est\u00e9tica News"},"content":{"rendered":"<p><strong>MERCADO DE TRABALHO:<\/strong><\/p>\n<p>Segundo a Sociedade Brasileira de Cirurgia Pl\u00e1stica (SBPC, 2013), o Brasil ocupa a segunda posi\u00e7\u00e3o em n\u00famero de cirurgias pl\u00e1sticas est\u00e9ticas no mundo.<\/p>\n<p>De acordo com os dados da Associa\u00e7\u00e3o Brasileira da Ind\u00fastria da Higiene, Perfumaria e Cosm\u00e9ticos (ABHIPEC), o mercado brasileiro \u00e9 o terceiro maior mercado consumidor de HPPC (Higiene Pessoal, Perfumaria e Cosm\u00e9ticos), mantendo um crescimento m\u00e9dio de 10% nos \u00faltimos cinco anos.<\/p>\n<p>Obs: Estimativa varia de cidade e estado, tamb\u00e9m levamos em conta a \u00e1rea de atua\u00e7\u00e3o dentro da est\u00e9tica.<\/p>\n<p><strong>\u00a0<\/strong><\/p>\n<p><strong>CBO\u2013 CLASSIFICA\u00c7\u00c3O BRASILEIRA DE OCUPA\u00c7\u00c3O\/MINIST\u00c9RIO DO TRABALHO:<\/strong><\/p>\n<p><a href=\"https:\/\/www.ocupacoes.com.br\/cbo-mte\/322130-esteticista\" target=\"_blank\" rel=\"noopener noreferrer\">https:\/\/www.ocupacoes.com.br\/cbo-mte\/322130-esteticista<\/a><\/p>\n<p>&nbsp;<\/p>\n<p><strong>SENADO APROVA REGULAMENTA\u00c7\u00c3O DA PROFISS\u00c3O DE ESTETICISTA:<\/strong><\/p>\n<p><a href=\"https:\/\/www2.camara.leg.br\/camaranoticias\/noticias\/TRABALHO-E-PREVIDENCIA\/554270-CAMARA-APROVA-REGULAMENTACAO-DAS-PROFISSOES-DE-ESTETICISTA-E-COSMETOLOGO.html\" target=\"_blank\" rel=\"noopener noreferrer\">https:\/\/www2.camara.leg.br\/camaranoticias\/noticias\/TRABALHO-E-PREVIDENCIA\/554270-CAMARA-APROVA-REGULAMENTACAO-DAS-PROFISSOES-DE-ESTETICISTA-E-COSMETOLOGO.html<\/a><\/p>\n","protected":false},"excerpt":{"rendered":"<p>MERCADO DE TRABALHO: Segundo a Sociedade Brasileira de Cirurgia Pl\u00e1stica (SBPC, 2013), o Brasil ocupa a segunda posi\u00e7\u00e3o em n\u00famero de cirurgias pl\u00e1sticas est\u00e9ticas no mundo. De acordo com os dados da Associa\u00e7\u00e3o Brasileira da Ind\u00fastria da Higiene, Perfumaria e Cosm\u00e9ticos (ABHIPEC), o mercado brasileiro \u00e9 o terceiro maior mercado<\/p>\n","protected":false},"author":1,"featured_media":0,"parent":391,"menu_order":0,"comment_status":"closed","ping_status":"closed","template":"templates\/template-curso_menu_vertical.php","meta":{"footnotes":""},"categories":[],"tags":[],"class_list":["post-3187","page","type-page","status-publish","hentry"],"_links":{"self":[{"href":"https:\/\/portal.unisepe.com.br\/univr\/wp-json\/wp\/v2\/pages\/3187","targetHints":{"allow":["GET"]}}],"collection":[{"href":"https:\/\/portal.unisepe.com.br\/univr\/wp-json\/wp\/v2\/pages"}],"about":[{"href":"https:\/\/portal.unisepe.com.br\/univr\/wp-json\/wp\/v2\/types\/page"}],"author":[{"embeddable":true,"href":"https:\/\/portal.unisepe.com.br\/univr\/wp-json\/wp\/v2\/users\/1"}],"replies":[{"embeddable":true,"href":"https:\/\/portal.unisepe.com.br\/univr\/wp-json\/wp\/v2\/comments?post=3187"}],"version-history":[{"count":2,"href":"https:\/\/portal.unisepe.com.br\/univr\/wp-json\/wp\/v2\/pages\/3187\/revisions"}],"predecessor-version":[{"id":3196,"href":"https:\/\/portal.unisepe.com.br\/univr\/wp-json\/wp\/v2\/pages\/3187\/revisions\/3196"}],"up":[{"embeddable":true,"href":"https:\/\/portal.unisepe.com.br\/univr\/wp-json\/wp\/v2\/pages\/391"}],"wp:attachment":[{"href":"https:\/\/portal.unisepe.com.br\/univr\/wp-json\/wp\/v2\/media?parent=3187"}],"wp:term":[{"taxonomy":"category","embeddable":true,"href":"https:\/\/portal.unisepe.com.br\/univr\/wp-json\/wp\/v2\/categories?post=3187"},{"taxonomy":"post_tag","embeddable":true,"href":"https:\/\/portal.unisepe.com.br\/univr\/wp-json\/wp\/v2\/tags?post=3187"}],"curies":[{"name":"wp","href":"https:\/\/api.w.org\/{rel}","templated":true}]}}