{"id":325,"date":"2016-07-12T00:17:01","date_gmt":"2016-07-12T03:17:01","guid":{"rendered":"http:\/\/portal.unisepe.com.br\/univr\/?page_id=325"},"modified":"2020-01-23T12:42:38","modified_gmt":"2020-01-23T15:42:38","slug":"matriz-curricular","status":"publish","type":"page","link":"https:\/\/portal.unisepe.com.br\/univr\/ciencias-biologicas\/matriz-curricular\/","title":{"rendered":"Matriz Curricular"},"content":{"rendered":"<ul class=\"nav nav-tabs\">\n<li class=\"nav-item\"><a class=\"nav-link active\" href=\"#tab1\" data-toggle=\"tab\">Matriz<\/a><\/li>\n<li class=\"nav-item\"><a class=\"nav-link\" href=\"#tab2\" data-toggle=\"tab\">EAD<\/a><\/li>\n<\/ul>\n<div id=\"myTabContent\" class=\"tab-content\">\n<div id=\"tab1\" class=\"tab-pane fade active show\">\n<ul>\n<li><a href=\"http:\/\/portal.unisepe.com.br\/univr\/wp-content\/uploads\/sites\/10004\/2020\/01\/2020-1-MATRIZ-BIOLOGIA-BACHARELADO-1.pdf\" target=\"_blank\" rel=\"noopener\">Matriz Curricular Bacharelado 2020<\/a><\/li>\n<li><a href=\"http:\/\/portal.unisepe.com.br\/univr\/wp-content\/uploads\/sites\/10004\/2020\/01\/2020-1-MATRIZ-BIOLOGIA-LICENCIATURA-1.pdf\" target=\"_blank\" rel=\"noopener\">Matriz Curricular Licenciatura 2020<\/a><\/li>\n<li><a href=\"\/wp-content\/uploads\/sites\/10003\/2016\/07\/Matriz_CBB.pdf\" target=\"_blank\" rel=\"noopener\">Matriz Curricular Bacharelado<\/a><\/li>\n<li><a href=\"\/wp-content\/uploads\/sites\/10003\/2016\/07\/Matriz_CBL.pdf\" target=\"_blank\" rel=\"noopener\">Matriz Curricular Licenciatura<\/a><\/li>\n<\/ul>\n<\/div>\n<div id=\"tab2\" class=\"tab-pane fade\">\n<p style=\"text-align: center\">art 8. da Portaria 1.428\/2018<\/p>\n<ul>\n<li><a href=\"http:\/\/portal.unisepe.com.br\/univr\/wp-content\/uploads\/sites\/10004\/2019\/10\/2020-UNIVR-ART-8-INFORMA\u00c7\u00d5ES-BACHARELADO.pdf\" target=\"_blank\" rel=\"noopener\">2020-UNIVR-ART-8-INFORMA\u00c7\u00d5ES BACHARELADO<\/a><\/li>\n<li><a href=\"http:\/\/portal.unisepe.com.br\/univr\/wp-content\/uploads\/sites\/10004\/2019\/10\/2020-UNIVR-ART-8-INFORMA\u00c7\u00d5ES-LICENCIATURA.pdf\" target=\"_blank\" rel=\"noopener\">2020-UNIVR-ART-8-INFORMA\u00c7\u00d5ES LICENCIATURA<\/a><\/li>\n<\/ul>\n<\/div>\n<\/div>\n","protected":false},"excerpt":{"rendered":"<p>Matriz EAD Matriz Curricular Bacharelado 2020 Matriz Curricular Licenciatura 2020 Matriz Curricular Bacharelado Matriz Curricular Licenciatura art 8. da Portaria 1.428\/2018 2020-UNIVR-ART-8-INFORMA\u00c7\u00d5ES BACHARELADO 2020-UNIVR-ART-8-INFORMA\u00c7\u00d5ES LICENCIATURA<\/p>\n","protected":false},"author":1,"featured_media":0,"parent":317,"menu_order":0,"comment_status":"closed","ping_status":"closed","template":"templates\/template-curso_menu_vertical.php","meta":{"footnotes":""},"categories":[],"tags":[],"class_list":["post-325","page","type-page","status-publish","hentry"],"_links":{"self":[{"href":"https:\/\/portal.unisepe.com.br\/univr\/wp-json\/wp\/v2\/pages\/325","targetHints":{"allow":["GET"]}}],"collection":[{"href":"https:\/\/portal.unisepe.com.br\/univr\/wp-json\/wp\/v2\/pages"}],"about":[{"href":"https:\/\/portal.unisepe.com.br\/univr\/wp-json\/wp\/v2\/types\/page"}],"author":[{"embeddable":true,"href":"https:\/\/portal.unisepe.com.br\/univr\/wp-json\/wp\/v2\/users\/1"}],"replies":[{"embeddable":true,"href":"https:\/\/portal.unisepe.com.br\/univr\/wp-json\/wp\/v2\/comments?post=325"}],"version-history":[{"count":7,"href":"https:\/\/portal.unisepe.com.br\/univr\/wp-json\/wp\/v2\/pages\/325\/revisions"}],"predecessor-version":[{"id":3880,"href":"https:\/\/portal.unisepe.com.br\/univr\/wp-json\/wp\/v2\/pages\/325\/revisions\/3880"}],"up":[{"embeddable":true,"href":"https:\/\/portal.unisepe.com.br\/univr\/wp-json\/wp\/v2\/pages\/317"}],"wp:attachment":[{"href":"https:\/\/portal.unisepe.com.br\/univr\/wp-json\/wp\/v2\/media?parent=325"}],"wp:term":[{"taxonomy":"category","embeddable":true,"href":"https:\/\/portal.unisepe.com.br\/univr\/wp-json\/wp\/v2\/categories?post=325"},{"taxonomy":"post_tag","embeddable":true,"href":"https:\/\/portal.unisepe.com.br\/univr\/wp-json\/wp\/v2\/tags?post=325"}],"curies":[{"name":"wp","href":"https:\/\/api.w.org\/{rel}","templated":true}]}}