{"id":343,"date":"2016-07-12T00:39:02","date_gmt":"2016-07-12T03:39:02","guid":{"rendered":"http:\/\/portal.unisepe.com.br\/univr\/?page_id=343"},"modified":"2020-05-11T09:14:21","modified_gmt":"2020-05-11T12:14:21","slug":"matriz-curricular","status":"publish","type":"page","link":"https:\/\/portal.unisepe.com.br\/univr\/ciencias-contabeis\/matriz-curricular\/","title":{"rendered":"Matriz Curricular"},"content":{"rendered":"<ul class=\"nav nav-tabs\">\n<li class=\"nav-item\"><a class=\"nav-link active\" href=\"#tab1\" data-toggle=\"tab\">Matriz<\/a><\/li>\n<li class=\"nav-item\"><a class=\"nav-link\" href=\"#tab2\" data-toggle=\"tab\">EAD<\/a><\/li>\n<\/ul>\n<div id=\"myTabContent\" class=\"tab-content\">\n<div id=\"tab1\" class=\"tab-pane fade active show\">\n<ul>\n<li>\u00a0<a href=\"http:\/\/portal.unisepe.com.br\/univr\/wp-content\/uploads\/sites\/10004\/2020\/01\/2019-2-UNIVR-MATRIZ-CI\u00caNCIAS-CONT\u00c1BEIS-PRESENCIAL.pdf\" target=\"_blank\" rel=\"noopener\">Matriz Curricular 2019<\/a><\/li>\n<li><a href=\"http:\/\/portal.unisepe.com.br\/univr\/wp-content\/uploads\/sites\/10004\/2020\/05\/MATRIZ_CCT_20182_PRESENCIAL.pdf\" target=\"_blank\" rel=\"noopener\">Matriz Curricular 2018<\/a><\/li>\n<\/ul>\n<\/div>\n<div id=\"tab2\" class=\"tab-pane fade\">\n<p style=\"text-align: center;\">art 8. da Portaria 1.428\/2018<\/p>\n<ul>\n<li><a href=\"http:\/\/portal.unisepe.com.br\/univr\/wp-content\/uploads\/sites\/10004\/2019\/08\/2019-2-UNIVR-ART-8-INFORMA\u00c7\u00d5ES-AN\u00c1LISE-DE-PROJETOS-E-OR\u00c7AMENTO-EMPRESARIAL.pdf\" target=\"_blank\" rel=\"noopener\">2019-2-UNIVR-ART 8-INFORMA\u00c7\u00d5ES-AN\u00c1LISE DE PROJETOS E OR\u00c7AMENTO EMPRESARIAL<\/a><\/li>\n<li><a href=\"http:\/\/portal.unisepe.com.br\/univr\/wp-content\/uploads\/sites\/10004\/2019\/08\/2019-2-UNIVR-ART-8-INFORMA\u00c7\u00d5ES-CIENCIAS-SOCIAIS.pdf\" target=\"_blank\" rel=\"noopener\">2019-2-UNIVR-ART 8-INFORMA\u00c7\u00d5ES-CIENCIAS SOCIAIS<\/a><\/li>\n<li><a href=\"http:\/\/portal.unisepe.com.br\/univr\/wp-content\/uploads\/sites\/10004\/2019\/08\/2019-2-UNIVR-ART-8-INFORMA\u00c7\u00d5ES-CONTABILIDADE-APLICADA-\u00c0-INSTITUI\u00c7\u00d5ES-FINANCEIRAS.pdf\" target=\"_blank\" rel=\"noopener\">2019-2-UNIVR-ART 8-INFORMA\u00c7\u00d5ES-CONTABILIDADE APLICADA \u00c0 INSTITUI\u00c7\u00d5ES FINANCEIRAS<\/a><\/li>\n<li><a href=\"http:\/\/portal.unisepe.com.br\/univr\/wp-content\/uploads\/sites\/10004\/2019\/08\/2019-2-UNIVR-ART-8-INFORMA\u00c7\u00d5ES-CONTABILIDADE-E-OR\u00c7AMENTO-P\u00daBLICO.pdf\" target=\"_blank\" rel=\"noopener\">2019-2-UNIVR-ART 8-INFORMA\u00c7\u00d5ES-CONTABILIDADE E OR\u00c7AMENTO P\u00daBLICO<\/a><\/li>\n<li><a href=\"http:\/\/portal.unisepe.com.br\/univr\/wp-content\/uploads\/sites\/10004\/2019\/08\/2019-2-UNIVR-ART-8-INFORMA\u00c7\u00d5ES-DIREITO-E-LEGISLA\u00c7\u00c3O-TRIBUT\u00c1RIA.pdf\" target=\"_blank\" rel=\"noopener\">2019-2-UNIVR-ART 8-INFORMA\u00c7\u00d5ES-DIREITO E LEGISLA\u00c7\u00c3O TRIBUT\u00c1RIA<\/a><\/li>\n<li><a href=\"http:\/\/portal.unisepe.com.br\/univr\/wp-content\/uploads\/sites\/10004\/2019\/08\/2019-2-UNIVR-ART-8-INFORMA\u00c7\u00d5ES-ETICA-E-RESPONSABILIDADE-SOCIO-AMBIENTAL.pdf\" target=\"_blank\" rel=\"noopener\">2019-2-UNIVR-ART 8-INFORMA\u00c7\u00d5ES-ETICA E RESPONSABILIDADE SOCIO AMBIENTAL<\/a><\/li>\n<li><a href=\"http:\/\/portal.unisepe.com.br\/univr\/wp-content\/uploads\/sites\/10004\/2019\/08\/2019-2-UNIVR-ART-8-INFORMA\u00c7\u00d5ES-GEST\u00c3O-DA-INOVA\u00c7\u00c3O.pdf\" target=\"_blank\" rel=\"noopener\">2019-2-UNIVR-ART 8-INFORMA\u00c7\u00d5ES-GEST\u00c3O DA INOVA\u00c7\u00c3O<\/a><\/li>\n<li><a href=\"http:\/\/portal.unisepe.com.br\/univr\/wp-content\/uploads\/sites\/10004\/2019\/08\/2019-2-UNIVR-ART-8-INFORMA\u00c7\u00d5ES-GLOBALIZA\u00c7\u00c3O.pdf\" target=\"_blank\" rel=\"noopener\">2019-2-UNIVR-ART 8-INFORMA\u00c7\u00d5ES-GLOBALIZA\u00c7\u00c3O<\/a><\/li>\n<li><a href=\"http:\/\/portal.unisepe.com.br\/univr\/wp-content\/uploads\/sites\/10004\/2019\/08\/2019-2-UNIVR-ART-8-INFORMA\u00c7\u00d5ES-LIBRAS.pdf\" target=\"_blank\" rel=\"noopener\">2019-2-UNIVR-ART 8-INFORMA\u00c7\u00d5ES-LIBRAS<\/a><\/li>\n<li><a href=\"http:\/\/portal.unisepe.com.br\/univr\/wp-content\/uploads\/sites\/10004\/2019\/08\/2019-2-UNIVR-ART-8-INFORMA\u00c7\u00d5ES-L\u00cdNGUA-PORTUGUESA.pdf\" target=\"_blank\" rel=\"noopener\">2019-2-UNIVR-ART 8-INFORMA\u00c7\u00d5ES-L\u00cdNGUA PORTUGUESA<\/a><\/li>\n<li><a href=\"http:\/\/portal.unisepe.com.br\/univr\/wp-content\/uploads\/sites\/10004\/2019\/08\/2019-2-UNIVR-ART-8-INFORMA\u00c7\u00d5ES-METODOLOGIA-DA-PESQUISA-CIENT\u00cdFICA.pdf\" target=\"_blank\" rel=\"noopener\">2019-2-UNIVR-ART 8-INFORMA\u00c7\u00d5ES-METODOLOGIA DA PESQUISA CIENT\u00cdFICA<\/a><\/li>\n<li><a href=\"http:\/\/portal.unisepe.com.br\/univr\/wp-content\/uploads\/sites\/10004\/2019\/08\/2019-2-UNIVR-ART-8-INFORMA\u00c7\u00d5ES-PLANEJAMENTO-E-CONTABILIDADE-TRIBUT\u00c1RIA.pdf\" target=\"_blank\" rel=\"noopener\">2019-2-UNIVR-ART 8-INFORMA\u00c7\u00d5ES-PLANEJAMENTO E CONTABILIDADE TRIBUT\u00c1RIA<\/a><\/li>\n<li><a href=\"http:\/\/portal.unisepe.com.br\/univr\/wp-content\/uploads\/sites\/10004\/2019\/08\/2019-2-UNIVR-ART-8-INFORMA\u00c7\u00d5ES-PSICOLOGIA.pdf\" target=\"_blank\" rel=\"noopener\">2019-2-UNIVR-ART 8-INFORMA\u00c7\u00d5ES-PSICOLOGIA<\/a><\/li>\n<li><a href=\"http:\/\/portal.unisepe.com.br\/univr\/wp-content\/uploads\/sites\/10004\/2019\/08\/2019-2-UNIVR-ART-8-INFORMA\u00c7\u00d5ES-SISTEMA-DE-INFORMA\u00c7\u00d5ES-GERENCIAIS.pdf\" target=\"_blank\" rel=\"noopener\">2019-2-UNIVR-ART 8-INFORMA\u00c7\u00d5ES-SISTEMA DE INFORMA\u00c7\u00d5ES GERENCIAIS<\/a><\/li>\n<\/ul>\n<\/div>\n<\/div>\n","protected":false},"excerpt":{"rendered":"<p>Matriz EAD \u00a0Matriz Curricular 2019 Matriz Curricular 2018 art 8. da Portaria 1.428\/2018 2019-2-UNIVR-ART 8-INFORMA\u00c7\u00d5ES-AN\u00c1LISE DE PROJETOS E OR\u00c7AMENTO EMPRESARIAL 2019-2-UNIVR-ART 8-INFORMA\u00c7\u00d5ES-CIENCIAS SOCIAIS 2019-2-UNIVR-ART 8-INFORMA\u00c7\u00d5ES-CONTABILIDADE APLICADA \u00c0 INSTITUI\u00c7\u00d5ES FINANCEIRAS 2019-2-UNIVR-ART 8-INFORMA\u00c7\u00d5ES-CONTABILIDADE E OR\u00c7AMENTO P\u00daBLICO 2019-2-UNIVR-ART 8-INFORMA\u00c7\u00d5ES-DIREITO E LEGISLA\u00c7\u00c3O TRIBUT\u00c1RIA 2019-2-UNIVR-ART 8-INFORMA\u00c7\u00d5ES-ETICA E RESPONSABILIDADE SOCIO AMBIENTAL 2019-2-UNIVR-ART 8-INFORMA\u00c7\u00d5ES-GEST\u00c3O DA INOVA\u00c7\u00c3O 2019-2-UNIVR-ART<\/p>\n","protected":false},"author":1,"featured_media":0,"parent":331,"menu_order":0,"comment_status":"closed","ping_status":"closed","template":"templates\/template-curso_menu_vertical.php","meta":{"footnotes":""},"categories":[],"tags":[],"class_list":["post-343","page","type-page","status-publish","hentry"],"_links":{"self":[{"href":"https:\/\/portal.unisepe.com.br\/univr\/wp-json\/wp\/v2\/pages\/343","targetHints":{"allow":["GET"]}}],"collection":[{"href":"https:\/\/portal.unisepe.com.br\/univr\/wp-json\/wp\/v2\/pages"}],"about":[{"href":"https:\/\/portal.unisepe.com.br\/univr\/wp-json\/wp\/v2\/types\/page"}],"author":[{"embeddable":true,"href":"https:\/\/portal.unisepe.com.br\/univr\/wp-json\/wp\/v2\/users\/1"}],"replies":[{"embeddable":true,"href":"https:\/\/portal.unisepe.com.br\/univr\/wp-json\/wp\/v2\/comments?post=343"}],"version-history":[{"count":18,"href":"https:\/\/portal.unisepe.com.br\/univr\/wp-json\/wp\/v2\/pages\/343\/revisions"}],"predecessor-version":[{"id":4067,"href":"https:\/\/portal.unisepe.com.br\/univr\/wp-json\/wp\/v2\/pages\/343\/revisions\/4067"}],"up":[{"embeddable":true,"href":"https:\/\/portal.unisepe.com.br\/univr\/wp-json\/wp\/v2\/pages\/331"}],"wp:attachment":[{"href":"https:\/\/portal.unisepe.com.br\/univr\/wp-json\/wp\/v2\/media?parent=343"}],"wp:term":[{"taxonomy":"category","embeddable":true,"href":"https:\/\/portal.unisepe.com.br\/univr\/wp-json\/wp\/v2\/categories?post=343"},{"taxonomy":"post_tag","embeddable":true,"href":"https:\/\/portal.unisepe.com.br\/univr\/wp-json\/wp\/v2\/tags?post=343"}],"curies":[{"name":"wp","href":"https:\/\/api.w.org\/{rel}","templated":true}]}}