{"id":348,"date":"2016-07-12T00:42:12","date_gmt":"2016-07-12T00:42:12","guid":{"rendered":"http:\/\/portal.unisepe.com.br\/univr\/?page_id=348"},"modified":"2023-01-27T16:01:45","modified_gmt":"2023-01-27T19:01:45","slug":"direito","status":"publish","type":"page","link":"https:\/\/portal.unisepe.com.br\/univr\/direito\/","title":{"rendered":"Direito"},"content":{"rendered":"<figure style=\"text-align: justify\"><figcaption><strong><img loading=\"lazy\" decoding=\"async\" class=\"size-full wp-image-241 alignleft\" src=\"http:\/\/portal.unisepe.com.br\/univr\/wp-content\/uploads\/sites\/10004\/2016\/07\/direito.png\" alt=\"direito\" width=\"108\" height=\"100\" \/>G\u00eanese do Curso<\/strong><\/figcaption><\/figure>\n<p style=\"text-align: justify\">Alicer\u00e7ado sobre uma matriz curricular diferenciada, desenvolvida em observ\u00e2ncia completa \u00e0s demandas s\u00f3cio-jur\u00eddicas do Vale do Ribeira, similares \u00e0s das diferentes regi\u00f5es do Brasil, o Curso de Direito das Faculdades Integradas do Vale do Ribeira objetiva formar um profissional apto para operar em diferentes linhas de atua\u00e7\u00e3o que se inter-relacionam.<\/p>\n<p style=\"text-align: justify\">Neste sentido, o Curso se mostra pr\u00f3prio para consolidar o perfil de um exercente do Direito capaz de otimizar a pr\u00e1tica dos distintos saberes jur\u00eddicos em prol da efetividade do exerc\u00edcio da cidadania, do alcance de condi\u00e7\u00f5es \u00e0 plenitude da dignidade da pessoa humana e do levante dos padr\u00f5es de sustentabilidade do meio ambiente natural, como pressupostos do desenvolvimento s\u00f3cio-econ\u00f4mico-moral do entorno.<\/p>\n","protected":false},"excerpt":{"rendered":"<p>G\u00eanese do Curso Alicer\u00e7ado sobre uma matriz curricular diferenciada, desenvolvida em observ\u00e2ncia completa \u00e0s demandas s\u00f3cio-jur\u00eddicas do Vale do Ribeira, similares \u00e0s das diferentes regi\u00f5es do Brasil, o Curso de Direito das Faculdades Integradas do Vale do Ribeira objetiva formar um profissional apto para operar em diferentes linhas de atua\u00e7\u00e3o<\/p>\n","protected":false},"author":1,"featured_media":0,"parent":0,"menu_order":0,"comment_status":"closed","ping_status":"closed","template":"templates\/template-curso_menu_vertical.php","meta":{"footnotes":""},"categories":[143],"tags":[148],"class_list":["post-348","page","type-page","status-publish","hentry","category-cursos-graduacao-presencial","tag-cursos-bacharelado"],"_links":{"self":[{"href":"https:\/\/portal.unisepe.com.br\/univr\/wp-json\/wp\/v2\/pages\/348","targetHints":{"allow":["GET"]}}],"collection":[{"href":"https:\/\/portal.unisepe.com.br\/univr\/wp-json\/wp\/v2\/pages"}],"about":[{"href":"https:\/\/portal.unisepe.com.br\/univr\/wp-json\/wp\/v2\/types\/page"}],"author":[{"embeddable":true,"href":"https:\/\/portal.unisepe.com.br\/univr\/wp-json\/wp\/v2\/users\/1"}],"replies":[{"embeddable":true,"href":"https:\/\/portal.unisepe.com.br\/univr\/wp-json\/wp\/v2\/comments?post=348"}],"version-history":[{"count":5,"href":"https:\/\/portal.unisepe.com.br\/univr\/wp-json\/wp\/v2\/pages\/348\/revisions"}],"predecessor-version":[{"id":5799,"href":"https:\/\/portal.unisepe.com.br\/univr\/wp-json\/wp\/v2\/pages\/348\/revisions\/5799"}],"wp:attachment":[{"href":"https:\/\/portal.unisepe.com.br\/univr\/wp-json\/wp\/v2\/media?parent=348"}],"wp:term":[{"taxonomy":"category","embeddable":true,"href":"https:\/\/portal.unisepe.com.br\/univr\/wp-json\/wp\/v2\/categories?post=348"},{"taxonomy":"post_tag","embeddable":true,"href":"https:\/\/portal.unisepe.com.br\/univr\/wp-json\/wp\/v2\/tags?post=348"}],"curies":[{"name":"wp","href":"https:\/\/api.w.org\/{rel}","templated":true}]}}