{"id":360,"date":"2016-07-12T00:51:58","date_gmt":"2016-07-12T00:51:58","guid":{"rendered":"http:\/\/portal.unisepe.com.br\/univr\/?page_id=360"},"modified":"2023-01-27T16:01:30","modified_gmt":"2023-01-27T19:01:30","slug":"educacao-fisica","status":"publish","type":"page","link":"https:\/\/portal.unisepe.com.br\/univr\/educacao-fisica\/","title":{"rendered":"Educa\u00e7\u00e3o F\u00edsica"},"content":{"rendered":"<p><strong><img loading=\"lazy\" decoding=\"async\" class=\"size-full wp-image-242 alignleft\" src=\"http:\/\/portal.unisepe.com.br\/univr\/wp-content\/uploads\/sites\/10004\/2016\/07\/ed_fisica.png\" alt=\"\" width=\"73\" height=\"100\" \/>Miss\u00e3o<\/strong><\/p>\n<p>O Curso de Educa\u00e7\u00e3o F\u00edsica tem como miss\u00e3o principal preparar profissionais capacitados para o exerc\u00edcio de Educador F\u00edsico, com capacidade t\u00e9cnica e compromisso social, e transmitir valores \u00e9ticos de disciplina, respeito, liberdade e seriedade. Para complementa\u00e7\u00e3o da forma\u00e7\u00e3o acad\u00eamica e amplia\u00e7\u00e3o do mercado de atua\u00e7\u00e3o o curso desenvolve programas de monitoria, inicia\u00e7\u00e3o cient\u00edfica e apoio \u00e0 participa\u00e7\u00e3o dos discentes em eventos cient\u00edficos. Os egressos poder\u00e3o prosseguir seus estudos no n\u00edvel de p\u00f3s-gradua\u00e7\u00e3o, lato sensu (especializa\u00e7\u00e3o) e stricto sensu (mestrado, doutorado).<\/p>\n<p><strong>O Profissional Licenciado<\/strong><\/p>\n<p>Dura\u00e7\u00e3o do Curso: 4 anos<\/p>\n<p>O curso de Educa\u00e7\u00e3o F\u00edsica na modalidade Licenciatura, o profissional poder\u00e1 atuar no magist\u00e9rio no Ensino Fundamental e M\u00e9dio, suprindo a car\u00eancia de docentes nas disciplinas de Educa\u00e7\u00e3o F\u00edsica nas escolas p\u00fablicas e particulares, bem como docentes em institui\u00e7\u00f5es de ensino superior. Para complementa\u00e7\u00e3o da forma\u00e7\u00e3o acad\u00eamica e amplia\u00e7\u00e3o do mercado de atua\u00e7\u00e3o o curso desenvolve programas de monitoria, inicia\u00e7\u00e3o cient\u00edfica e apoio \u00e0 participa\u00e7\u00e3o dos discentes em eventos cient\u00edficos. Os egressos da modalidade de Licenciatura poder\u00e3o prosseguir seus estudos no n\u00edvel de p\u00f3s-gradua\u00e7\u00e3o, lato sensu (especializa\u00e7\u00e3o) e stricto sensu (mestrado, doutorado).<\/p>\n<p><strong>O Profissional Bacharel<\/strong><\/p>\n<p>Dura\u00e7\u00e3o do Curso: 4 anos<\/p>\n<p>O curso de Educa\u00e7\u00e3o F\u00edsica na modalidade Bacharel tem um imenso leque de atividades profissionais. Pode atuar como aut\u00f4nomo e\/ou em institui\u00e7\u00f5es p\u00fablicas e privadas de presta\u00e7\u00e3o de servi\u00e7os em atividade f\u00edsica, recreativa e esportiva; institui\u00e7\u00f5es de administra\u00e7\u00e3o e pr\u00e1tica esportiva, organiza\u00e7\u00f5es empresariais, centros e laborat\u00f3rios de pesquisa, clubes, associa\u00e7\u00f5es esportivas e\/ou recreativas, hot\u00e9is; centros de recrea\u00e7\u00e3o, lazer e sa\u00fade; centros de treinamento esportivo; aplica\u00e7\u00e3o de exerc\u00edcios compensat\u00f3rios para funcion\u00e1rios empresas; an\u00e1lise, planejamento e prescri\u00e7\u00e3o de atividades quanto ao uso correto de assentos, mesas, bancadas, maquin\u00e1rios e ferramentas de trabalho em empresas; personal training; e popula\u00e7\u00f5es especiais, bem como docentes em institui\u00e7\u00f5es de ensino superior. Para complementa\u00e7\u00e3o da forma\u00e7\u00e3o acad\u00eamica e amplia\u00e7\u00e3o do mercado de atua\u00e7\u00e3o o curso desenvolve programas de monitoria, inicia\u00e7\u00e3o cient\u00edfica e apoio \u00e0 participa\u00e7\u00e3o dos discentes em eventos cient\u00edficos. Os egressos da modalidade de Bacharelado poder\u00e3o prosseguir seus estudos no n\u00edvel de p\u00f3s-gradua\u00e7\u00e3o, lato sensu (especializa\u00e7\u00e3o) e stricto sensu (mestrado, doutorado).<\/p>\n<p><strong>Perfil Esperado do Graduado<\/strong><\/p>\n<ul>\n<li>Possuir uma vis\u00e3o ampla da realidade social, pol\u00edtica, cultural, e econ\u00f4mica do Pa\u00eds e consci\u00eancia das reais necessidades e possibilidades do cidad\u00e3o, al\u00e9m das caracter\u00edsticas apresentadas pela sociedade, num sentido inovador, criador e democr\u00e1tico;<\/li>\n<li>Ser profissional com vis\u00e3o pedag\u00f3gica e cient\u00edfica de modo a dominar os instrumentos, m\u00e9todos e t\u00e9cnicas que permitam desenvolver sua profiss\u00e3o, respondendo a situa\u00e7\u00f5es concretas e gerais do cotidiano;<\/li>\n<li>Ter condi\u00e7\u00f5es de lideran\u00e7a e comportamento \u00e9tico que se ajuste \u00e0 din\u00e2mica do processo de uma sociedade em permanente transforma\u00e7\u00e3o e,<\/li>\n<li>Ser um profissional eficiente no uso de seus conhecimentos, sendo capaz de identificar, refletir e propor mudan\u00e7as para as necessidades regionais de forma aut\u00f4noma.<\/li>\n<\/ul>\n<p><strong>Habilidades Pretendidas<\/strong><\/p>\n<ul>\n<li>Capacidade de adapta\u00e7\u00e3o ao meio de trabalho maximizando os recursos materiais e humanos dispon\u00edveis;<\/li>\n<li>Capacidade de lideran\u00e7a que o permita tornar-se um agente de transforma\u00e7\u00e3o na comunidade onde atua;<\/li>\n<li>Capacidade de motivar os educandos de forma a despertar neles o interesse pelas aulas, n\u00e3o apenas como cumprimento de grade curricular, mas como efetivo de aprendizado, agu\u00e7ando-lhe o interesse e a curiosidade pela lei da vida e,<\/li>\n<li>Capacidade de transmitir adequadamente os conhecimentos espec\u00edficos na sua \u00e1rea de atua\u00e7\u00e3o.<\/li>\n<\/ul>\n","protected":false},"excerpt":{"rendered":"<p>Miss\u00e3o O Curso de Educa\u00e7\u00e3o F\u00edsica tem como miss\u00e3o principal preparar profissionais capacitados para o exerc\u00edcio de Educador F\u00edsico, com capacidade t\u00e9cnica e compromisso social, e transmitir valores \u00e9ticos de disciplina, respeito, liberdade e seriedade. Para complementa\u00e7\u00e3o da forma\u00e7\u00e3o acad\u00eamica e amplia\u00e7\u00e3o do mercado de atua\u00e7\u00e3o o curso desenvolve programas<\/p>\n","protected":false},"author":1,"featured_media":0,"parent":0,"menu_order":0,"comment_status":"closed","ping_status":"closed","template":"templates\/template-curso_menu_vertical.php","meta":{"footnotes":""},"categories":[143],"tags":[148,149],"class_list":["post-360","page","type-page","status-publish","hentry","category-cursos-graduacao-presencial","tag-cursos-bacharelado","tag-cursos-licenciatura"],"_links":{"self":[{"href":"https:\/\/portal.unisepe.com.br\/univr\/wp-json\/wp\/v2\/pages\/360","targetHints":{"allow":["GET"]}}],"collection":[{"href":"https:\/\/portal.unisepe.com.br\/univr\/wp-json\/wp\/v2\/pages"}],"about":[{"href":"https:\/\/portal.unisepe.com.br\/univr\/wp-json\/wp\/v2\/types\/page"}],"author":[{"embeddable":true,"href":"https:\/\/portal.unisepe.com.br\/univr\/wp-json\/wp\/v2\/users\/1"}],"replies":[{"embeddable":true,"href":"https:\/\/portal.unisepe.com.br\/univr\/wp-json\/wp\/v2\/comments?post=360"}],"version-history":[{"count":2,"href":"https:\/\/portal.unisepe.com.br\/univr\/wp-json\/wp\/v2\/pages\/360\/revisions"}],"predecessor-version":[{"id":2510,"href":"https:\/\/portal.unisepe.com.br\/univr\/wp-json\/wp\/v2\/pages\/360\/revisions\/2510"}],"wp:attachment":[{"href":"https:\/\/portal.unisepe.com.br\/univr\/wp-json\/wp\/v2\/media?parent=360"}],"wp:term":[{"taxonomy":"category","embeddable":true,"href":"https:\/\/portal.unisepe.com.br\/univr\/wp-json\/wp\/v2\/categories?post=360"},{"taxonomy":"post_tag","embeddable":true,"href":"https:\/\/portal.unisepe.com.br\/univr\/wp-json\/wp\/v2\/tags?post=360"}],"curies":[{"name":"wp","href":"https:\/\/api.w.org\/{rel}","templated":true}]}}