{"id":3728,"date":"2019-11-21T15:27:30","date_gmt":"2019-11-21T18:27:30","guid":{"rendered":"http:\/\/portal.unisepe.com.br\/univr\/?page_id=3728"},"modified":"2020-02-04T15:59:06","modified_gmt":"2020-02-04T18:59:06","slug":"cte-centro-de-tecnologia-educacional","status":"publish","type":"page","link":"https:\/\/portal.unisepe.com.br\/univr\/cte-centro-de-tecnologia-educacional\/","title":{"rendered":"CTE &#8211; Centro de Tecnologia Educacional"},"content":{"rendered":"<p style=\"text-align: justify;\">O Centro de Tecnologia Educacional \u00e9 o setor respons\u00e1vel pela manuten\u00e7\u00e3o e suporte t\u00e9cnico para discentes e docentes do Portal Acad\u00eamico da IES.<\/p>\n<p>Contato<\/p>\n<p>Tel: (13) 3828-2840 (ramal 2871)<\/p>\n<p>e-mail: cte@scelisul.com.br<\/p>\n<p>&nbsp;<\/p>\n","protected":false},"excerpt":{"rendered":"<p>O Centro de Tecnologia Educacional \u00e9 o setor respons\u00e1vel pela manuten\u00e7\u00e3o e suporte t\u00e9cnico para discentes e docentes do Portal Acad\u00eamico da IES. Contato Tel: (13) 3828-2840 (ramal 2871) e-mail: cte@scelisul.com.br &nbsp;<\/p>\n","protected":false},"author":1,"featured_media":0,"parent":0,"menu_order":0,"comment_status":"closed","ping_status":"closed","template":"","meta":{"footnotes":""},"categories":[],"tags":[],"class_list":["post-3728","page","type-page","status-publish","hentry"],"_links":{"self":[{"href":"https:\/\/portal.unisepe.com.br\/univr\/wp-json\/wp\/v2\/pages\/3728","targetHints":{"allow":["GET"]}}],"collection":[{"href":"https:\/\/portal.unisepe.com.br\/univr\/wp-json\/wp\/v2\/pages"}],"about":[{"href":"https:\/\/portal.unisepe.com.br\/univr\/wp-json\/wp\/v2\/types\/page"}],"author":[{"embeddable":true,"href":"https:\/\/portal.unisepe.com.br\/univr\/wp-json\/wp\/v2\/users\/1"}],"replies":[{"embeddable":true,"href":"https:\/\/portal.unisepe.com.br\/univr\/wp-json\/wp\/v2\/comments?post=3728"}],"version-history":[{"count":5,"href":"https:\/\/portal.unisepe.com.br\/univr\/wp-json\/wp\/v2\/pages\/3728\/revisions"}],"predecessor-version":[{"id":3956,"href":"https:\/\/portal.unisepe.com.br\/univr\/wp-json\/wp\/v2\/pages\/3728\/revisions\/3956"}],"wp:attachment":[{"href":"https:\/\/portal.unisepe.com.br\/univr\/wp-json\/wp\/v2\/media?parent=3728"}],"wp:term":[{"taxonomy":"category","embeddable":true,"href":"https:\/\/portal.unisepe.com.br\/univr\/wp-json\/wp\/v2\/categories?post=3728"},{"taxonomy":"post_tag","embeddable":true,"href":"https:\/\/portal.unisepe.com.br\/univr\/wp-json\/wp\/v2\/tags?post=3728"}],"curies":[{"name":"wp","href":"https:\/\/api.w.org\/{rel}","templated":true}]}}