{"id":377,"date":"2016-07-12T16:22:07","date_gmt":"2016-07-12T16:22:07","guid":{"rendered":"http:\/\/portal.unisepe.com.br\/univr\/?page_id=377"},"modified":"2023-03-02T11:21:18","modified_gmt":"2023-03-02T14:21:18","slug":"enfermagem","status":"publish","type":"page","link":"https:\/\/portal.unisepe.com.br\/univr\/enfermagem\/","title":{"rendered":"Enfermagem"},"content":{"rendered":"<h4 style=\"text-align: center\"><strong><img loading=\"lazy\" decoding=\"async\" class=\" wp-image-243 alignleft\" src=\"https:\/\/portal.unisepe.com.br\/univr\/wp-content\/uploads\/sites\/10004\/2021\/09\/enfermagem-univr.png\" alt=\"Enfermagem\" width=\"100\" height=\"100\" \/><\/strong><\/h4>\n<p><b>Objetivos:<\/b><\/p>\n<p>O objetivo geral do curso de Bacharelado em Enfermagem do\u00a0<span>Centro Universit\u00e1rio do Vale do Ribeira<\/span> \u00e9 formar enfermeiro com habilidades e compet\u00eancias para intervir nos determinantes e condicionantes de sa\u00fade local e nacional, atuar na administra\u00e7\u00e3o e gerenciamento de servi\u00e7os de sa\u00fade, resguardar o c\u00f3digo de \u00e9tica e a legisla\u00e7\u00e3o profissional e atuar em conformidade com as Pol\u00edticas P\u00fablicas de Sa\u00fade, especificamente o Sistema \u00danico de Sa\u00fade.<\/p>\n<p>&nbsp;<\/p>\n<p><b>Perfil do egresso:<\/b><\/p>\n<p>Os egressos do curso de gradua\u00e7\u00e3o em Enfermagem do\u00a0<span>Centro Universit\u00e1rio do Vale do Ribeira<\/span> ser\u00e3o enfermeiros, com forma\u00e7\u00e3o generalista, humanista, cr\u00edtica e reflexiva, qualificados para o exerc\u00edcio profissional de Enfermagem, com base no rigor cient\u00edfico e intelectual e pautado em princ\u00edpios \u00e9ticos. Este enfermeiro dever\u00e1 ser capaz de conhecer e intervir sobre os problemas\/situa\u00e7\u00f5es de sa\u00fade-doen\u00e7a mais prevalentes no perfil epidemiol\u00f3gico nacional, com \u00eanfase na sua regi\u00e3o de atua\u00e7\u00e3o, identificando as dimens\u00f5es biopsicossociais dos seus determinantes.<\/p>\n<p>&nbsp;<\/p>\n<p><b>\u00c1reas de atua\u00e7\u00e3o: <\/b><\/p>\n<p>Aten\u00e7\u00e3o b\u00e1sica e hospitalar; ambulat\u00f3rios; servi\u00e7os de urg\u00eancia e emerg\u00eancia; consult\u00f3rios e cl\u00ednicas especializadas.<\/p>\n<p>&nbsp;<\/p>\n<p><b>Informa\u00e7\u00f5es gerais:<\/b><br \/>\n<b>Modalidade: <\/b>Bacharelado presencial<br \/>\n<b>Dura\u00e7\u00e3o: <\/b>10 Semestres (cinco anos)<br \/>\n<b>Per\u00edodo: <\/b>Noturno<br \/>\n<b>Entrada: <\/b>Anual<br \/>\n<b>N\u00famero de vagas: <\/b>100<\/p>\n<table border=\"0\">\n<tbody>\n<tr>\n<td>\n<p style=\"text-align: center\"><img loading=\"lazy\" decoding=\"async\" class=\"wp-image-2881 aligncenter\" src=\"http:\/\/portal.unisepe.com.br\/univr\/wp-content\/uploads\/sites\/10004\/2018\/12\/Selo-editora-abril-2018.png\" alt=\"\" width=\"327\" height=\"193\" srcset=\"https:\/\/portal.unisepe.com.br\/univr\/wp-content\/uploads\/sites\/10004\/2018\/12\/Selo-editora-abril-2018.png 740w, https:\/\/portal.unisepe.com.br\/univr\/wp-content\/uploads\/sites\/10004\/2018\/12\/Selo-editora-abril-2018-300x177.png 300w\" sizes=\"auto, (max-width: 327px) 100vw, 327px\" \/><\/p>\n<\/td>\n<td>\n<p style=\"text-align: center\"><img loading=\"lazy\" decoding=\"async\" class=\"aligncenter\" src=\"http:\/\/portal.unisepe.com.br\/univr\/wp-content\/uploads\/sites\/10004\/2018\/04\/selos_ge2017-1024x603.png\" width=\"327\" height=\"193\" \/><\/p>\n<\/td>\n<\/tr>\n<\/tbody>\n<\/table>\n","protected":false},"excerpt":{"rendered":"<p>Objetivos: O objetivo geral do curso de Bacharelado em Enfermagem do\u00a0Centro Universit\u00e1rio do Vale do Ribeira \u00e9 formar enfermeiro com habilidades e compet\u00eancias para intervir nos determinantes e condicionantes de sa\u00fade local e nacional, atuar na administra\u00e7\u00e3o e gerenciamento de servi\u00e7os de sa\u00fade, resguardar o c\u00f3digo de \u00e9tica e a<\/p>\n","protected":false},"author":1,"featured_media":0,"parent":0,"menu_order":0,"comment_status":"closed","ping_status":"closed","template":"templates\/template-curso_menu_vertical.php","meta":{"footnotes":""},"categories":[143],"tags":[148],"class_list":["post-377","page","type-page","status-publish","hentry","category-cursos-graduacao-presencial","tag-cursos-bacharelado"],"_links":{"self":[{"href":"https:\/\/portal.unisepe.com.br\/univr\/wp-json\/wp\/v2\/pages\/377","targetHints":{"allow":["GET"]}}],"collection":[{"href":"https:\/\/portal.unisepe.com.br\/univr\/wp-json\/wp\/v2\/pages"}],"about":[{"href":"https:\/\/portal.unisepe.com.br\/univr\/wp-json\/wp\/v2\/types\/page"}],"author":[{"embeddable":true,"href":"https:\/\/portal.unisepe.com.br\/univr\/wp-json\/wp\/v2\/users\/1"}],"replies":[{"embeddable":true,"href":"https:\/\/portal.unisepe.com.br\/univr\/wp-json\/wp\/v2\/comments?post=377"}],"version-history":[{"count":43,"href":"https:\/\/portal.unisepe.com.br\/univr\/wp-json\/wp\/v2\/pages\/377\/revisions"}],"predecessor-version":[{"id":4750,"href":"https:\/\/portal.unisepe.com.br\/univr\/wp-json\/wp\/v2\/pages\/377\/revisions\/4750"}],"wp:attachment":[{"href":"https:\/\/portal.unisepe.com.br\/univr\/wp-json\/wp\/v2\/media?parent=377"}],"wp:term":[{"taxonomy":"category","embeddable":true,"href":"https:\/\/portal.unisepe.com.br\/univr\/wp-json\/wp\/v2\/categories?post=377"},{"taxonomy":"post_tag","embeddable":true,"href":"https:\/\/portal.unisepe.com.br\/univr\/wp-json\/wp\/v2\/tags?post=377"}],"curies":[{"name":"wp","href":"https:\/\/api.w.org\/{rel}","templated":true}]}}